{"id":991,"date":"2023-09-11T09:18:25","date_gmt":"2023-09-11T07:18:25","guid":{"rendered":"http:\/\/localhost:8888\/hgm\/mapa-de-pistas-3\/"},"modified":"2024-04-09T09:49:22","modified_gmt":"2024-04-09T07:49:22","slug":"mapa-de-pistas-luchon-superbagneres","status":"publish","type":"page","link":"http:\/\/stationdg.cluster015.ovh.net\/es\/estaciones\/luchon-superbagneres\/mapa-de-pistas-luchon-superbagneres\/","title":{"rendered":"Mapa de pistas"},"content":{"rendered":"<p>\u00a1Sigue en directo la apertura de pistas y remontes! Tan pronto como se abre la zona de esqu\u00ed, la informaci\u00f3n de apertura del mapa de pistas se actualiza en tiempo real.<\/p>\n","protected":false},"excerpt":{"rendered":"<p>\u00a1Sigue en directo la apertura de pistas y remontes! Tan pronto como se abre la zona de esqu\u00ed, la informaci\u00f3n de apertura del mapa de pistas se actualiza en tiempo [&hellip;]<\/p>\n","protected":false},"author":1,"featured_media":883,"parent":1070,"menu_order":0,"comment_status":"closed","ping_status":"closed","template":"templates\/plan-des-pistes.php","meta":{"_acf_changed":false,"footnotes":""},"class_list":["post-991","page","type-page","status-publish","has-post-thumbnail","hentry"],"acf":[],"yoast_head":"<!-- This site is optimized with the Yoast SEO plugin v27.5 - https:\/\/yoast.com\/product\/yoast-seo-wordpress\/ -->\n<title>Plan des pistes - Haute-Garonne Montagne<\/title>\n<meta name=\"description\" content=\"Mapa de pistas en tiempo real de la emblem\u00e1tica estaci\u00f3n de esqu\u00ed pirenaica de Luchon-Superbagn\u00e8res en Alto Garona\" \/>\n<meta name=\"robots\" content=\"index, follow, max-snippet:-1, max-image-preview:large, max-video-preview:-1\" \/>\n<link rel=\"canonical\" href=\"http:\/\/stationdg.cluster015.ovh.net\/es\/estaciones\/luchon-superbagneres\/mapa-de-pistas-luchon-superbagneres\/\" \/>\n<meta property=\"og:locale\" content=\"es_ES\" \/>\n<meta property=\"og:type\" content=\"article\" \/>\n<meta property=\"og:title\" content=\"Plan des pistes - Haute-Garonne Montagne\" \/>\n<meta property=\"og:description\" content=\"Mapa de pistas en tiempo real de la emblem\u00e1tica estaci\u00f3n de esqu\u00ed pirenaica de Luchon-Superbagn\u00e8res en Alto Garona\" \/>\n<meta property=\"og:url\" content=\"http:\/\/stationdg.cluster015.ovh.net\/es\/estaciones\/luchon-superbagneres\/mapa-de-pistas-luchon-superbagneres\/\" \/>\n<meta property=\"og:site_name\" content=\"Haute-Garonne Montagne\" \/>\n<meta property=\"article:modified_time\" content=\"2024-04-09T07:49:22+00:00\" \/>\n<meta property=\"og:image\" content=\"http:\/\/stationdg.cluster015.ovh.net\/wp-content\/uploads\/superbagneres_neige_sapins_station-de-ski-scaled.jpg\" \/>\n\t<meta property=\"og:image:width\" content=\"2560\" \/>\n\t<meta property=\"og:image:height\" content=\"1452\" \/>\n\t<meta property=\"og:image:type\" content=\"image\/jpeg\" \/>\n<meta name=\"twitter:card\" content=\"summary_large_image\" \/>\n<script type=\"application\/ld+json\" class=\"yoast-schema-graph\">{\"@context\":\"https:\\\/\\\/schema.org\",\"@graph\":[{\"@type\":\"WebPage\",\"@id\":\"http:\\\/\\\/stationdg.cluster015.ovh.net\\\/es\\\/estaciones\\\/luchon-superbagneres\\\/mapa-de-pistas-luchon-superbagneres\\\/\",\"url\":\"http:\\\/\\\/stationdg.cluster015.ovh.net\\\/es\\\/estaciones\\\/luchon-superbagneres\\\/mapa-de-pistas-luchon-superbagneres\\\/\",\"name\":\"Plan des pistes - Haute-Garonne Montagne\",\"isPartOf\":{\"@id\":\"https:\\\/\\\/stationdg.cluster015.ovh.net\\\/es\\\/#website\"},\"primaryImageOfPage\":{\"@id\":\"http:\\\/\\\/stationdg.cluster015.ovh.net\\\/es\\\/estaciones\\\/luchon-superbagneres\\\/mapa-de-pistas-luchon-superbagneres\\\/#primaryimage\"},\"image\":{\"@id\":\"http:\\\/\\\/stationdg.cluster015.ovh.net\\\/es\\\/estaciones\\\/luchon-superbagneres\\\/mapa-de-pistas-luchon-superbagneres\\\/#primaryimage\"},\"thumbnailUrl\":\"http:\\\/\\\/stationdg.cluster015.ovh.net\\\/wp-content\\\/uploads\\\/superbagneres_neige_sapins_station-de-ski-scaled.jpg\",\"datePublished\":\"2023-09-11T07:18:25+00:00\",\"dateModified\":\"2024-04-09T07:49:22+00:00\",\"description\":\"Mapa de pistas en tiempo real de la emblem\u00e1tica estaci\u00f3n de esqu\u00ed pirenaica de Luchon-Superbagn\u00e8res en Alto Garona\",\"breadcrumb\":{\"@id\":\"http:\\\/\\\/stationdg.cluster015.ovh.net\\\/es\\\/estaciones\\\/luchon-superbagneres\\\/mapa-de-pistas-luchon-superbagneres\\\/#breadcrumb\"},\"inLanguage\":\"es\",\"potentialAction\":[{\"@type\":\"ReadAction\",\"target\":[\"http:\\\/\\\/stationdg.cluster015.ovh.net\\\/es\\\/estaciones\\\/luchon-superbagneres\\\/mapa-de-pistas-luchon-superbagneres\\\/\"]}]},{\"@type\":\"ImageObject\",\"inLanguage\":\"es\",\"@id\":\"http:\\\/\\\/stationdg.cluster015.ovh.net\\\/es\\\/estaciones\\\/luchon-superbagneres\\\/mapa-de-pistas-luchon-superbagneres\\\/#primaryimage\",\"url\":\"http:\\\/\\\/stationdg.cluster015.ovh.net\\\/wp-content\\\/uploads\\\/superbagneres_neige_sapins_station-de-ski-scaled.jpg\",\"contentUrl\":\"http:\\\/\\\/stationdg.cluster015.ovh.net\\\/wp-content\\\/uploads\\\/superbagneres_neige_sapins_station-de-ski-scaled.jpg\",\"width\":2560,\"height\":1452,\"caption\":\"Station de ski de superbagneres sous une couche de neige fraiche et le soleil levant sur la vall\u00e9e de luchon dans les pyr\u00e9n\u00e9es\"},{\"@type\":\"BreadcrumbList\",\"@id\":\"http:\\\/\\\/stationdg.cluster015.ovh.net\\\/es\\\/estaciones\\\/luchon-superbagneres\\\/mapa-de-pistas-luchon-superbagneres\\\/#breadcrumb\",\"itemListElement\":[{\"@type\":\"ListItem\",\"position\":1,\"name\":\"Accueil\",\"item\":\"http:\\\/\\\/stationdg.cluster015.ovh.net\\\/es\\\/\"},{\"@type\":\"ListItem\",\"position\":2,\"name\":\"Las estaciones\",\"item\":\"https:\\\/\\\/stationdg.cluster015.ovh.net\\\/es\\\/estaciones\\\/\"},{\"@type\":\"ListItem\",\"position\":3,\"name\":\"Luchon-Superbagn\u00e8res\",\"item\":\"https:\\\/\\\/stationdg.cluster015.ovh.net\\\/es\\\/estaciones\\\/luchon-superbagneres\\\/\"},{\"@type\":\"ListItem\",\"position\":4,\"name\":\"Mapa de pistas\"}]},{\"@type\":\"WebSite\",\"@id\":\"https:\\\/\\\/stationdg.cluster015.ovh.net\\\/es\\\/#website\",\"url\":\"https:\\\/\\\/stationdg.cluster015.ovh.net\\\/es\\\/\",\"name\":\"Haute-Garonne Montagne\",\"description\":\"Luchon-Superbagn\u00e8res - Le Mourtis - Bourg d&#039;Oueil\",\"publisher\":{\"@id\":\"https:\\\/\\\/stationdg.cluster015.ovh.net\\\/es\\\/#organization\"},\"potentialAction\":[{\"@type\":\"SearchAction\",\"target\":{\"@type\":\"EntryPoint\",\"urlTemplate\":\"https:\\\/\\\/stationdg.cluster015.ovh.net\\\/es\\\/?s={search_term_string}\"},\"query-input\":{\"@type\":\"PropertyValueSpecification\",\"valueRequired\":true,\"valueName\":\"search_term_string\"}}],\"inLanguage\":\"es\"},{\"@type\":\"Organization\",\"@id\":\"https:\\\/\\\/stationdg.cluster015.ovh.net\\\/es\\\/#organization\",\"name\":\"Haute-Garonne Montagne\",\"url\":\"https:\\\/\\\/stationdg.cluster015.ovh.net\\\/es\\\/\",\"logo\":{\"@type\":\"ImageObject\",\"inLanguage\":\"es\",\"@id\":\"https:\\\/\\\/stationdg.cluster015.ovh.net\\\/es\\\/#\\\/schema\\\/logo\\\/image\\\/\",\"url\":\"https:\\\/\\\/haute-garonne-montagne.com\\\/wp-content\\\/uploads\\\/logo-hgm.png\",\"contentUrl\":\"https:\\\/\\\/haute-garonne-montagne.com\\\/wp-content\\\/uploads\\\/logo-hgm.png\",\"width\":520,\"height\":520,\"caption\":\"Haute-Garonne Montagne\"},\"image\":{\"@id\":\"https:\\\/\\\/stationdg.cluster015.ovh.net\\\/es\\\/#\\\/schema\\\/logo\\\/image\\\/\"}}]}<\/script>\n<!-- \/ Yoast SEO plugin. -->","yoast_head_json":{"title":"Plan des pistes - Haute-Garonne Montagne","description":"Mapa de pistas en tiempo real de la emblem\u00e1tica estaci\u00f3n de esqu\u00ed pirenaica de Luchon-Superbagn\u00e8res en Alto Garona","robots":{"index":"index","follow":"follow","max-snippet":"max-snippet:-1","max-image-preview":"max-image-preview:large","max-video-preview":"max-video-preview:-1"},"canonical":"http:\/\/stationdg.cluster015.ovh.net\/es\/estaciones\/luchon-superbagneres\/mapa-de-pistas-luchon-superbagneres\/","og_locale":"es_ES","og_type":"article","og_title":"Plan des pistes - Haute-Garonne Montagne","og_description":"Mapa de pistas en tiempo real de la emblem\u00e1tica estaci\u00f3n de esqu\u00ed pirenaica de Luchon-Superbagn\u00e8res en Alto Garona","og_url":"http:\/\/stationdg.cluster015.ovh.net\/es\/estaciones\/luchon-superbagneres\/mapa-de-pistas-luchon-superbagneres\/","og_site_name":"Haute-Garonne Montagne","article_modified_time":"2024-04-09T07:49:22+00:00","og_image":[{"width":2560,"height":1452,"url":"http:\/\/stationdg.cluster015.ovh.net\/wp-content\/uploads\/superbagneres_neige_sapins_station-de-ski-scaled.jpg","type":"image\/jpeg"}],"twitter_card":"summary_large_image","schema":{"@context":"https:\/\/schema.org","@graph":[{"@type":"WebPage","@id":"http:\/\/stationdg.cluster015.ovh.net\/es\/estaciones\/luchon-superbagneres\/mapa-de-pistas-luchon-superbagneres\/","url":"http:\/\/stationdg.cluster015.ovh.net\/es\/estaciones\/luchon-superbagneres\/mapa-de-pistas-luchon-superbagneres\/","name":"Plan des pistes - Haute-Garonne Montagne","isPartOf":{"@id":"https:\/\/stationdg.cluster015.ovh.net\/es\/#website"},"primaryImageOfPage":{"@id":"http:\/\/stationdg.cluster015.ovh.net\/es\/estaciones\/luchon-superbagneres\/mapa-de-pistas-luchon-superbagneres\/#primaryimage"},"image":{"@id":"http:\/\/stationdg.cluster015.ovh.net\/es\/estaciones\/luchon-superbagneres\/mapa-de-pistas-luchon-superbagneres\/#primaryimage"},"thumbnailUrl":"http:\/\/stationdg.cluster015.ovh.net\/wp-content\/uploads\/superbagneres_neige_sapins_station-de-ski-scaled.jpg","datePublished":"2023-09-11T07:18:25+00:00","dateModified":"2024-04-09T07:49:22+00:00","description":"Mapa de pistas en tiempo real de la emblem\u00e1tica estaci\u00f3n de esqu\u00ed pirenaica de Luchon-Superbagn\u00e8res en Alto Garona","breadcrumb":{"@id":"http:\/\/stationdg.cluster015.ovh.net\/es\/estaciones\/luchon-superbagneres\/mapa-de-pistas-luchon-superbagneres\/#breadcrumb"},"inLanguage":"es","potentialAction":[{"@type":"ReadAction","target":["http:\/\/stationdg.cluster015.ovh.net\/es\/estaciones\/luchon-superbagneres\/mapa-de-pistas-luchon-superbagneres\/"]}]},{"@type":"ImageObject","inLanguage":"es","@id":"http:\/\/stationdg.cluster015.ovh.net\/es\/estaciones\/luchon-superbagneres\/mapa-de-pistas-luchon-superbagneres\/#primaryimage","url":"http:\/\/stationdg.cluster015.ovh.net\/wp-content\/uploads\/superbagneres_neige_sapins_station-de-ski-scaled.jpg","contentUrl":"http:\/\/stationdg.cluster015.ovh.net\/wp-content\/uploads\/superbagneres_neige_sapins_station-de-ski-scaled.jpg","width":2560,"height":1452,"caption":"Station de ski de superbagneres sous une couche de neige fraiche et le soleil levant sur la vall\u00e9e de luchon dans les pyr\u00e9n\u00e9es"},{"@type":"BreadcrumbList","@id":"http:\/\/stationdg.cluster015.ovh.net\/es\/estaciones\/luchon-superbagneres\/mapa-de-pistas-luchon-superbagneres\/#breadcrumb","itemListElement":[{"@type":"ListItem","position":1,"name":"Accueil","item":"http:\/\/stationdg.cluster015.ovh.net\/es\/"},{"@type":"ListItem","position":2,"name":"Las estaciones","item":"https:\/\/stationdg.cluster015.ovh.net\/es\/estaciones\/"},{"@type":"ListItem","position":3,"name":"Luchon-Superbagn\u00e8res","item":"https:\/\/stationdg.cluster015.ovh.net\/es\/estaciones\/luchon-superbagneres\/"},{"@type":"ListItem","position":4,"name":"Mapa de pistas"}]},{"@type":"WebSite","@id":"https:\/\/stationdg.cluster015.ovh.net\/es\/#website","url":"https:\/\/stationdg.cluster015.ovh.net\/es\/","name":"Haute-Garonne Montagne","description":"Luchon-Superbagn\u00e8res - Le Mourtis - Bourg d&#039;Oueil","publisher":{"@id":"https:\/\/stationdg.cluster015.ovh.net\/es\/#organization"},"potentialAction":[{"@type":"SearchAction","target":{"@type":"EntryPoint","urlTemplate":"https:\/\/stationdg.cluster015.ovh.net\/es\/?s={search_term_string}"},"query-input":{"@type":"PropertyValueSpecification","valueRequired":true,"valueName":"search_term_string"}}],"inLanguage":"es"},{"@type":"Organization","@id":"https:\/\/stationdg.cluster015.ovh.net\/es\/#organization","name":"Haute-Garonne Montagne","url":"https:\/\/stationdg.cluster015.ovh.net\/es\/","logo":{"@type":"ImageObject","inLanguage":"es","@id":"https:\/\/stationdg.cluster015.ovh.net\/es\/#\/schema\/logo\/image\/","url":"https:\/\/haute-garonne-montagne.com\/wp-content\/uploads\/logo-hgm.png","contentUrl":"https:\/\/haute-garonne-montagne.com\/wp-content\/uploads\/logo-hgm.png","width":520,"height":520,"caption":"Haute-Garonne Montagne"},"image":{"@id":"https:\/\/stationdg.cluster015.ovh.net\/es\/#\/schema\/logo\/image\/"}}]}},"_links":{"self":[{"href":"http:\/\/stationdg.cluster015.ovh.net\/es\/wp-json\/wp\/v2\/pages\/991","targetHints":{"allow":["GET"]}}],"collection":[{"href":"http:\/\/stationdg.cluster015.ovh.net\/es\/wp-json\/wp\/v2\/pages"}],"about":[{"href":"http:\/\/stationdg.cluster015.ovh.net\/es\/wp-json\/wp\/v2\/types\/page"}],"author":[{"embeddable":true,"href":"http:\/\/stationdg.cluster015.ovh.net\/es\/wp-json\/wp\/v2\/users\/1"}],"replies":[{"embeddable":true,"href":"http:\/\/stationdg.cluster015.ovh.net\/es\/wp-json\/wp\/v2\/comments?post=991"}],"version-history":[{"count":0,"href":"http:\/\/stationdg.cluster015.ovh.net\/es\/wp-json\/wp\/v2\/pages\/991\/revisions"}],"up":[{"embeddable":true,"href":"http:\/\/stationdg.cluster015.ovh.net\/es\/wp-json\/wp\/v2\/pages\/1070"}],"wp:featuredmedia":[{"embeddable":true,"href":"http:\/\/stationdg.cluster015.ovh.net\/es\/wp-json\/wp\/v2\/media\/883"}],"wp:attachment":[{"href":"http:\/\/stationdg.cluster015.ovh.net\/es\/wp-json\/wp\/v2\/media?parent=991"}],"curies":[{"name":"wp","href":"https:\/\/api.w.org\/{rel}","templated":true}]}}