{"id":987,"date":"2023-09-07T15:02:43","date_gmt":"2023-09-07T13:02:43","guid":{"rendered":"http:\/\/localhost:8888\/hgm\/acceso-a-la-estacion-3\/"},"modified":"2024-04-09T09:45:30","modified_gmt":"2024-04-09T07:45:30","slug":"acceso-a-la-estacion-luchon-superbagneres","status":"publish","type":"page","link":"http:\/\/stationdg.cluster015.ovh.net\/es\/estaciones\/luchon-superbagneres\/acceso-a-la-estacion-luchon-superbagneres\/","title":{"rendered":"Acceso a la estaci\u00f3n"},"content":{"rendered":"<p><strong>F\u00e1cil acceso a Luchon-Superbagn\u00e8res en telef\u00e9rico<\/strong><\/p>\n<p>Bienvenido a nuestra gu\u00eda pr\u00e1ctica para llegar a Luchon-Superbagn\u00e8res. En esta secci\u00f3n le ofrecemos informaci\u00f3n detallada para facilitarle el viaje. Tanto si es un avezado aficionado a los deportes de invierno como un novato en busca de aventuras, le guiaremos paso a paso para garantizarle un f\u00e1cil acceso a esta magn\u00edfica estaci\u00f3n enclavada en el coraz\u00f3n de los Pirineos. Siga nuestros consejos y sugerencias para aprovechar al m\u00e1ximo su estancia en Luchon-Superbagn\u00e8res desde el momento de su llegada.<\/p>\n","protected":false},"excerpt":{"rendered":"<p>F\u00e1cil acceso a Luchon-Superbagn\u00e8res en telef\u00e9rico Bienvenido a nuestra gu\u00eda pr\u00e1ctica para llegar a Luchon-Superbagn\u00e8res. En esta secci\u00f3n le ofrecemos informaci\u00f3n detallada para facilitarle el viaje. Tanto si es un [&hellip;]<\/p>\n","protected":false},"author":1,"featured_media":1471,"parent":1070,"menu_order":0,"comment_status":"closed","ping_status":"closed","template":"templates\/acces-station.php","meta":{"_acf_changed":false,"footnotes":""},"class_list":["post-987","page","type-page","status-publish","has-post-thumbnail","hentry"],"acf":[],"yoast_head":"<!-- This site is optimized with the Yoast SEO plugin v27.5 - https:\/\/yoast.com\/product\/yoast-seo-wordpress\/ -->\n<title>Acc\u00e8s station Superbagn\u00e8res - Haute-Garonne Montagne<\/title>\n<meta name=\"description\" content=\"Para planificar bien su estancia, la p\u00e1gina de acceso a la estaci\u00f3n de Superbagn\u00e8res en telef\u00e9rico mediante lanzadera desde el aparcamiento de la estaci\u00f3n\" \/>\n<meta name=\"robots\" content=\"index, follow, max-snippet:-1, max-image-preview:large, max-video-preview:-1\" \/>\n<link rel=\"canonical\" href=\"http:\/\/stationdg.cluster015.ovh.net\/es\/estaciones\/luchon-superbagneres\/acceso-a-la-estacion-luchon-superbagneres\/\" \/>\n<meta property=\"og:locale\" content=\"es_ES\" \/>\n<meta property=\"og:type\" content=\"article\" \/>\n<meta property=\"og:title\" content=\"Acc\u00e8s station Superbagn\u00e8res - Haute-Garonne Montagne\" \/>\n<meta property=\"og:description\" content=\"Para planificar bien su estancia, la p\u00e1gina de acceso a la estaci\u00f3n de Superbagn\u00e8res en telef\u00e9rico mediante lanzadera desde el aparcamiento de la estaci\u00f3n\" \/>\n<meta property=\"og:url\" content=\"http:\/\/stationdg.cluster015.ovh.net\/es\/estaciones\/luchon-superbagneres\/acceso-a-la-estacion-luchon-superbagneres\/\" \/>\n<meta property=\"og:site_name\" content=\"Haute-Garonne Montagne\" \/>\n<meta property=\"article:modified_time\" content=\"2024-04-09T07:45:30+00:00\" \/>\n<meta property=\"og:image\" content=\"https:\/\/stationdg.cluster015.ovh.net\/wp-content\/uploads\/NAVETTE-GRATUITE.png\" \/>\n\t<meta property=\"og:image:width\" content=\"2000\" \/>\n\t<meta property=\"og:image:height\" content=\"1414\" \/>\n\t<meta property=\"og:image:type\" content=\"image\/png\" \/>\n<meta name=\"twitter:card\" content=\"summary_large_image\" \/>\n<script type=\"application\/ld+json\" class=\"yoast-schema-graph\">{\"@context\":\"https:\\\/\\\/schema.org\",\"@graph\":[{\"@type\":\"WebPage\",\"@id\":\"http:\\\/\\\/stationdg.cluster015.ovh.net\\\/es\\\/estaciones\\\/luchon-superbagneres\\\/acceso-a-la-estacion-luchon-superbagneres\\\/\",\"url\":\"http:\\\/\\\/stationdg.cluster015.ovh.net\\\/es\\\/estaciones\\\/luchon-superbagneres\\\/acceso-a-la-estacion-luchon-superbagneres\\\/\",\"name\":\"Acc\u00e8s station Superbagn\u00e8res - Haute-Garonne Montagne\",\"isPartOf\":{\"@id\":\"https:\\\/\\\/stationdg.cluster015.ovh.net\\\/es\\\/#website\"},\"primaryImageOfPage\":{\"@id\":\"http:\\\/\\\/stationdg.cluster015.ovh.net\\\/es\\\/estaciones\\\/luchon-superbagneres\\\/acceso-a-la-estacion-luchon-superbagneres\\\/#primaryimage\"},\"image\":{\"@id\":\"http:\\\/\\\/stationdg.cluster015.ovh.net\\\/es\\\/estaciones\\\/luchon-superbagneres\\\/acceso-a-la-estacion-luchon-superbagneres\\\/#primaryimage\"},\"thumbnailUrl\":\"http:\\\/\\\/stationdg.cluster015.ovh.net\\\/wp-content\\\/uploads\\\/NAVETTE-GRATUITE.png\",\"datePublished\":\"2023-09-07T13:02:43+00:00\",\"dateModified\":\"2024-04-09T07:45:30+00:00\",\"description\":\"Para planificar bien su estancia, la p\u00e1gina de acceso a la estaci\u00f3n de Superbagn\u00e8res en telef\u00e9rico mediante lanzadera desde el aparcamiento de la estaci\u00f3n\",\"breadcrumb\":{\"@id\":\"http:\\\/\\\/stationdg.cluster015.ovh.net\\\/es\\\/estaciones\\\/luchon-superbagneres\\\/acceso-a-la-estacion-luchon-superbagneres\\\/#breadcrumb\"},\"inLanguage\":\"es\",\"potentialAction\":[{\"@type\":\"ReadAction\",\"target\":[\"http:\\\/\\\/stationdg.cluster015.ovh.net\\\/es\\\/estaciones\\\/luchon-superbagneres\\\/acceso-a-la-estacion-luchon-superbagneres\\\/\"]}]},{\"@type\":\"ImageObject\",\"inLanguage\":\"es\",\"@id\":\"http:\\\/\\\/stationdg.cluster015.ovh.net\\\/es\\\/estaciones\\\/luchon-superbagneres\\\/acceso-a-la-estacion-luchon-superbagneres\\\/#primaryimage\",\"url\":\"http:\\\/\\\/stationdg.cluster015.ovh.net\\\/wp-content\\\/uploads\\\/NAVETTE-GRATUITE.png\",\"contentUrl\":\"http:\\\/\\\/stationdg.cluster015.ovh.net\\\/wp-content\\\/uploads\\\/NAVETTE-GRATUITE.png\",\"width\":2000,\"height\":1414},{\"@type\":\"BreadcrumbList\",\"@id\":\"http:\\\/\\\/stationdg.cluster015.ovh.net\\\/es\\\/estaciones\\\/luchon-superbagneres\\\/acceso-a-la-estacion-luchon-superbagneres\\\/#breadcrumb\",\"itemListElement\":[{\"@type\":\"ListItem\",\"position\":1,\"name\":\"Accueil\",\"item\":\"http:\\\/\\\/stationdg.cluster015.ovh.net\\\/es\\\/\"},{\"@type\":\"ListItem\",\"position\":2,\"name\":\"Las estaciones\",\"item\":\"https:\\\/\\\/stationdg.cluster015.ovh.net\\\/es\\\/estaciones\\\/\"},{\"@type\":\"ListItem\",\"position\":3,\"name\":\"Luchon-Superbagn\u00e8res\",\"item\":\"https:\\\/\\\/stationdg.cluster015.ovh.net\\\/es\\\/estaciones\\\/luchon-superbagneres\\\/\"},{\"@type\":\"ListItem\",\"position\":4,\"name\":\"Acceso a la estaci\u00f3n\"}]},{\"@type\":\"WebSite\",\"@id\":\"https:\\\/\\\/stationdg.cluster015.ovh.net\\\/es\\\/#website\",\"url\":\"https:\\\/\\\/stationdg.cluster015.ovh.net\\\/es\\\/\",\"name\":\"Haute-Garonne Montagne\",\"description\":\"Luchon-Superbagn\u00e8res - Le Mourtis - Bourg d&#039;Oueil\",\"publisher\":{\"@id\":\"https:\\\/\\\/stationdg.cluster015.ovh.net\\\/es\\\/#organization\"},\"potentialAction\":[{\"@type\":\"SearchAction\",\"target\":{\"@type\":\"EntryPoint\",\"urlTemplate\":\"https:\\\/\\\/stationdg.cluster015.ovh.net\\\/es\\\/?s={search_term_string}\"},\"query-input\":{\"@type\":\"PropertyValueSpecification\",\"valueRequired\":true,\"valueName\":\"search_term_string\"}}],\"inLanguage\":\"es\"},{\"@type\":\"Organization\",\"@id\":\"https:\\\/\\\/stationdg.cluster015.ovh.net\\\/es\\\/#organization\",\"name\":\"Haute-Garonne Montagne\",\"url\":\"https:\\\/\\\/stationdg.cluster015.ovh.net\\\/es\\\/\",\"logo\":{\"@type\":\"ImageObject\",\"inLanguage\":\"es\",\"@id\":\"https:\\\/\\\/stationdg.cluster015.ovh.net\\\/es\\\/#\\\/schema\\\/logo\\\/image\\\/\",\"url\":\"https:\\\/\\\/haute-garonne-montagne.com\\\/wp-content\\\/uploads\\\/logo-hgm.png\",\"contentUrl\":\"https:\\\/\\\/haute-garonne-montagne.com\\\/wp-content\\\/uploads\\\/logo-hgm.png\",\"width\":520,\"height\":520,\"caption\":\"Haute-Garonne Montagne\"},\"image\":{\"@id\":\"https:\\\/\\\/stationdg.cluster015.ovh.net\\\/es\\\/#\\\/schema\\\/logo\\\/image\\\/\"}}]}<\/script>\n<!-- \/ Yoast SEO plugin. -->","yoast_head_json":{"title":"Acc\u00e8s station Superbagn\u00e8res - Haute-Garonne Montagne","description":"Para planificar bien su estancia, la p\u00e1gina de acceso a la estaci\u00f3n de Superbagn\u00e8res en telef\u00e9rico mediante lanzadera desde el aparcamiento de la estaci\u00f3n","robots":{"index":"index","follow":"follow","max-snippet":"max-snippet:-1","max-image-preview":"max-image-preview:large","max-video-preview":"max-video-preview:-1"},"canonical":"http:\/\/stationdg.cluster015.ovh.net\/es\/estaciones\/luchon-superbagneres\/acceso-a-la-estacion-luchon-superbagneres\/","og_locale":"es_ES","og_type":"article","og_title":"Acc\u00e8s station Superbagn\u00e8res - Haute-Garonne Montagne","og_description":"Para planificar bien su estancia, la p\u00e1gina de acceso a la estaci\u00f3n de Superbagn\u00e8res en telef\u00e9rico mediante lanzadera desde el aparcamiento de la estaci\u00f3n","og_url":"http:\/\/stationdg.cluster015.ovh.net\/es\/estaciones\/luchon-superbagneres\/acceso-a-la-estacion-luchon-superbagneres\/","og_site_name":"Haute-Garonne Montagne","article_modified_time":"2024-04-09T07:45:30+00:00","og_image":[{"width":2000,"height":1414,"url":"https:\/\/stationdg.cluster015.ovh.net\/wp-content\/uploads\/NAVETTE-GRATUITE.png","type":"image\/png"}],"twitter_card":"summary_large_image","schema":{"@context":"https:\/\/schema.org","@graph":[{"@type":"WebPage","@id":"http:\/\/stationdg.cluster015.ovh.net\/es\/estaciones\/luchon-superbagneres\/acceso-a-la-estacion-luchon-superbagneres\/","url":"http:\/\/stationdg.cluster015.ovh.net\/es\/estaciones\/luchon-superbagneres\/acceso-a-la-estacion-luchon-superbagneres\/","name":"Acc\u00e8s station Superbagn\u00e8res - Haute-Garonne Montagne","isPartOf":{"@id":"https:\/\/stationdg.cluster015.ovh.net\/es\/#website"},"primaryImageOfPage":{"@id":"http:\/\/stationdg.cluster015.ovh.net\/es\/estaciones\/luchon-superbagneres\/acceso-a-la-estacion-luchon-superbagneres\/#primaryimage"},"image":{"@id":"http:\/\/stationdg.cluster015.ovh.net\/es\/estaciones\/luchon-superbagneres\/acceso-a-la-estacion-luchon-superbagneres\/#primaryimage"},"thumbnailUrl":"http:\/\/stationdg.cluster015.ovh.net\/wp-content\/uploads\/NAVETTE-GRATUITE.png","datePublished":"2023-09-07T13:02:43+00:00","dateModified":"2024-04-09T07:45:30+00:00","description":"Para planificar bien su estancia, la p\u00e1gina de acceso a la estaci\u00f3n de Superbagn\u00e8res en telef\u00e9rico mediante lanzadera desde el aparcamiento de la estaci\u00f3n","breadcrumb":{"@id":"http:\/\/stationdg.cluster015.ovh.net\/es\/estaciones\/luchon-superbagneres\/acceso-a-la-estacion-luchon-superbagneres\/#breadcrumb"},"inLanguage":"es","potentialAction":[{"@type":"ReadAction","target":["http:\/\/stationdg.cluster015.ovh.net\/es\/estaciones\/luchon-superbagneres\/acceso-a-la-estacion-luchon-superbagneres\/"]}]},{"@type":"ImageObject","inLanguage":"es","@id":"http:\/\/stationdg.cluster015.ovh.net\/es\/estaciones\/luchon-superbagneres\/acceso-a-la-estacion-luchon-superbagneres\/#primaryimage","url":"http:\/\/stationdg.cluster015.ovh.net\/wp-content\/uploads\/NAVETTE-GRATUITE.png","contentUrl":"http:\/\/stationdg.cluster015.ovh.net\/wp-content\/uploads\/NAVETTE-GRATUITE.png","width":2000,"height":1414},{"@type":"BreadcrumbList","@id":"http:\/\/stationdg.cluster015.ovh.net\/es\/estaciones\/luchon-superbagneres\/acceso-a-la-estacion-luchon-superbagneres\/#breadcrumb","itemListElement":[{"@type":"ListItem","position":1,"name":"Accueil","item":"http:\/\/stationdg.cluster015.ovh.net\/es\/"},{"@type":"ListItem","position":2,"name":"Las estaciones","item":"https:\/\/stationdg.cluster015.ovh.net\/es\/estaciones\/"},{"@type":"ListItem","position":3,"name":"Luchon-Superbagn\u00e8res","item":"https:\/\/stationdg.cluster015.ovh.net\/es\/estaciones\/luchon-superbagneres\/"},{"@type":"ListItem","position":4,"name":"Acceso a la estaci\u00f3n"}]},{"@type":"WebSite","@id":"https:\/\/stationdg.cluster015.ovh.net\/es\/#website","url":"https:\/\/stationdg.cluster015.ovh.net\/es\/","name":"Haute-Garonne Montagne","description":"Luchon-Superbagn\u00e8res - Le Mourtis - Bourg d&#039;Oueil","publisher":{"@id":"https:\/\/stationdg.cluster015.ovh.net\/es\/#organization"},"potentialAction":[{"@type":"SearchAction","target":{"@type":"EntryPoint","urlTemplate":"https:\/\/stationdg.cluster015.ovh.net\/es\/?s={search_term_string}"},"query-input":{"@type":"PropertyValueSpecification","valueRequired":true,"valueName":"search_term_string"}}],"inLanguage":"es"},{"@type":"Organization","@id":"https:\/\/stationdg.cluster015.ovh.net\/es\/#organization","name":"Haute-Garonne Montagne","url":"https:\/\/stationdg.cluster015.ovh.net\/es\/","logo":{"@type":"ImageObject","inLanguage":"es","@id":"https:\/\/stationdg.cluster015.ovh.net\/es\/#\/schema\/logo\/image\/","url":"https:\/\/haute-garonne-montagne.com\/wp-content\/uploads\/logo-hgm.png","contentUrl":"https:\/\/haute-garonne-montagne.com\/wp-content\/uploads\/logo-hgm.png","width":520,"height":520,"caption":"Haute-Garonne Montagne"},"image":{"@id":"https:\/\/stationdg.cluster015.ovh.net\/es\/#\/schema\/logo\/image\/"}}]}},"_links":{"self":[{"href":"http:\/\/stationdg.cluster015.ovh.net\/es\/wp-json\/wp\/v2\/pages\/987","targetHints":{"allow":["GET"]}}],"collection":[{"href":"http:\/\/stationdg.cluster015.ovh.net\/es\/wp-json\/wp\/v2\/pages"}],"about":[{"href":"http:\/\/stationdg.cluster015.ovh.net\/es\/wp-json\/wp\/v2\/types\/page"}],"author":[{"embeddable":true,"href":"http:\/\/stationdg.cluster015.ovh.net\/es\/wp-json\/wp\/v2\/users\/1"}],"replies":[{"embeddable":true,"href":"http:\/\/stationdg.cluster015.ovh.net\/es\/wp-json\/wp\/v2\/comments?post=987"}],"version-history":[{"count":0,"href":"http:\/\/stationdg.cluster015.ovh.net\/es\/wp-json\/wp\/v2\/pages\/987\/revisions"}],"up":[{"embeddable":true,"href":"http:\/\/stationdg.cluster015.ovh.net\/es\/wp-json\/wp\/v2\/pages\/1070"}],"wp:featuredmedia":[{"embeddable":true,"href":"http:\/\/stationdg.cluster015.ovh.net\/es\/wp-json\/wp\/v2\/media\/1471"}],"wp:attachment":[{"href":"http:\/\/stationdg.cluster015.ovh.net\/es\/wp-json\/wp\/v2\/media?parent=987"}],"curies":[{"name":"wp","href":"https:\/\/api.w.org\/{rel}","templated":true}]}}