{"id":975,"date":"2023-09-07T15:02:30","date_gmt":"2023-09-07T13:02:30","guid":{"rendered":"http:\/\/localhost:8888\/hgm\/acceso-a-la-estacion\/"},"modified":"2024-04-09T09:39:44","modified_gmt":"2024-04-09T07:39:44","slug":"acceso-a-la-estacion-le-mourtis","status":"publish","type":"page","link":"http:\/\/stationdg.cluster015.ovh.net\/es\/estaciones\/le-mourtis\/acceso-a-la-estacion-le-mourtis\/","title":{"rendered":"Acceso a la estaci\u00f3n"},"content":{"rendered":"<h2>acceder a la estaci\u00f3n :<\/h2>\n<p>C\u00f3mo llegar a la estaci\u00f3n de esqu\u00ed de Le Mourtis<\/p>\n<h4>Itinerario<\/h4>\n<p>Planifique la mejor ruta para llegar a la estaci\u00f3n utilizando su GPS<\/p>\n<p><a class=\"btn btn-primary text-white\" href=\"https:\/\/maps.app.goo.gl\/JxSzFPd8wrUg8J4G9\"> Google Map<\/a><\/p>\n<p>Aprovecha tu viaje para descargar y descubrir nuestra <a href=\"https:\/\/www.haute-garonne-montagne.com\/es\/esqui-rapido-facil-y-conectado\/\">aplicaci\u00f3n m\u00f3vil<\/a><\/p>\n<h4>Condiciones del trafico<\/h4>\n<p>Encuentra todas las condiciones del tr\u00e1fico en Info Ruta 31.<\/p>\n<p><a class=\"btn btn-primary text-white\" href=\"https:\/\/www.inforoute31.fr\/\" target=\"_blank\" rel=\"noopener\">Informaci\u00f3n ruta 31<\/a><\/p>\n<h4>Medios de acceso<\/h4>\n<h3>Carro<\/h3>\n<p>La estaci\u00f3n de Mourtis est\u00e1 a 12 km del pueblo de Saint B\u00e9at.<br \/>\nTome la salida 17 (L\u00e9rida \/ Montr\u00e9jeau) &#8211; Contin\u00fae por la N125 en direcci\u00f3n L\u00e9rida \/ Saint-B\u00e9at &#8211; En Saint-B\u00e9at tome la D44 en direcci\u00f3n Boutx \/ Col de Ment\u00e9 \/ estaci\u00f3n Mourtis<\/p>\n<h3>Equipamiento especial<\/h3>\n<p>Tenga en cuenta que el equipo especial para \u00abnieve\u00bb ahora es obligatorio para todos los veh\u00edculos.<\/p>\n<p><a class=\"btn btn-primary text-white\" href=\"https:\/\/www.service-public.fr\/particuliers\/actualites\/A14389\">INFO ley de monta\u00f1a<\/a><\/p>\n<p><img loading=\"lazy\" decoding=\"async\" class=\"alignnone wp-image-1578 size-full\" title=\"Carte du Territoire HGMontagne\" src=\"https:\/\/www.haute-garonne-montagne.com\/wp-content\/uploads\/carte-transports-2.png\" alt=\"Carte du Territoire HGMontagne\" width=\"1097\" height=\"1173\" srcset=\"http:\/\/stationdg.cluster015.ovh.net\/wp-content\/uploads\/carte-transports-2.png 1097w, http:\/\/stationdg.cluster015.ovh.net\/wp-content\/uploads\/carte-transports-2-748x800.png 748w, http:\/\/stationdg.cluster015.ovh.net\/wp-content\/uploads\/carte-transports-2-768x821.png 768w\" sizes=\"auto, (max-width: 1097px) 100vw, 1097px\" \/><\/p>\n","protected":false},"excerpt":{"rendered":"<p>acceder a la estaci\u00f3n : C\u00f3mo llegar a la estaci\u00f3n de esqu\u00ed de Le Mourtis Itinerario Planifique la mejor ruta para llegar a la estaci\u00f3n utilizando su GPS Google Map [&hellip;]<\/p>\n","protected":false},"author":1,"featured_media":949,"parent":1050,"menu_order":0,"comment_status":"closed","ping_status":"closed","template":"templates\/acces-station.php","meta":{"_acf_changed":false,"footnotes":""},"class_list":["post-975","page","type-page","status-publish","has-post-thumbnail","hentry"],"acf":[],"yoast_head":"<!-- This site is optimized with the Yoast SEO plugin v27.4 - https:\/\/yoast.com\/product\/yoast-seo-wordpress\/ -->\n<title>C\u00f3mo acceder a la estaci\u00f3n - Haute-Garonne Montagne<\/title>\n<meta name=\"description\" content=\"C\u00f3mo llegar a Le Mourtis. Descubra un para\u00edso a 1h30 de Toulouse para esquiadores y snowboarders de todos los niveles.\" \/>\n<meta name=\"robots\" content=\"index, follow, max-snippet:-1, max-image-preview:large, max-video-preview:-1\" \/>\n<link rel=\"canonical\" href=\"http:\/\/stationdg.cluster015.ovh.net\/es\/estaciones\/le-mourtis\/acceso-a-la-estacion-le-mourtis\/\" \/>\n<meta property=\"og:locale\" content=\"es_ES\" \/>\n<meta property=\"og:type\" content=\"article\" \/>\n<meta property=\"og:title\" content=\"C\u00f3mo acceder a la estaci\u00f3n - Haute-Garonne Montagne\" \/>\n<meta property=\"og:description\" content=\"C\u00f3mo llegar a Le Mourtis. Descubra un para\u00edso a 1h30 de Toulouse para esquiadores y snowboarders de todos los niveles.\" \/>\n<meta property=\"og:url\" content=\"http:\/\/stationdg.cluster015.ovh.net\/es\/estaciones\/le-mourtis\/acceso-a-la-estacion-le-mourtis\/\" \/>\n<meta property=\"og:site_name\" content=\"Haute-Garonne Montagne\" \/>\n<meta property=\"article:modified_time\" content=\"2024-04-09T07:39:44+00:00\" \/>\n<meta property=\"og:image\" content=\"http:\/\/stationdg.cluster015.ovh.net\/wp-content\/uploads\/aerial-view-car-riding-through-road-forest-with-tall-green-dense-trees-scaled.jpg\" \/>\n\t<meta property=\"og:image:width\" content=\"2560\" \/>\n\t<meta property=\"og:image:height\" content=\"1918\" \/>\n\t<meta property=\"og:image:type\" content=\"image\/jpeg\" \/>\n<meta name=\"twitter:card\" content=\"summary_large_image\" \/>\n<meta name=\"twitter:label1\" content=\"Tiempo de lectura\" \/>\n\t<meta name=\"twitter:data1\" content=\"1 minuto\" \/>\n<script type=\"application\/ld+json\" class=\"yoast-schema-graph\">{\"@context\":\"https:\\\/\\\/schema.org\",\"@graph\":[{\"@type\":\"WebPage\",\"@id\":\"http:\\\/\\\/stationdg.cluster015.ovh.net\\\/es\\\/estaciones\\\/le-mourtis\\\/acceso-a-la-estacion-le-mourtis\\\/\",\"url\":\"http:\\\/\\\/stationdg.cluster015.ovh.net\\\/es\\\/estaciones\\\/le-mourtis\\\/acceso-a-la-estacion-le-mourtis\\\/\",\"name\":\"C\u00f3mo acceder a la estaci\u00f3n - Haute-Garonne Montagne\",\"isPartOf\":{\"@id\":\"http:\\\/\\\/stationdg.cluster015.ovh.net\\\/es\\\/#website\"},\"primaryImageOfPage\":{\"@id\":\"http:\\\/\\\/stationdg.cluster015.ovh.net\\\/es\\\/estaciones\\\/le-mourtis\\\/acceso-a-la-estacion-le-mourtis\\\/#primaryimage\"},\"image\":{\"@id\":\"http:\\\/\\\/stationdg.cluster015.ovh.net\\\/es\\\/estaciones\\\/le-mourtis\\\/acceso-a-la-estacion-le-mourtis\\\/#primaryimage\"},\"thumbnailUrl\":\"http:\\\/\\\/stationdg.cluster015.ovh.net\\\/wp-content\\\/uploads\\\/aerial-view-car-riding-through-road-forest-with-tall-green-dense-trees-scaled.jpg\",\"datePublished\":\"2023-09-07T13:02:30+00:00\",\"dateModified\":\"2024-04-09T07:39:44+00:00\",\"description\":\"C\u00f3mo llegar a Le Mourtis. Descubra un para\u00edso a 1h30 de Toulouse para esquiadores y snowboarders de todos los niveles.\",\"breadcrumb\":{\"@id\":\"http:\\\/\\\/stationdg.cluster015.ovh.net\\\/es\\\/estaciones\\\/le-mourtis\\\/acceso-a-la-estacion-le-mourtis\\\/#breadcrumb\"},\"inLanguage\":\"es\",\"potentialAction\":[{\"@type\":\"ReadAction\",\"target\":[\"http:\\\/\\\/stationdg.cluster015.ovh.net\\\/es\\\/estaciones\\\/le-mourtis\\\/acceso-a-la-estacion-le-mourtis\\\/\"]}]},{\"@type\":\"ImageObject\",\"inLanguage\":\"es\",\"@id\":\"http:\\\/\\\/stationdg.cluster015.ovh.net\\\/es\\\/estaciones\\\/le-mourtis\\\/acceso-a-la-estacion-le-mourtis\\\/#primaryimage\",\"url\":\"http:\\\/\\\/stationdg.cluster015.ovh.net\\\/wp-content\\\/uploads\\\/aerial-view-car-riding-through-road-forest-with-tall-green-dense-trees-scaled.jpg\",\"contentUrl\":\"http:\\\/\\\/stationdg.cluster015.ovh.net\\\/wp-content\\\/uploads\\\/aerial-view-car-riding-through-road-forest-with-tall-green-dense-trees-scaled.jpg\",\"width\":2560,\"height\":1918,\"caption\":\"Route de montagne\"},{\"@type\":\"BreadcrumbList\",\"@id\":\"http:\\\/\\\/stationdg.cluster015.ovh.net\\\/es\\\/estaciones\\\/le-mourtis\\\/acceso-a-la-estacion-le-mourtis\\\/#breadcrumb\",\"itemListElement\":[{\"@type\":\"ListItem\",\"position\":1,\"name\":\"Accueil\",\"item\":\"http:\\\/\\\/stationdg.cluster015.ovh.net\\\/es\\\/\"},{\"@type\":\"ListItem\",\"position\":2,\"name\":\"Las estaciones\",\"item\":\"http:\\\/\\\/stationdg.cluster015.ovh.net\\\/es\\\/estaciones\\\/\"},{\"@type\":\"ListItem\",\"position\":3,\"name\":\"Le Mourtis\",\"item\":\"http:\\\/\\\/stationdg.cluster015.ovh.net\\\/es\\\/estaciones\\\/le-mourtis\\\/\"},{\"@type\":\"ListItem\",\"position\":4,\"name\":\"Acceso a la estaci\u00f3n\"}]},{\"@type\":\"WebSite\",\"@id\":\"http:\\\/\\\/stationdg.cluster015.ovh.net\\\/es\\\/#website\",\"url\":\"http:\\\/\\\/stationdg.cluster015.ovh.net\\\/es\\\/\",\"name\":\"Haute-Garonne Montagne\",\"description\":\"Luchon-Superbagn\u00e8res - Le Mourtis - Bourg d&#039;Oueil\",\"publisher\":{\"@id\":\"http:\\\/\\\/stationdg.cluster015.ovh.net\\\/es\\\/#organization\"},\"potentialAction\":[{\"@type\":\"SearchAction\",\"target\":{\"@type\":\"EntryPoint\",\"urlTemplate\":\"http:\\\/\\\/stationdg.cluster015.ovh.net\\\/es\\\/?s={search_term_string}\"},\"query-input\":{\"@type\":\"PropertyValueSpecification\",\"valueRequired\":true,\"valueName\":\"search_term_string\"}}],\"inLanguage\":\"es\"},{\"@type\":\"Organization\",\"@id\":\"http:\\\/\\\/stationdg.cluster015.ovh.net\\\/es\\\/#organization\",\"name\":\"Haute-Garonne Montagne\",\"url\":\"http:\\\/\\\/stationdg.cluster015.ovh.net\\\/es\\\/\",\"logo\":{\"@type\":\"ImageObject\",\"inLanguage\":\"es\",\"@id\":\"http:\\\/\\\/stationdg.cluster015.ovh.net\\\/es\\\/#\\\/schema\\\/logo\\\/image\\\/\",\"url\":\"https:\\\/\\\/haute-garonne-montagne.com\\\/wp-content\\\/uploads\\\/logo-hgm.png\",\"contentUrl\":\"https:\\\/\\\/haute-garonne-montagne.com\\\/wp-content\\\/uploads\\\/logo-hgm.png\",\"width\":520,\"height\":520,\"caption\":\"Haute-Garonne Montagne\"},\"image\":{\"@id\":\"http:\\\/\\\/stationdg.cluster015.ovh.net\\\/es\\\/#\\\/schema\\\/logo\\\/image\\\/\"}}]}<\/script>\n<!-- \/ Yoast SEO plugin. -->","yoast_head_json":{"title":"C\u00f3mo acceder a la estaci\u00f3n - Haute-Garonne Montagne","description":"C\u00f3mo llegar a Le Mourtis. Descubra un para\u00edso a 1h30 de Toulouse para esquiadores y snowboarders de todos los niveles.","robots":{"index":"index","follow":"follow","max-snippet":"max-snippet:-1","max-image-preview":"max-image-preview:large","max-video-preview":"max-video-preview:-1"},"canonical":"http:\/\/stationdg.cluster015.ovh.net\/es\/estaciones\/le-mourtis\/acceso-a-la-estacion-le-mourtis\/","og_locale":"es_ES","og_type":"article","og_title":"C\u00f3mo acceder a la estaci\u00f3n - Haute-Garonne Montagne","og_description":"C\u00f3mo llegar a Le Mourtis. Descubra un para\u00edso a 1h30 de Toulouse para esquiadores y snowboarders de todos los niveles.","og_url":"http:\/\/stationdg.cluster015.ovh.net\/es\/estaciones\/le-mourtis\/acceso-a-la-estacion-le-mourtis\/","og_site_name":"Haute-Garonne Montagne","article_modified_time":"2024-04-09T07:39:44+00:00","og_image":[{"width":2560,"height":1918,"url":"http:\/\/stationdg.cluster015.ovh.net\/wp-content\/uploads\/aerial-view-car-riding-through-road-forest-with-tall-green-dense-trees-scaled.jpg","type":"image\/jpeg"}],"twitter_card":"summary_large_image","twitter_misc":{"Tiempo de lectura":"1 minuto"},"schema":{"@context":"https:\/\/schema.org","@graph":[{"@type":"WebPage","@id":"http:\/\/stationdg.cluster015.ovh.net\/es\/estaciones\/le-mourtis\/acceso-a-la-estacion-le-mourtis\/","url":"http:\/\/stationdg.cluster015.ovh.net\/es\/estaciones\/le-mourtis\/acceso-a-la-estacion-le-mourtis\/","name":"C\u00f3mo acceder a la estaci\u00f3n - Haute-Garonne Montagne","isPartOf":{"@id":"http:\/\/stationdg.cluster015.ovh.net\/es\/#website"},"primaryImageOfPage":{"@id":"http:\/\/stationdg.cluster015.ovh.net\/es\/estaciones\/le-mourtis\/acceso-a-la-estacion-le-mourtis\/#primaryimage"},"image":{"@id":"http:\/\/stationdg.cluster015.ovh.net\/es\/estaciones\/le-mourtis\/acceso-a-la-estacion-le-mourtis\/#primaryimage"},"thumbnailUrl":"http:\/\/stationdg.cluster015.ovh.net\/wp-content\/uploads\/aerial-view-car-riding-through-road-forest-with-tall-green-dense-trees-scaled.jpg","datePublished":"2023-09-07T13:02:30+00:00","dateModified":"2024-04-09T07:39:44+00:00","description":"C\u00f3mo llegar a Le Mourtis. Descubra un para\u00edso a 1h30 de Toulouse para esquiadores y snowboarders de todos los niveles.","breadcrumb":{"@id":"http:\/\/stationdg.cluster015.ovh.net\/es\/estaciones\/le-mourtis\/acceso-a-la-estacion-le-mourtis\/#breadcrumb"},"inLanguage":"es","potentialAction":[{"@type":"ReadAction","target":["http:\/\/stationdg.cluster015.ovh.net\/es\/estaciones\/le-mourtis\/acceso-a-la-estacion-le-mourtis\/"]}]},{"@type":"ImageObject","inLanguage":"es","@id":"http:\/\/stationdg.cluster015.ovh.net\/es\/estaciones\/le-mourtis\/acceso-a-la-estacion-le-mourtis\/#primaryimage","url":"http:\/\/stationdg.cluster015.ovh.net\/wp-content\/uploads\/aerial-view-car-riding-through-road-forest-with-tall-green-dense-trees-scaled.jpg","contentUrl":"http:\/\/stationdg.cluster015.ovh.net\/wp-content\/uploads\/aerial-view-car-riding-through-road-forest-with-tall-green-dense-trees-scaled.jpg","width":2560,"height":1918,"caption":"Route de montagne"},{"@type":"BreadcrumbList","@id":"http:\/\/stationdg.cluster015.ovh.net\/es\/estaciones\/le-mourtis\/acceso-a-la-estacion-le-mourtis\/#breadcrumb","itemListElement":[{"@type":"ListItem","position":1,"name":"Accueil","item":"http:\/\/stationdg.cluster015.ovh.net\/es\/"},{"@type":"ListItem","position":2,"name":"Las estaciones","item":"http:\/\/stationdg.cluster015.ovh.net\/es\/estaciones\/"},{"@type":"ListItem","position":3,"name":"Le Mourtis","item":"http:\/\/stationdg.cluster015.ovh.net\/es\/estaciones\/le-mourtis\/"},{"@type":"ListItem","position":4,"name":"Acceso a la estaci\u00f3n"}]},{"@type":"WebSite","@id":"http:\/\/stationdg.cluster015.ovh.net\/es\/#website","url":"http:\/\/stationdg.cluster015.ovh.net\/es\/","name":"Haute-Garonne Montagne","description":"Luchon-Superbagn\u00e8res - Le Mourtis - Bourg d&#039;Oueil","publisher":{"@id":"http:\/\/stationdg.cluster015.ovh.net\/es\/#organization"},"potentialAction":[{"@type":"SearchAction","target":{"@type":"EntryPoint","urlTemplate":"http:\/\/stationdg.cluster015.ovh.net\/es\/?s={search_term_string}"},"query-input":{"@type":"PropertyValueSpecification","valueRequired":true,"valueName":"search_term_string"}}],"inLanguage":"es"},{"@type":"Organization","@id":"http:\/\/stationdg.cluster015.ovh.net\/es\/#organization","name":"Haute-Garonne Montagne","url":"http:\/\/stationdg.cluster015.ovh.net\/es\/","logo":{"@type":"ImageObject","inLanguage":"es","@id":"http:\/\/stationdg.cluster015.ovh.net\/es\/#\/schema\/logo\/image\/","url":"https:\/\/haute-garonne-montagne.com\/wp-content\/uploads\/logo-hgm.png","contentUrl":"https:\/\/haute-garonne-montagne.com\/wp-content\/uploads\/logo-hgm.png","width":520,"height":520,"caption":"Haute-Garonne Montagne"},"image":{"@id":"http:\/\/stationdg.cluster015.ovh.net\/es\/#\/schema\/logo\/image\/"}}]}},"_links":{"self":[{"href":"http:\/\/stationdg.cluster015.ovh.net\/es\/wp-json\/wp\/v2\/pages\/975","targetHints":{"allow":["GET"]}}],"collection":[{"href":"http:\/\/stationdg.cluster015.ovh.net\/es\/wp-json\/wp\/v2\/pages"}],"about":[{"href":"http:\/\/stationdg.cluster015.ovh.net\/es\/wp-json\/wp\/v2\/types\/page"}],"author":[{"embeddable":true,"href":"http:\/\/stationdg.cluster015.ovh.net\/es\/wp-json\/wp\/v2\/users\/1"}],"replies":[{"embeddable":true,"href":"http:\/\/stationdg.cluster015.ovh.net\/es\/wp-json\/wp\/v2\/comments?post=975"}],"version-history":[{"count":0,"href":"http:\/\/stationdg.cluster015.ovh.net\/es\/wp-json\/wp\/v2\/pages\/975\/revisions"}],"up":[{"embeddable":true,"href":"http:\/\/stationdg.cluster015.ovh.net\/es\/wp-json\/wp\/v2\/pages\/1050"}],"wp:featuredmedia":[{"embeddable":true,"href":"http:\/\/stationdg.cluster015.ovh.net\/es\/wp-json\/wp\/v2\/media\/949"}],"wp:attachment":[{"href":"http:\/\/stationdg.cluster015.ovh.net\/es\/wp-json\/wp\/v2\/media?parent=975"}],"curies":[{"name":"wp","href":"https:\/\/api.w.org\/{rel}","templated":true}]}}