{"id":971,"date":"2023-09-07T14:59:48","date_gmt":"2023-09-07T12:59:48","guid":{"rendered":"http:\/\/localhost:8888\/hgm\/camara-web\/"},"modified":"2024-04-09T09:43:39","modified_gmt":"2024-04-09T07:43:39","slug":"webcams-le-mourtis-es","status":"publish","type":"page","link":"http:\/\/stationdg.cluster015.ovh.net\/es\/estaciones\/le-mourtis\/webcams-le-mourtis-es\/","title":{"rendered":"Webcams Mourtis"},"content":{"rendered":"<p>Pyr\u00e9n\u00e9es Live: consulte las c\u00e1maras web de Mourtis aqu\u00ed.<\/p>\n","protected":false},"excerpt":{"rendered":"<p>Pyr\u00e9n\u00e9es Live: consulte las c\u00e1maras web de Mourtis aqu\u00ed.<\/p>\n","protected":false},"author":1,"featured_media":959,"parent":1050,"menu_order":0,"comment_status":"closed","ping_status":"closed","template":"templates\/webcam.php","meta":{"_acf_changed":false,"footnotes":""},"class_list":["post-971","page","type-page","status-publish","has-post-thumbnail","hentry"],"acf":[],"yoast_head":"<!-- This site is optimized with the Yoast SEO plugin v27.3 - https:\/\/yoast.com\/product\/yoast-seo-wordpress\/ -->\n<title>Webcams Le Mourtis - Haute-Garonne Montagne<\/title>\n<meta name=\"description\" content=\"Webcams en directo de los Pirineos Le Mourtis: Sitio oficial - Siga las nevadas, la capa de nieve y la asistencia gracias a la webcam de Mourtis\" \/>\n<meta name=\"robots\" content=\"index, follow, max-snippet:-1, max-image-preview:large, max-video-preview:-1\" \/>\n<link rel=\"canonical\" href=\"http:\/\/stationdg.cluster015.ovh.net\/es\/estaciones\/le-mourtis\/webcams-le-mourtis-es\/\" \/>\n<meta property=\"og:locale\" content=\"es_ES\" \/>\n<meta property=\"og:type\" content=\"article\" \/>\n<meta property=\"og:title\" content=\"Webcams Le Mourtis - Haute-Garonne Montagne\" \/>\n<meta property=\"og:description\" content=\"Webcams en directo de los Pirineos Le Mourtis: Sitio oficial - Siga las nevadas, la capa de nieve y la asistencia gracias a la webcam de Mourtis\" \/>\n<meta property=\"og:url\" content=\"http:\/\/stationdg.cluster015.ovh.net\/es\/estaciones\/le-mourtis\/webcams-le-mourtis-es\/\" \/>\n<meta property=\"og:site_name\" content=\"Haute-Garonne Montagne\" \/>\n<meta property=\"article:modified_time\" content=\"2024-04-09T07:43:39+00:00\" \/>\n<meta property=\"og:image\" content=\"http:\/\/stationdg.cluster015.ovh.net\/wp-content\/uploads\/vign-webcam.jpg\" \/>\n\t<meta property=\"og:image:width\" content=\"1920\" \/>\n\t<meta property=\"og:image:height\" content=\"1080\" \/>\n\t<meta property=\"og:image:type\" content=\"image\/jpeg\" \/>\n<meta name=\"twitter:card\" content=\"summary_large_image\" \/>\n<script type=\"application\/ld+json\" class=\"yoast-schema-graph\">{\"@context\":\"https:\\\/\\\/schema.org\",\"@graph\":[{\"@type\":\"WebPage\",\"@id\":\"http:\\\/\\\/stationdg.cluster015.ovh.net\\\/es\\\/estaciones\\\/le-mourtis\\\/webcams-le-mourtis-es\\\/\",\"url\":\"http:\\\/\\\/stationdg.cluster015.ovh.net\\\/es\\\/estaciones\\\/le-mourtis\\\/webcams-le-mourtis-es\\\/\",\"name\":\"Webcams Le Mourtis - Haute-Garonne Montagne\",\"isPartOf\":{\"@id\":\"http:\\\/\\\/stationdg.cluster015.ovh.net\\\/es\\\/#website\"},\"primaryImageOfPage\":{\"@id\":\"http:\\\/\\\/stationdg.cluster015.ovh.net\\\/es\\\/estaciones\\\/le-mourtis\\\/webcams-le-mourtis-es\\\/#primaryimage\"},\"image\":{\"@id\":\"http:\\\/\\\/stationdg.cluster015.ovh.net\\\/es\\\/estaciones\\\/le-mourtis\\\/webcams-le-mourtis-es\\\/#primaryimage\"},\"thumbnailUrl\":\"http:\\\/\\\/stationdg.cluster015.ovh.net\\\/wp-content\\\/uploads\\\/vign-webcam.jpg\",\"datePublished\":\"2023-09-07T12:59:48+00:00\",\"dateModified\":\"2024-04-09T07:43:39+00:00\",\"description\":\"Webcams en directo de los Pirineos Le Mourtis: Sitio oficial - Siga las nevadas, la capa de nieve y la asistencia gracias a la webcam de Mourtis\",\"breadcrumb\":{\"@id\":\"http:\\\/\\\/stationdg.cluster015.ovh.net\\\/es\\\/estaciones\\\/le-mourtis\\\/webcams-le-mourtis-es\\\/#breadcrumb\"},\"inLanguage\":\"es\",\"potentialAction\":[{\"@type\":\"ReadAction\",\"target\":[\"http:\\\/\\\/stationdg.cluster015.ovh.net\\\/es\\\/estaciones\\\/le-mourtis\\\/webcams-le-mourtis-es\\\/\"]}]},{\"@type\":\"ImageObject\",\"inLanguage\":\"es\",\"@id\":\"http:\\\/\\\/stationdg.cluster015.ovh.net\\\/es\\\/estaciones\\\/le-mourtis\\\/webcams-le-mourtis-es\\\/#primaryimage\",\"url\":\"http:\\\/\\\/stationdg.cluster015.ovh.net\\\/wp-content\\\/uploads\\\/vign-webcam.jpg\",\"contentUrl\":\"http:\\\/\\\/stationdg.cluster015.ovh.net\\\/wp-content\\\/uploads\\\/vign-webcam.jpg\",\"width\":1920,\"height\":1080},{\"@type\":\"BreadcrumbList\",\"@id\":\"http:\\\/\\\/stationdg.cluster015.ovh.net\\\/es\\\/estaciones\\\/le-mourtis\\\/webcams-le-mourtis-es\\\/#breadcrumb\",\"itemListElement\":[{\"@type\":\"ListItem\",\"position\":1,\"name\":\"Accueil\",\"item\":\"http:\\\/\\\/stationdg.cluster015.ovh.net\\\/es\\\/\"},{\"@type\":\"ListItem\",\"position\":2,\"name\":\"Las estaciones\",\"item\":\"http:\\\/\\\/stationdg.cluster015.ovh.net\\\/es\\\/estaciones\\\/\"},{\"@type\":\"ListItem\",\"position\":3,\"name\":\"Le Mourtis\",\"item\":\"http:\\\/\\\/stationdg.cluster015.ovh.net\\\/es\\\/estaciones\\\/le-mourtis\\\/\"},{\"@type\":\"ListItem\",\"position\":4,\"name\":\"Webcams Mourtis\"}]},{\"@type\":\"WebSite\",\"@id\":\"http:\\\/\\\/stationdg.cluster015.ovh.net\\\/es\\\/#website\",\"url\":\"http:\\\/\\\/stationdg.cluster015.ovh.net\\\/es\\\/\",\"name\":\"Haute-Garonne Montagne\",\"description\":\"Luchon-Superbagn\u00e8res - Le Mourtis - Bourg d&#039;Oueil\",\"publisher\":{\"@id\":\"http:\\\/\\\/stationdg.cluster015.ovh.net\\\/es\\\/#organization\"},\"potentialAction\":[{\"@type\":\"SearchAction\",\"target\":{\"@type\":\"EntryPoint\",\"urlTemplate\":\"http:\\\/\\\/stationdg.cluster015.ovh.net\\\/es\\\/?s={search_term_string}\"},\"query-input\":{\"@type\":\"PropertyValueSpecification\",\"valueRequired\":true,\"valueName\":\"search_term_string\"}}],\"inLanguage\":\"es\"},{\"@type\":\"Organization\",\"@id\":\"http:\\\/\\\/stationdg.cluster015.ovh.net\\\/es\\\/#organization\",\"name\":\"Haute-Garonne Montagne\",\"url\":\"http:\\\/\\\/stationdg.cluster015.ovh.net\\\/es\\\/\",\"logo\":{\"@type\":\"ImageObject\",\"inLanguage\":\"es\",\"@id\":\"http:\\\/\\\/stationdg.cluster015.ovh.net\\\/es\\\/#\\\/schema\\\/logo\\\/image\\\/\",\"url\":\"https:\\\/\\\/haute-garonne-montagne.com\\\/wp-content\\\/uploads\\\/logo-hgm.png\",\"contentUrl\":\"https:\\\/\\\/haute-garonne-montagne.com\\\/wp-content\\\/uploads\\\/logo-hgm.png\",\"width\":520,\"height\":520,\"caption\":\"Haute-Garonne Montagne\"},\"image\":{\"@id\":\"http:\\\/\\\/stationdg.cluster015.ovh.net\\\/es\\\/#\\\/schema\\\/logo\\\/image\\\/\"}}]}<\/script>\n<!-- \/ Yoast SEO plugin. -->","yoast_head_json":{"title":"Webcams Le Mourtis - Haute-Garonne Montagne","description":"Webcams en directo de los Pirineos Le Mourtis: Sitio oficial - Siga las nevadas, la capa de nieve y la asistencia gracias a la webcam de Mourtis","robots":{"index":"index","follow":"follow","max-snippet":"max-snippet:-1","max-image-preview":"max-image-preview:large","max-video-preview":"max-video-preview:-1"},"canonical":"http:\/\/stationdg.cluster015.ovh.net\/es\/estaciones\/le-mourtis\/webcams-le-mourtis-es\/","og_locale":"es_ES","og_type":"article","og_title":"Webcams Le Mourtis - Haute-Garonne Montagne","og_description":"Webcams en directo de los Pirineos Le Mourtis: Sitio oficial - Siga las nevadas, la capa de nieve y la asistencia gracias a la webcam de Mourtis","og_url":"http:\/\/stationdg.cluster015.ovh.net\/es\/estaciones\/le-mourtis\/webcams-le-mourtis-es\/","og_site_name":"Haute-Garonne Montagne","article_modified_time":"2024-04-09T07:43:39+00:00","og_image":[{"width":1920,"height":1080,"url":"http:\/\/stationdg.cluster015.ovh.net\/wp-content\/uploads\/vign-webcam.jpg","type":"image\/jpeg"}],"twitter_card":"summary_large_image","schema":{"@context":"https:\/\/schema.org","@graph":[{"@type":"WebPage","@id":"http:\/\/stationdg.cluster015.ovh.net\/es\/estaciones\/le-mourtis\/webcams-le-mourtis-es\/","url":"http:\/\/stationdg.cluster015.ovh.net\/es\/estaciones\/le-mourtis\/webcams-le-mourtis-es\/","name":"Webcams Le Mourtis - Haute-Garonne Montagne","isPartOf":{"@id":"http:\/\/stationdg.cluster015.ovh.net\/es\/#website"},"primaryImageOfPage":{"@id":"http:\/\/stationdg.cluster015.ovh.net\/es\/estaciones\/le-mourtis\/webcams-le-mourtis-es\/#primaryimage"},"image":{"@id":"http:\/\/stationdg.cluster015.ovh.net\/es\/estaciones\/le-mourtis\/webcams-le-mourtis-es\/#primaryimage"},"thumbnailUrl":"http:\/\/stationdg.cluster015.ovh.net\/wp-content\/uploads\/vign-webcam.jpg","datePublished":"2023-09-07T12:59:48+00:00","dateModified":"2024-04-09T07:43:39+00:00","description":"Webcams en directo de los Pirineos Le Mourtis: Sitio oficial - Siga las nevadas, la capa de nieve y la asistencia gracias a la webcam de Mourtis","breadcrumb":{"@id":"http:\/\/stationdg.cluster015.ovh.net\/es\/estaciones\/le-mourtis\/webcams-le-mourtis-es\/#breadcrumb"},"inLanguage":"es","potentialAction":[{"@type":"ReadAction","target":["http:\/\/stationdg.cluster015.ovh.net\/es\/estaciones\/le-mourtis\/webcams-le-mourtis-es\/"]}]},{"@type":"ImageObject","inLanguage":"es","@id":"http:\/\/stationdg.cluster015.ovh.net\/es\/estaciones\/le-mourtis\/webcams-le-mourtis-es\/#primaryimage","url":"http:\/\/stationdg.cluster015.ovh.net\/wp-content\/uploads\/vign-webcam.jpg","contentUrl":"http:\/\/stationdg.cluster015.ovh.net\/wp-content\/uploads\/vign-webcam.jpg","width":1920,"height":1080},{"@type":"BreadcrumbList","@id":"http:\/\/stationdg.cluster015.ovh.net\/es\/estaciones\/le-mourtis\/webcams-le-mourtis-es\/#breadcrumb","itemListElement":[{"@type":"ListItem","position":1,"name":"Accueil","item":"http:\/\/stationdg.cluster015.ovh.net\/es\/"},{"@type":"ListItem","position":2,"name":"Las estaciones","item":"http:\/\/stationdg.cluster015.ovh.net\/es\/estaciones\/"},{"@type":"ListItem","position":3,"name":"Le Mourtis","item":"http:\/\/stationdg.cluster015.ovh.net\/es\/estaciones\/le-mourtis\/"},{"@type":"ListItem","position":4,"name":"Webcams Mourtis"}]},{"@type":"WebSite","@id":"http:\/\/stationdg.cluster015.ovh.net\/es\/#website","url":"http:\/\/stationdg.cluster015.ovh.net\/es\/","name":"Haute-Garonne Montagne","description":"Luchon-Superbagn\u00e8res - Le Mourtis - Bourg d&#039;Oueil","publisher":{"@id":"http:\/\/stationdg.cluster015.ovh.net\/es\/#organization"},"potentialAction":[{"@type":"SearchAction","target":{"@type":"EntryPoint","urlTemplate":"http:\/\/stationdg.cluster015.ovh.net\/es\/?s={search_term_string}"},"query-input":{"@type":"PropertyValueSpecification","valueRequired":true,"valueName":"search_term_string"}}],"inLanguage":"es"},{"@type":"Organization","@id":"http:\/\/stationdg.cluster015.ovh.net\/es\/#organization","name":"Haute-Garonne Montagne","url":"http:\/\/stationdg.cluster015.ovh.net\/es\/","logo":{"@type":"ImageObject","inLanguage":"es","@id":"http:\/\/stationdg.cluster015.ovh.net\/es\/#\/schema\/logo\/image\/","url":"https:\/\/haute-garonne-montagne.com\/wp-content\/uploads\/logo-hgm.png","contentUrl":"https:\/\/haute-garonne-montagne.com\/wp-content\/uploads\/logo-hgm.png","width":520,"height":520,"caption":"Haute-Garonne Montagne"},"image":{"@id":"http:\/\/stationdg.cluster015.ovh.net\/es\/#\/schema\/logo\/image\/"}}]}},"_links":{"self":[{"href":"http:\/\/stationdg.cluster015.ovh.net\/es\/wp-json\/wp\/v2\/pages\/971","targetHints":{"allow":["GET"]}}],"collection":[{"href":"http:\/\/stationdg.cluster015.ovh.net\/es\/wp-json\/wp\/v2\/pages"}],"about":[{"href":"http:\/\/stationdg.cluster015.ovh.net\/es\/wp-json\/wp\/v2\/types\/page"}],"author":[{"embeddable":true,"href":"http:\/\/stationdg.cluster015.ovh.net\/es\/wp-json\/wp\/v2\/users\/1"}],"replies":[{"embeddable":true,"href":"http:\/\/stationdg.cluster015.ovh.net\/es\/wp-json\/wp\/v2\/comments?post=971"}],"version-history":[{"count":0,"href":"http:\/\/stationdg.cluster015.ovh.net\/es\/wp-json\/wp\/v2\/pages\/971\/revisions"}],"up":[{"embeddable":true,"href":"http:\/\/stationdg.cluster015.ovh.net\/es\/wp-json\/wp\/v2\/pages\/1050"}],"wp:featuredmedia":[{"embeddable":true,"href":"http:\/\/stationdg.cluster015.ovh.net\/es\/wp-json\/wp\/v2\/media\/959"}],"wp:attachment":[{"href":"http:\/\/stationdg.cluster015.ovh.net\/es\/wp-json\/wp\/v2\/media?parent=971"}],"curies":[{"name":"wp","href":"https:\/\/api.w.org\/{rel}","templated":true}]}}