{"id":1198,"date":"2023-10-09T09:55:19","date_gmt":"2023-10-09T07:55:19","guid":{"rendered":"http:\/\/localhost:8888\/hgm\/informacion-practica\/venta-de-entradas\/"},"modified":"2024-04-09T09:31:23","modified_gmt":"2024-04-09T07:31:23","slug":"venta-de-entradas","status":"publish","type":"page","link":"http:\/\/stationdg.cluster015.ovh.net\/es\/informacion-practica\/venta-de-entradas\/","title":{"rendered":"Venta de entradas"},"content":{"rendered":"<div class=\"text-center\">\n<h2>100% placer &#8211; 0% espera en taquilla<\/h2>\n<p>EXCLUSIVO \u00danico en los Pirineos<\/p>\n<\/div>\n<blockquote><p>Como esquiador, lo \u00fanico que odio es perder el tiempo en las taquillas.<\/p><\/blockquote>\n<p>Marc C. (Toulouse)<\/p>\n<div class=\"text-center\">\n<h3><a class=\"btn btn-primary text-white\" href=\"https:\/\/billetterie-superbagneres.hg-montagne.com\/\">e-Billeteria<\/a><\/h3>\n<\/div>\n<p>Mira el v\u00eddeo tutorial: <a href=\"https:\/\/youtu.be\/G6ciU3oPSz0?si=F-KKbyvicRu-6tlB\">\u00bfC\u00f3mo cargar mi pase en una skicard?<\/a><\/p>\n<p>El art\u00edculo dedicado a nuestra aplicaci\u00f3n m\u00f3vil <a href=\"https:\/\/www.haute-garonne-montagne.com\/application-mobile-haute-garonne-montagne\/\">Esqu\u00ed conectado, f\u00e1cil, r\u00e1pido<\/a><\/p>\n<h3><span style=\"text-decoration: underline;\">EXCLUSIVO<\/span> <span style=\"text-decoration: underline;\">\u00danico en los Pirineos<\/span>: Todos los forfaits son <span style=\"text-decoration: underline;\">sin fecha<\/span> y <span style=\"text-decoration: underline;\">no nominativos.<\/span> La venta de entradas ser\u00e1 totalmente digital, por lo que no tendr\u00e1 que pasar por caja antes de esquiar.<\/h3>\n","protected":false},"excerpt":{"rendered":"<p>100% placer &#8211; 0% espera en taquilla EXCLUSIVO \u00danico en los Pirineos Como esquiador, lo \u00fanico que odio es perder el tiempo en las taquillas. Marc C. (Toulouse) e-Billeteria Mira [&hellip;]<\/p>\n","protected":false},"author":1,"featured_media":907,"parent":1003,"menu_order":0,"comment_status":"closed","ping_status":"closed","template":"","meta":{"_acf_changed":false,"footnotes":""},"class_list":["post-1198","page","type-page","status-publish","has-post-thumbnail","hentry"],"acf":[],"yoast_head":"<!-- This site is optimized with the Yoast SEO plugin v27.5 - https:\/\/yoast.com\/product\/yoast-seo-wordpress\/ -->\n<title>EXCLUSIVO \u00danico en los Pirineos Venta de entradas - Haute-Garonne Montagne<\/title>\n<meta name=\"description\" content=\"100% placer - 0% espera EXCLUSIVO \u00danico en el Pirineo: \u00a1esqu\u00eda en nuestras estaciones sin pasar por taquillas! \u00a1No pases m\u00e1s por caja!\" \/>\n<meta name=\"robots\" content=\"index, follow, max-snippet:-1, max-image-preview:large, max-video-preview:-1\" \/>\n<link rel=\"canonical\" href=\"http:\/\/stationdg.cluster015.ovh.net\/es\/informacion-practica\/venta-de-entradas\/\" \/>\n<meta property=\"og:locale\" content=\"es_ES\" \/>\n<meta property=\"og:type\" content=\"article\" \/>\n<meta property=\"og:title\" content=\"EXCLUSIVO \u00danico en los Pirineos Venta de entradas - Haute-Garonne Montagne\" \/>\n<meta property=\"og:description\" content=\"100% placer - 0% espera EXCLUSIVO \u00danico en el Pirineo: \u00a1esqu\u00eda en nuestras estaciones sin pasar por taquillas! \u00a1No pases m\u00e1s por caja!\" \/>\n<meta property=\"og:url\" content=\"http:\/\/stationdg.cluster015.ovh.net\/es\/informacion-practica\/venta-de-entradas\/\" \/>\n<meta property=\"og:site_name\" content=\"Haute-Garonne Montagne\" \/>\n<meta property=\"article:modified_time\" content=\"2024-04-09T07:31:23+00:00\" \/>\n<meta property=\"og:image\" content=\"https:\/\/stationdg.cluster015.ovh.net\/wp-content\/uploads\/snowboard_neige_pyrenees_Mourtis.jpg\" \/>\n\t<meta property=\"og:image:width\" content=\"1600\" \/>\n\t<meta property=\"og:image:height\" content=\"2400\" \/>\n\t<meta property=\"og:image:type\" content=\"image\/jpeg\" \/>\n<meta name=\"twitter:card\" content=\"summary_large_image\" \/>\n<script type=\"application\/ld+json\" class=\"yoast-schema-graph\">{\"@context\":\"https:\\\/\\\/schema.org\",\"@graph\":[{\"@type\":\"WebPage\",\"@id\":\"http:\\\/\\\/stationdg.cluster015.ovh.net\\\/es\\\/informacion-practica\\\/venta-de-entradas\\\/\",\"url\":\"http:\\\/\\\/stationdg.cluster015.ovh.net\\\/es\\\/informacion-practica\\\/venta-de-entradas\\\/\",\"name\":\"EXCLUSIVO \u00danico en los Pirineos Venta de entradas - Haute-Garonne Montagne\",\"isPartOf\":{\"@id\":\"http:\\\/\\\/stationdg.cluster015.ovh.net\\\/es\\\/#website\"},\"primaryImageOfPage\":{\"@id\":\"http:\\\/\\\/stationdg.cluster015.ovh.net\\\/es\\\/informacion-practica\\\/venta-de-entradas\\\/#primaryimage\"},\"image\":{\"@id\":\"http:\\\/\\\/stationdg.cluster015.ovh.net\\\/es\\\/informacion-practica\\\/venta-de-entradas\\\/#primaryimage\"},\"thumbnailUrl\":\"http:\\\/\\\/stationdg.cluster015.ovh.net\\\/wp-content\\\/uploads\\\/snowboard_neige_pyrenees_Mourtis.jpg\",\"datePublished\":\"2023-10-09T07:55:19+00:00\",\"dateModified\":\"2024-04-09T07:31:23+00:00\",\"description\":\"100% placer - 0% espera EXCLUSIVO \u00danico en el Pirineo: \u00a1esqu\u00eda en nuestras estaciones sin pasar por taquillas! \u00a1No pases m\u00e1s por caja!\",\"breadcrumb\":{\"@id\":\"http:\\\/\\\/stationdg.cluster015.ovh.net\\\/es\\\/informacion-practica\\\/venta-de-entradas\\\/#breadcrumb\"},\"inLanguage\":\"es\",\"potentialAction\":[{\"@type\":\"ReadAction\",\"target\":[\"http:\\\/\\\/stationdg.cluster015.ovh.net\\\/es\\\/informacion-practica\\\/venta-de-entradas\\\/\"]}]},{\"@type\":\"ImageObject\",\"inLanguage\":\"es\",\"@id\":\"http:\\\/\\\/stationdg.cluster015.ovh.net\\\/es\\\/informacion-practica\\\/venta-de-entradas\\\/#primaryimage\",\"url\":\"http:\\\/\\\/stationdg.cluster015.ovh.net\\\/wp-content\\\/uploads\\\/snowboard_neige_pyrenees_Mourtis.jpg\",\"contentUrl\":\"http:\\\/\\\/stationdg.cluster015.ovh.net\\\/wp-content\\\/uploads\\\/snowboard_neige_pyrenees_Mourtis.jpg\",\"width\":1600,\"height\":2400,\"caption\":\"EXCLUSIF Unique dans les Pyr\u00e9n\u00e9es snowboardeuse\"},{\"@type\":\"BreadcrumbList\",\"@id\":\"http:\\\/\\\/stationdg.cluster015.ovh.net\\\/es\\\/informacion-practica\\\/venta-de-entradas\\\/#breadcrumb\",\"itemListElement\":[{\"@type\":\"ListItem\",\"position\":1,\"name\":\"Accueil\",\"item\":\"http:\\\/\\\/stationdg.cluster015.ovh.net\\\/es\\\/\"},{\"@type\":\"ListItem\",\"position\":2,\"name\":\"Informaci\u00f3n pr\u00e1ctica\",\"item\":\"http:\\\/\\\/stationdg.cluster015.ovh.net\\\/es\\\/informacion-practica\\\/\"},{\"@type\":\"ListItem\",\"position\":3,\"name\":\"Venta de entradas\"}]},{\"@type\":\"WebSite\",\"@id\":\"http:\\\/\\\/stationdg.cluster015.ovh.net\\\/es\\\/#website\",\"url\":\"http:\\\/\\\/stationdg.cluster015.ovh.net\\\/es\\\/\",\"name\":\"Haute-Garonne Montagne\",\"description\":\"Luchon-Superbagn\u00e8res - Le Mourtis - Bourg d&#039;Oueil\",\"publisher\":{\"@id\":\"http:\\\/\\\/stationdg.cluster015.ovh.net\\\/es\\\/#organization\"},\"potentialAction\":[{\"@type\":\"SearchAction\",\"target\":{\"@type\":\"EntryPoint\",\"urlTemplate\":\"http:\\\/\\\/stationdg.cluster015.ovh.net\\\/es\\\/?s={search_term_string}\"},\"query-input\":{\"@type\":\"PropertyValueSpecification\",\"valueRequired\":true,\"valueName\":\"search_term_string\"}}],\"inLanguage\":\"es\"},{\"@type\":\"Organization\",\"@id\":\"http:\\\/\\\/stationdg.cluster015.ovh.net\\\/es\\\/#organization\",\"name\":\"Haute-Garonne Montagne\",\"url\":\"http:\\\/\\\/stationdg.cluster015.ovh.net\\\/es\\\/\",\"logo\":{\"@type\":\"ImageObject\",\"inLanguage\":\"es\",\"@id\":\"http:\\\/\\\/stationdg.cluster015.ovh.net\\\/es\\\/#\\\/schema\\\/logo\\\/image\\\/\",\"url\":\"https:\\\/\\\/haute-garonne-montagne.com\\\/wp-content\\\/uploads\\\/logo-hgm.png\",\"contentUrl\":\"https:\\\/\\\/haute-garonne-montagne.com\\\/wp-content\\\/uploads\\\/logo-hgm.png\",\"width\":520,\"height\":520,\"caption\":\"Haute-Garonne Montagne\"},\"image\":{\"@id\":\"http:\\\/\\\/stationdg.cluster015.ovh.net\\\/es\\\/#\\\/schema\\\/logo\\\/image\\\/\"}}]}<\/script>\n<!-- \/ Yoast SEO plugin. -->","yoast_head_json":{"title":"EXCLUSIVO \u00danico en los Pirineos Venta de entradas - Haute-Garonne Montagne","description":"100% placer - 0% espera EXCLUSIVO \u00danico en el Pirineo: \u00a1esqu\u00eda en nuestras estaciones sin pasar por taquillas! \u00a1No pases m\u00e1s por caja!","robots":{"index":"index","follow":"follow","max-snippet":"max-snippet:-1","max-image-preview":"max-image-preview:large","max-video-preview":"max-video-preview:-1"},"canonical":"http:\/\/stationdg.cluster015.ovh.net\/es\/informacion-practica\/venta-de-entradas\/","og_locale":"es_ES","og_type":"article","og_title":"EXCLUSIVO \u00danico en los Pirineos Venta de entradas - Haute-Garonne Montagne","og_description":"100% placer - 0% espera EXCLUSIVO \u00danico en el Pirineo: \u00a1esqu\u00eda en nuestras estaciones sin pasar por taquillas! \u00a1No pases m\u00e1s por caja!","og_url":"http:\/\/stationdg.cluster015.ovh.net\/es\/informacion-practica\/venta-de-entradas\/","og_site_name":"Haute-Garonne Montagne","article_modified_time":"2024-04-09T07:31:23+00:00","og_image":[{"width":1600,"height":2400,"url":"https:\/\/stationdg.cluster015.ovh.net\/wp-content\/uploads\/snowboard_neige_pyrenees_Mourtis.jpg","type":"image\/jpeg"}],"twitter_card":"summary_large_image","schema":{"@context":"https:\/\/schema.org","@graph":[{"@type":"WebPage","@id":"http:\/\/stationdg.cluster015.ovh.net\/es\/informacion-practica\/venta-de-entradas\/","url":"http:\/\/stationdg.cluster015.ovh.net\/es\/informacion-practica\/venta-de-entradas\/","name":"EXCLUSIVO \u00danico en los Pirineos Venta de entradas - Haute-Garonne Montagne","isPartOf":{"@id":"http:\/\/stationdg.cluster015.ovh.net\/es\/#website"},"primaryImageOfPage":{"@id":"http:\/\/stationdg.cluster015.ovh.net\/es\/informacion-practica\/venta-de-entradas\/#primaryimage"},"image":{"@id":"http:\/\/stationdg.cluster015.ovh.net\/es\/informacion-practica\/venta-de-entradas\/#primaryimage"},"thumbnailUrl":"http:\/\/stationdg.cluster015.ovh.net\/wp-content\/uploads\/snowboard_neige_pyrenees_Mourtis.jpg","datePublished":"2023-10-09T07:55:19+00:00","dateModified":"2024-04-09T07:31:23+00:00","description":"100% placer - 0% espera EXCLUSIVO \u00danico en el Pirineo: \u00a1esqu\u00eda en nuestras estaciones sin pasar por taquillas! \u00a1No pases m\u00e1s por caja!","breadcrumb":{"@id":"http:\/\/stationdg.cluster015.ovh.net\/es\/informacion-practica\/venta-de-entradas\/#breadcrumb"},"inLanguage":"es","potentialAction":[{"@type":"ReadAction","target":["http:\/\/stationdg.cluster015.ovh.net\/es\/informacion-practica\/venta-de-entradas\/"]}]},{"@type":"ImageObject","inLanguage":"es","@id":"http:\/\/stationdg.cluster015.ovh.net\/es\/informacion-practica\/venta-de-entradas\/#primaryimage","url":"http:\/\/stationdg.cluster015.ovh.net\/wp-content\/uploads\/snowboard_neige_pyrenees_Mourtis.jpg","contentUrl":"http:\/\/stationdg.cluster015.ovh.net\/wp-content\/uploads\/snowboard_neige_pyrenees_Mourtis.jpg","width":1600,"height":2400,"caption":"EXCLUSIF Unique dans les Pyr\u00e9n\u00e9es snowboardeuse"},{"@type":"BreadcrumbList","@id":"http:\/\/stationdg.cluster015.ovh.net\/es\/informacion-practica\/venta-de-entradas\/#breadcrumb","itemListElement":[{"@type":"ListItem","position":1,"name":"Accueil","item":"http:\/\/stationdg.cluster015.ovh.net\/es\/"},{"@type":"ListItem","position":2,"name":"Informaci\u00f3n pr\u00e1ctica","item":"http:\/\/stationdg.cluster015.ovh.net\/es\/informacion-practica\/"},{"@type":"ListItem","position":3,"name":"Venta de entradas"}]},{"@type":"WebSite","@id":"http:\/\/stationdg.cluster015.ovh.net\/es\/#website","url":"http:\/\/stationdg.cluster015.ovh.net\/es\/","name":"Haute-Garonne Montagne","description":"Luchon-Superbagn\u00e8res - Le Mourtis - Bourg d&#039;Oueil","publisher":{"@id":"http:\/\/stationdg.cluster015.ovh.net\/es\/#organization"},"potentialAction":[{"@type":"SearchAction","target":{"@type":"EntryPoint","urlTemplate":"http:\/\/stationdg.cluster015.ovh.net\/es\/?s={search_term_string}"},"query-input":{"@type":"PropertyValueSpecification","valueRequired":true,"valueName":"search_term_string"}}],"inLanguage":"es"},{"@type":"Organization","@id":"http:\/\/stationdg.cluster015.ovh.net\/es\/#organization","name":"Haute-Garonne Montagne","url":"http:\/\/stationdg.cluster015.ovh.net\/es\/","logo":{"@type":"ImageObject","inLanguage":"es","@id":"http:\/\/stationdg.cluster015.ovh.net\/es\/#\/schema\/logo\/image\/","url":"https:\/\/haute-garonne-montagne.com\/wp-content\/uploads\/logo-hgm.png","contentUrl":"https:\/\/haute-garonne-montagne.com\/wp-content\/uploads\/logo-hgm.png","width":520,"height":520,"caption":"Haute-Garonne Montagne"},"image":{"@id":"http:\/\/stationdg.cluster015.ovh.net\/es\/#\/schema\/logo\/image\/"}}]}},"_links":{"self":[{"href":"http:\/\/stationdg.cluster015.ovh.net\/es\/wp-json\/wp\/v2\/pages\/1198","targetHints":{"allow":["GET"]}}],"collection":[{"href":"http:\/\/stationdg.cluster015.ovh.net\/es\/wp-json\/wp\/v2\/pages"}],"about":[{"href":"http:\/\/stationdg.cluster015.ovh.net\/es\/wp-json\/wp\/v2\/types\/page"}],"author":[{"embeddable":true,"href":"http:\/\/stationdg.cluster015.ovh.net\/es\/wp-json\/wp\/v2\/users\/1"}],"replies":[{"embeddable":true,"href":"http:\/\/stationdg.cluster015.ovh.net\/es\/wp-json\/wp\/v2\/comments?post=1198"}],"version-history":[{"count":0,"href":"http:\/\/stationdg.cluster015.ovh.net\/es\/wp-json\/wp\/v2\/pages\/1198\/revisions"}],"up":[{"embeddable":true,"href":"http:\/\/stationdg.cluster015.ovh.net\/es\/wp-json\/wp\/v2\/pages\/1003"}],"wp:featuredmedia":[{"embeddable":true,"href":"http:\/\/stationdg.cluster015.ovh.net\/es\/wp-json\/wp\/v2\/media\/907"}],"wp:attachment":[{"href":"http:\/\/stationdg.cluster015.ovh.net\/es\/wp-json\/wp\/v2\/media?parent=1198"}],"curies":[{"name":"wp","href":"https:\/\/api.w.org\/{rel}","templated":true}]}}