{"id":1196,"date":"2023-10-09T09:54:41","date_gmt":"2023-10-09T07:54:41","guid":{"rendered":"http:\/\/localhost:8888\/hgm\/informacion-practica\/seguro\/"},"modified":"2024-04-08T14:23:35","modified_gmt":"2024-04-08T12:23:35","slug":"seguro","status":"publish","type":"page","link":"http:\/\/stationdg.cluster015.ovh.net\/es\/informacion-practica\/seguro\/","title":{"rendered":"Seguro &#8211; comprar mi forfait con seguro"},"content":{"rendered":"<h2>BIEN ASEGURADO, PRESERVE SU SEGURIDAD EN LAS PISTAS con el Seguro de Esqu\u00ed<\/h2>\n<p>Seguro de esqu\u00ed, Assur&#8217;Glisse es el seguro que le ofrece su estaci\u00f3n. Le ofrece garant\u00edas<br \/>\nespec\u00edfica de la pr\u00e1ctica del esqu\u00ed en las zonas de esqu\u00ed, y reduce o anula los costes<br \/>\nque tendr\u00edas que soportar tras un accidente en las pistas.<\/p>\n<p>&nbsp;<\/p>\n","protected":false},"excerpt":{"rendered":"<p>BIEN ASEGURADO, PRESERVE SU SEGURIDAD EN LAS PISTAS con el Seguro de Esqu\u00ed Seguro de esqu\u00ed, Assur&#8217;Glisse es el seguro que le ofrece su estaci\u00f3n. Le ofrece garant\u00edas espec\u00edfica de [&hellip;]<\/p>\n","protected":false},"author":1,"featured_media":3050,"parent":1003,"menu_order":0,"comment_status":"closed","ping_status":"closed","template":"","meta":{"_acf_changed":false,"footnotes":""},"class_list":["post-1196","page","type-page","status-publish","has-post-thumbnail","hentry"],"acf":[],"yoast_head":"<!-- This site is optimized with the Yoast SEO plugin v27.4 - https:\/\/yoast.com\/product\/yoast-seo-wordpress\/ -->\n<title>Assurance Ski - Haute-Garonne Montagne<\/title>\n<meta name=\"description\" content=\"Descubra un seguro de esqu\u00ed adaptado a sus necesidades, que le garantizar\u00e1 una experiencia de esqu\u00ed sin preocupaciones en el coraz\u00f3n de los Pirineos. En una palabra: \u00a1AVENTAJATE!\" \/>\n<meta name=\"robots\" content=\"index, follow, max-snippet:-1, max-image-preview:large, max-video-preview:-1\" \/>\n<link rel=\"canonical\" href=\"http:\/\/stationdg.cluster015.ovh.net\/es\/informacion-practica\/seguro\/\" \/>\n<meta property=\"og:locale\" content=\"es_ES\" \/>\n<meta property=\"og:type\" content=\"article\" \/>\n<meta property=\"og:title\" content=\"Assurance Ski - Haute-Garonne Montagne\" \/>\n<meta property=\"og:description\" content=\"Descubra un seguro de esqu\u00ed adaptado a sus necesidades, que le garantizar\u00e1 una experiencia de esqu\u00ed sin preocupaciones en el coraz\u00f3n de los Pirineos. En una palabra: \u00a1AVENTAJATE!\" \/>\n<meta property=\"og:url\" content=\"http:\/\/stationdg.cluster015.ovh.net\/es\/informacion-practica\/seguro\/\" \/>\n<meta property=\"og:site_name\" content=\"Haute-Garonne Montagne\" \/>\n<meta property=\"article:modified_time\" content=\"2024-04-08T12:23:35+00:00\" \/>\n<meta property=\"og:image\" content=\"https:\/\/stationdg.cluster015.ovh.net\/wp-content\/uploads\/LANDING-PAGE-SIMONE_photo2.png\" \/>\n\t<meta property=\"og:image:width\" content=\"1948\" \/>\n\t<meta property=\"og:image:height\" content=\"856\" \/>\n\t<meta property=\"og:image:type\" content=\"image\/png\" \/>\n<meta name=\"twitter:card\" content=\"summary_large_image\" \/>\n<script type=\"application\/ld+json\" class=\"yoast-schema-graph\">{\"@context\":\"https:\\\/\\\/schema.org\",\"@graph\":[{\"@type\":\"WebPage\",\"@id\":\"http:\\\/\\\/stationdg.cluster015.ovh.net\\\/es\\\/informacion-practica\\\/seguro\\\/\",\"url\":\"http:\\\/\\\/stationdg.cluster015.ovh.net\\\/es\\\/informacion-practica\\\/seguro\\\/\",\"name\":\"Assurance Ski - Haute-Garonne Montagne\",\"isPartOf\":{\"@id\":\"http:\\\/\\\/stationdg.cluster015.ovh.net\\\/es\\\/#website\"},\"primaryImageOfPage\":{\"@id\":\"http:\\\/\\\/stationdg.cluster015.ovh.net\\\/es\\\/informacion-practica\\\/seguro\\\/#primaryimage\"},\"image\":{\"@id\":\"http:\\\/\\\/stationdg.cluster015.ovh.net\\\/es\\\/informacion-practica\\\/seguro\\\/#primaryimage\"},\"thumbnailUrl\":\"http:\\\/\\\/stationdg.cluster015.ovh.net\\\/wp-content\\\/uploads\\\/LANDING-PAGE-SIMONE_photo2.png\",\"datePublished\":\"2023-10-09T07:54:41+00:00\",\"dateModified\":\"2024-04-08T12:23:35+00:00\",\"description\":\"Descubra un seguro de esqu\u00ed adaptado a sus necesidades, que le garantizar\u00e1 una experiencia de esqu\u00ed sin preocupaciones en el coraz\u00f3n de los Pirineos. En una palabra: \u00a1AVENTAJATE!\",\"breadcrumb\":{\"@id\":\"http:\\\/\\\/stationdg.cluster015.ovh.net\\\/es\\\/informacion-practica\\\/seguro\\\/#breadcrumb\"},\"inLanguage\":\"es\",\"potentialAction\":[{\"@type\":\"ReadAction\",\"target\":[\"http:\\\/\\\/stationdg.cluster015.ovh.net\\\/es\\\/informacion-practica\\\/seguro\\\/\"]}]},{\"@type\":\"ImageObject\",\"inLanguage\":\"es\",\"@id\":\"http:\\\/\\\/stationdg.cluster015.ovh.net\\\/es\\\/informacion-practica\\\/seguro\\\/#primaryimage\",\"url\":\"http:\\\/\\\/stationdg.cluster015.ovh.net\\\/wp-content\\\/uploads\\\/LANDING-PAGE-SIMONE_photo2.png\",\"contentUrl\":\"http:\\\/\\\/stationdg.cluster015.ovh.net\\\/wp-content\\\/uploads\\\/LANDING-PAGE-SIMONE_photo2.png\",\"width\":1948,\"height\":856},{\"@type\":\"BreadcrumbList\",\"@id\":\"http:\\\/\\\/stationdg.cluster015.ovh.net\\\/es\\\/informacion-practica\\\/seguro\\\/#breadcrumb\",\"itemListElement\":[{\"@type\":\"ListItem\",\"position\":1,\"name\":\"Accueil\",\"item\":\"http:\\\/\\\/stationdg.cluster015.ovh.net\\\/es\\\/\"},{\"@type\":\"ListItem\",\"position\":2,\"name\":\"Informaci\u00f3n pr\u00e1ctica\",\"item\":\"http:\\\/\\\/stationdg.cluster015.ovh.net\\\/es\\\/informacion-practica\\\/\"},{\"@type\":\"ListItem\",\"position\":3,\"name\":\"Seguro &#8211; comprar mi forfait con seguro\"}]},{\"@type\":\"WebSite\",\"@id\":\"http:\\\/\\\/stationdg.cluster015.ovh.net\\\/es\\\/#website\",\"url\":\"http:\\\/\\\/stationdg.cluster015.ovh.net\\\/es\\\/\",\"name\":\"Haute-Garonne Montagne\",\"description\":\"Luchon-Superbagn\u00e8res - Le Mourtis - Bourg d&#039;Oueil\",\"publisher\":{\"@id\":\"http:\\\/\\\/stationdg.cluster015.ovh.net\\\/es\\\/#organization\"},\"potentialAction\":[{\"@type\":\"SearchAction\",\"target\":{\"@type\":\"EntryPoint\",\"urlTemplate\":\"http:\\\/\\\/stationdg.cluster015.ovh.net\\\/es\\\/?s={search_term_string}\"},\"query-input\":{\"@type\":\"PropertyValueSpecification\",\"valueRequired\":true,\"valueName\":\"search_term_string\"}}],\"inLanguage\":\"es\"},{\"@type\":\"Organization\",\"@id\":\"http:\\\/\\\/stationdg.cluster015.ovh.net\\\/es\\\/#organization\",\"name\":\"Haute-Garonne Montagne\",\"url\":\"http:\\\/\\\/stationdg.cluster015.ovh.net\\\/es\\\/\",\"logo\":{\"@type\":\"ImageObject\",\"inLanguage\":\"es\",\"@id\":\"http:\\\/\\\/stationdg.cluster015.ovh.net\\\/es\\\/#\\\/schema\\\/logo\\\/image\\\/\",\"url\":\"https:\\\/\\\/haute-garonne-montagne.com\\\/wp-content\\\/uploads\\\/logo-hgm.png\",\"contentUrl\":\"https:\\\/\\\/haute-garonne-montagne.com\\\/wp-content\\\/uploads\\\/logo-hgm.png\",\"width\":520,\"height\":520,\"caption\":\"Haute-Garonne Montagne\"},\"image\":{\"@id\":\"http:\\\/\\\/stationdg.cluster015.ovh.net\\\/es\\\/#\\\/schema\\\/logo\\\/image\\\/\"}}]}<\/script>\n<!-- \/ Yoast SEO plugin. -->","yoast_head_json":{"title":"Assurance Ski - Haute-Garonne Montagne","description":"Descubra un seguro de esqu\u00ed adaptado a sus necesidades, que le garantizar\u00e1 una experiencia de esqu\u00ed sin preocupaciones en el coraz\u00f3n de los Pirineos. En una palabra: \u00a1AVENTAJATE!","robots":{"index":"index","follow":"follow","max-snippet":"max-snippet:-1","max-image-preview":"max-image-preview:large","max-video-preview":"max-video-preview:-1"},"canonical":"http:\/\/stationdg.cluster015.ovh.net\/es\/informacion-practica\/seguro\/","og_locale":"es_ES","og_type":"article","og_title":"Assurance Ski - Haute-Garonne Montagne","og_description":"Descubra un seguro de esqu\u00ed adaptado a sus necesidades, que le garantizar\u00e1 una experiencia de esqu\u00ed sin preocupaciones en el coraz\u00f3n de los Pirineos. En una palabra: \u00a1AVENTAJATE!","og_url":"http:\/\/stationdg.cluster015.ovh.net\/es\/informacion-practica\/seguro\/","og_site_name":"Haute-Garonne Montagne","article_modified_time":"2024-04-08T12:23:35+00:00","og_image":[{"url":"https:\/\/stationdg.cluster015.ovh.net\/wp-content\/uploads\/LANDING-PAGE-SIMONE_photo2.png","width":1948,"height":856,"type":"image\/png"}],"twitter_card":"summary_large_image","schema":{"@context":"https:\/\/schema.org","@graph":[{"@type":"WebPage","@id":"http:\/\/stationdg.cluster015.ovh.net\/es\/informacion-practica\/seguro\/","url":"http:\/\/stationdg.cluster015.ovh.net\/es\/informacion-practica\/seguro\/","name":"Assurance Ski - Haute-Garonne Montagne","isPartOf":{"@id":"http:\/\/stationdg.cluster015.ovh.net\/es\/#website"},"primaryImageOfPage":{"@id":"http:\/\/stationdg.cluster015.ovh.net\/es\/informacion-practica\/seguro\/#primaryimage"},"image":{"@id":"http:\/\/stationdg.cluster015.ovh.net\/es\/informacion-practica\/seguro\/#primaryimage"},"thumbnailUrl":"http:\/\/stationdg.cluster015.ovh.net\/wp-content\/uploads\/LANDING-PAGE-SIMONE_photo2.png","datePublished":"2023-10-09T07:54:41+00:00","dateModified":"2024-04-08T12:23:35+00:00","description":"Descubra un seguro de esqu\u00ed adaptado a sus necesidades, que le garantizar\u00e1 una experiencia de esqu\u00ed sin preocupaciones en el coraz\u00f3n de los Pirineos. En una palabra: \u00a1AVENTAJATE!","breadcrumb":{"@id":"http:\/\/stationdg.cluster015.ovh.net\/es\/informacion-practica\/seguro\/#breadcrumb"},"inLanguage":"es","potentialAction":[{"@type":"ReadAction","target":["http:\/\/stationdg.cluster015.ovh.net\/es\/informacion-practica\/seguro\/"]}]},{"@type":"ImageObject","inLanguage":"es","@id":"http:\/\/stationdg.cluster015.ovh.net\/es\/informacion-practica\/seguro\/#primaryimage","url":"http:\/\/stationdg.cluster015.ovh.net\/wp-content\/uploads\/LANDING-PAGE-SIMONE_photo2.png","contentUrl":"http:\/\/stationdg.cluster015.ovh.net\/wp-content\/uploads\/LANDING-PAGE-SIMONE_photo2.png","width":1948,"height":856},{"@type":"BreadcrumbList","@id":"http:\/\/stationdg.cluster015.ovh.net\/es\/informacion-practica\/seguro\/#breadcrumb","itemListElement":[{"@type":"ListItem","position":1,"name":"Accueil","item":"http:\/\/stationdg.cluster015.ovh.net\/es\/"},{"@type":"ListItem","position":2,"name":"Informaci\u00f3n pr\u00e1ctica","item":"http:\/\/stationdg.cluster015.ovh.net\/es\/informacion-practica\/"},{"@type":"ListItem","position":3,"name":"Seguro &#8211; comprar mi forfait con seguro"}]},{"@type":"WebSite","@id":"http:\/\/stationdg.cluster015.ovh.net\/es\/#website","url":"http:\/\/stationdg.cluster015.ovh.net\/es\/","name":"Haute-Garonne Montagne","description":"Luchon-Superbagn\u00e8res - Le Mourtis - Bourg d&#039;Oueil","publisher":{"@id":"http:\/\/stationdg.cluster015.ovh.net\/es\/#organization"},"potentialAction":[{"@type":"SearchAction","target":{"@type":"EntryPoint","urlTemplate":"http:\/\/stationdg.cluster015.ovh.net\/es\/?s={search_term_string}"},"query-input":{"@type":"PropertyValueSpecification","valueRequired":true,"valueName":"search_term_string"}}],"inLanguage":"es"},{"@type":"Organization","@id":"http:\/\/stationdg.cluster015.ovh.net\/es\/#organization","name":"Haute-Garonne Montagne","url":"http:\/\/stationdg.cluster015.ovh.net\/es\/","logo":{"@type":"ImageObject","inLanguage":"es","@id":"http:\/\/stationdg.cluster015.ovh.net\/es\/#\/schema\/logo\/image\/","url":"https:\/\/haute-garonne-montagne.com\/wp-content\/uploads\/logo-hgm.png","contentUrl":"https:\/\/haute-garonne-montagne.com\/wp-content\/uploads\/logo-hgm.png","width":520,"height":520,"caption":"Haute-Garonne Montagne"},"image":{"@id":"http:\/\/stationdg.cluster015.ovh.net\/es\/#\/schema\/logo\/image\/"}}]}},"_links":{"self":[{"href":"http:\/\/stationdg.cluster015.ovh.net\/es\/wp-json\/wp\/v2\/pages\/1196","targetHints":{"allow":["GET"]}}],"collection":[{"href":"http:\/\/stationdg.cluster015.ovh.net\/es\/wp-json\/wp\/v2\/pages"}],"about":[{"href":"http:\/\/stationdg.cluster015.ovh.net\/es\/wp-json\/wp\/v2\/types\/page"}],"author":[{"embeddable":true,"href":"http:\/\/stationdg.cluster015.ovh.net\/es\/wp-json\/wp\/v2\/users\/1"}],"replies":[{"embeddable":true,"href":"http:\/\/stationdg.cluster015.ovh.net\/es\/wp-json\/wp\/v2\/comments?post=1196"}],"version-history":[{"count":0,"href":"http:\/\/stationdg.cluster015.ovh.net\/es\/wp-json\/wp\/v2\/pages\/1196\/revisions"}],"up":[{"embeddable":true,"href":"http:\/\/stationdg.cluster015.ovh.net\/es\/wp-json\/wp\/v2\/pages\/1003"}],"wp:featuredmedia":[{"embeddable":true,"href":"http:\/\/stationdg.cluster015.ovh.net\/es\/wp-json\/wp\/v2\/media\/3050"}],"wp:attachment":[{"href":"http:\/\/stationdg.cluster015.ovh.net\/es\/wp-json\/wp\/v2\/media?parent=1196"}],"curies":[{"name":"wp","href":"https:\/\/api.w.org\/{rel}","templated":true}]}}