{"id":1190,"date":"2023-10-09T11:15:28","date_gmt":"2023-10-09T09:15:28","guid":{"rendered":"http:\/\/localhost:8888\/hgm\/a-proposito\/nuestro-enfoque\/"},"modified":"2024-04-09T09:53:09","modified_gmt":"2024-04-09T07:53:09","slug":"nuestros-compromisos","status":"publish","type":"page","link":"http:\/\/stationdg.cluster015.ovh.net\/es\/nuestro-adn\/nuestros-compromisos\/","title":{"rendered":"Nuestros compromisos"},"content":{"rendered":"<p><span class=\"lead\">Promovemos activamente el turismo sostenible para proteger el entorno natural de nuestras estaciones de esqu\u00ed. Aqu\u00ed est\u00e1n nuestros compromisos. Reducir nuestra huella ecol\u00f3gica y concienciar a nuestros visitantes sobre la preservaci\u00f3n de este patrimonio natural. Nuestro objetivo es mantener la integridad de nuestras maravillas monta\u00f1osas e inspirar un profundo respeto por la naturaleza.<\/span><\/p>\n","protected":false},"excerpt":{"rendered":"<p>Promovemos activamente el turismo sostenible para proteger el entorno natural de nuestras estaciones de esqu\u00ed. Aqu\u00ed est\u00e1n nuestros compromisos. Reducir nuestra huella ecol\u00f3gica y concienciar a nuestros visitantes sobre la [&hellip;]<\/p>\n","protected":false},"author":1,"featured_media":883,"parent":1188,"menu_order":0,"comment_status":"closed","ping_status":"closed","template":"","meta":{"_acf_changed":false,"footnotes":""},"class_list":["post-1190","page","type-page","status-publish","has-post-thumbnail","hentry"],"acf":[],"yoast_head":"<!-- This site is optimized with the Yoast SEO plugin v27.4 - https:\/\/yoast.com\/product\/yoast-seo-wordpress\/ -->\n<title>Nuestros compromisos - Haute-Garonne Montagne<\/title>\n<meta name=\"description\" content=\"Descubra nuestros compromisos en Haute-Garonne Montagne por un turismo sostenible, respetuoso con el medio ambiente, responsable y aut\u00e9ntico.\" \/>\n<meta name=\"robots\" content=\"index, follow, max-snippet:-1, max-image-preview:large, max-video-preview:-1\" \/>\n<link rel=\"canonical\" href=\"http:\/\/stationdg.cluster015.ovh.net\/es\/nuestro-adn\/nuestros-compromisos\/\" \/>\n<meta property=\"og:locale\" content=\"es_ES\" \/>\n<meta property=\"og:type\" content=\"article\" \/>\n<meta property=\"og:title\" content=\"Nuestros compromisos - Haute-Garonne Montagne\" \/>\n<meta property=\"og:description\" content=\"Descubra nuestros compromisos en Haute-Garonne Montagne por un turismo sostenible, respetuoso con el medio ambiente, responsable y aut\u00e9ntico.\" \/>\n<meta property=\"og:url\" content=\"http:\/\/stationdg.cluster015.ovh.net\/es\/nuestro-adn\/nuestros-compromisos\/\" \/>\n<meta property=\"og:site_name\" content=\"Haute-Garonne Montagne\" \/>\n<meta property=\"article:modified_time\" content=\"2024-04-09T07:53:09+00:00\" \/>\n<meta property=\"og:image\" content=\"http:\/\/stationdg.cluster015.ovh.net\/wp-content\/uploads\/superbagneres_neige_sapins_station-de-ski-scaled.jpg\" \/>\n\t<meta property=\"og:image:width\" content=\"2560\" \/>\n\t<meta property=\"og:image:height\" content=\"1452\" \/>\n\t<meta property=\"og:image:type\" content=\"image\/jpeg\" \/>\n<meta name=\"twitter:card\" content=\"summary_large_image\" \/>\n<script type=\"application\/ld+json\" class=\"yoast-schema-graph\">{\"@context\":\"https:\\\/\\\/schema.org\",\"@graph\":[{\"@type\":\"WebPage\",\"@id\":\"http:\\\/\\\/stationdg.cluster015.ovh.net\\\/es\\\/nuestro-adn\\\/nuestros-compromisos\\\/\",\"url\":\"http:\\\/\\\/stationdg.cluster015.ovh.net\\\/es\\\/nuestro-adn\\\/nuestros-compromisos\\\/\",\"name\":\"Nuestros compromisos - Haute-Garonne Montagne\",\"isPartOf\":{\"@id\":\"http:\\\/\\\/stationdg.cluster015.ovh.net\\\/es\\\/#website\"},\"primaryImageOfPage\":{\"@id\":\"http:\\\/\\\/stationdg.cluster015.ovh.net\\\/es\\\/nuestro-adn\\\/nuestros-compromisos\\\/#primaryimage\"},\"image\":{\"@id\":\"http:\\\/\\\/stationdg.cluster015.ovh.net\\\/es\\\/nuestro-adn\\\/nuestros-compromisos\\\/#primaryimage\"},\"thumbnailUrl\":\"http:\\\/\\\/stationdg.cluster015.ovh.net\\\/wp-content\\\/uploads\\\/superbagneres_neige_sapins_station-de-ski-scaled.jpg\",\"datePublished\":\"2023-10-09T09:15:28+00:00\",\"dateModified\":\"2024-04-09T07:53:09+00:00\",\"description\":\"Descubra nuestros compromisos en Haute-Garonne Montagne por un turismo sostenible, respetuoso con el medio ambiente, responsable y aut\u00e9ntico.\",\"breadcrumb\":{\"@id\":\"http:\\\/\\\/stationdg.cluster015.ovh.net\\\/es\\\/nuestro-adn\\\/nuestros-compromisos\\\/#breadcrumb\"},\"inLanguage\":\"es\",\"potentialAction\":[{\"@type\":\"ReadAction\",\"target\":[\"http:\\\/\\\/stationdg.cluster015.ovh.net\\\/es\\\/nuestro-adn\\\/nuestros-compromisos\\\/\"]}]},{\"@type\":\"ImageObject\",\"inLanguage\":\"es\",\"@id\":\"http:\\\/\\\/stationdg.cluster015.ovh.net\\\/es\\\/nuestro-adn\\\/nuestros-compromisos\\\/#primaryimage\",\"url\":\"http:\\\/\\\/stationdg.cluster015.ovh.net\\\/wp-content\\\/uploads\\\/superbagneres_neige_sapins_station-de-ski-scaled.jpg\",\"contentUrl\":\"http:\\\/\\\/stationdg.cluster015.ovh.net\\\/wp-content\\\/uploads\\\/superbagneres_neige_sapins_station-de-ski-scaled.jpg\",\"width\":2560,\"height\":1452,\"caption\":\"Station de ski de superbagneres sous une couche de neige fraiche et le soleil levant sur la vall\u00e9e de luchon dans les pyr\u00e9n\u00e9es\"},{\"@type\":\"BreadcrumbList\",\"@id\":\"http:\\\/\\\/stationdg.cluster015.ovh.net\\\/es\\\/nuestro-adn\\\/nuestros-compromisos\\\/#breadcrumb\",\"itemListElement\":[{\"@type\":\"ListItem\",\"position\":1,\"name\":\"Accueil\",\"item\":\"http:\\\/\\\/stationdg.cluster015.ovh.net\\\/es\\\/\"},{\"@type\":\"ListItem\",\"position\":2,\"name\":\"Nuestro ADN\",\"item\":\"http:\\\/\\\/stationdg.cluster015.ovh.net\\\/es\\\/nuestro-adn\\\/\"},{\"@type\":\"ListItem\",\"position\":3,\"name\":\"Nuestros compromisos\"}]},{\"@type\":\"WebSite\",\"@id\":\"http:\\\/\\\/stationdg.cluster015.ovh.net\\\/es\\\/#website\",\"url\":\"http:\\\/\\\/stationdg.cluster015.ovh.net\\\/es\\\/\",\"name\":\"Haute-Garonne Montagne\",\"description\":\"Luchon-Superbagn\u00e8res - Le Mourtis - Bourg d&#039;Oueil\",\"publisher\":{\"@id\":\"http:\\\/\\\/stationdg.cluster015.ovh.net\\\/es\\\/#organization\"},\"potentialAction\":[{\"@type\":\"SearchAction\",\"target\":{\"@type\":\"EntryPoint\",\"urlTemplate\":\"http:\\\/\\\/stationdg.cluster015.ovh.net\\\/es\\\/?s={search_term_string}\"},\"query-input\":{\"@type\":\"PropertyValueSpecification\",\"valueRequired\":true,\"valueName\":\"search_term_string\"}}],\"inLanguage\":\"es\"},{\"@type\":\"Organization\",\"@id\":\"http:\\\/\\\/stationdg.cluster015.ovh.net\\\/es\\\/#organization\",\"name\":\"Haute-Garonne Montagne\",\"url\":\"http:\\\/\\\/stationdg.cluster015.ovh.net\\\/es\\\/\",\"logo\":{\"@type\":\"ImageObject\",\"inLanguage\":\"es\",\"@id\":\"http:\\\/\\\/stationdg.cluster015.ovh.net\\\/es\\\/#\\\/schema\\\/logo\\\/image\\\/\",\"url\":\"https:\\\/\\\/haute-garonne-montagne.com\\\/wp-content\\\/uploads\\\/logo-hgm.png\",\"contentUrl\":\"https:\\\/\\\/haute-garonne-montagne.com\\\/wp-content\\\/uploads\\\/logo-hgm.png\",\"width\":520,\"height\":520,\"caption\":\"Haute-Garonne Montagne\"},\"image\":{\"@id\":\"http:\\\/\\\/stationdg.cluster015.ovh.net\\\/es\\\/#\\\/schema\\\/logo\\\/image\\\/\"}}]}<\/script>\n<!-- \/ Yoast SEO plugin. -->","yoast_head_json":{"title":"Nuestros compromisos - Haute-Garonne Montagne","description":"Descubra nuestros compromisos en Haute-Garonne Montagne por un turismo sostenible, respetuoso con el medio ambiente, responsable y aut\u00e9ntico.","robots":{"index":"index","follow":"follow","max-snippet":"max-snippet:-1","max-image-preview":"max-image-preview:large","max-video-preview":"max-video-preview:-1"},"canonical":"http:\/\/stationdg.cluster015.ovh.net\/es\/nuestro-adn\/nuestros-compromisos\/","og_locale":"es_ES","og_type":"article","og_title":"Nuestros compromisos - Haute-Garonne Montagne","og_description":"Descubra nuestros compromisos en Haute-Garonne Montagne por un turismo sostenible, respetuoso con el medio ambiente, responsable y aut\u00e9ntico.","og_url":"http:\/\/stationdg.cluster015.ovh.net\/es\/nuestro-adn\/nuestros-compromisos\/","og_site_name":"Haute-Garonne Montagne","article_modified_time":"2024-04-09T07:53:09+00:00","og_image":[{"width":2560,"height":1452,"url":"http:\/\/stationdg.cluster015.ovh.net\/wp-content\/uploads\/superbagneres_neige_sapins_station-de-ski-scaled.jpg","type":"image\/jpeg"}],"twitter_card":"summary_large_image","schema":{"@context":"https:\/\/schema.org","@graph":[{"@type":"WebPage","@id":"http:\/\/stationdg.cluster015.ovh.net\/es\/nuestro-adn\/nuestros-compromisos\/","url":"http:\/\/stationdg.cluster015.ovh.net\/es\/nuestro-adn\/nuestros-compromisos\/","name":"Nuestros compromisos - Haute-Garonne Montagne","isPartOf":{"@id":"http:\/\/stationdg.cluster015.ovh.net\/es\/#website"},"primaryImageOfPage":{"@id":"http:\/\/stationdg.cluster015.ovh.net\/es\/nuestro-adn\/nuestros-compromisos\/#primaryimage"},"image":{"@id":"http:\/\/stationdg.cluster015.ovh.net\/es\/nuestro-adn\/nuestros-compromisos\/#primaryimage"},"thumbnailUrl":"http:\/\/stationdg.cluster015.ovh.net\/wp-content\/uploads\/superbagneres_neige_sapins_station-de-ski-scaled.jpg","datePublished":"2023-10-09T09:15:28+00:00","dateModified":"2024-04-09T07:53:09+00:00","description":"Descubra nuestros compromisos en Haute-Garonne Montagne por un turismo sostenible, respetuoso con el medio ambiente, responsable y aut\u00e9ntico.","breadcrumb":{"@id":"http:\/\/stationdg.cluster015.ovh.net\/es\/nuestro-adn\/nuestros-compromisos\/#breadcrumb"},"inLanguage":"es","potentialAction":[{"@type":"ReadAction","target":["http:\/\/stationdg.cluster015.ovh.net\/es\/nuestro-adn\/nuestros-compromisos\/"]}]},{"@type":"ImageObject","inLanguage":"es","@id":"http:\/\/stationdg.cluster015.ovh.net\/es\/nuestro-adn\/nuestros-compromisos\/#primaryimage","url":"http:\/\/stationdg.cluster015.ovh.net\/wp-content\/uploads\/superbagneres_neige_sapins_station-de-ski-scaled.jpg","contentUrl":"http:\/\/stationdg.cluster015.ovh.net\/wp-content\/uploads\/superbagneres_neige_sapins_station-de-ski-scaled.jpg","width":2560,"height":1452,"caption":"Station de ski de superbagneres sous une couche de neige fraiche et le soleil levant sur la vall\u00e9e de luchon dans les pyr\u00e9n\u00e9es"},{"@type":"BreadcrumbList","@id":"http:\/\/stationdg.cluster015.ovh.net\/es\/nuestro-adn\/nuestros-compromisos\/#breadcrumb","itemListElement":[{"@type":"ListItem","position":1,"name":"Accueil","item":"http:\/\/stationdg.cluster015.ovh.net\/es\/"},{"@type":"ListItem","position":2,"name":"Nuestro ADN","item":"http:\/\/stationdg.cluster015.ovh.net\/es\/nuestro-adn\/"},{"@type":"ListItem","position":3,"name":"Nuestros compromisos"}]},{"@type":"WebSite","@id":"http:\/\/stationdg.cluster015.ovh.net\/es\/#website","url":"http:\/\/stationdg.cluster015.ovh.net\/es\/","name":"Haute-Garonne Montagne","description":"Luchon-Superbagn\u00e8res - Le Mourtis - Bourg d&#039;Oueil","publisher":{"@id":"http:\/\/stationdg.cluster015.ovh.net\/es\/#organization"},"potentialAction":[{"@type":"SearchAction","target":{"@type":"EntryPoint","urlTemplate":"http:\/\/stationdg.cluster015.ovh.net\/es\/?s={search_term_string}"},"query-input":{"@type":"PropertyValueSpecification","valueRequired":true,"valueName":"search_term_string"}}],"inLanguage":"es"},{"@type":"Organization","@id":"http:\/\/stationdg.cluster015.ovh.net\/es\/#organization","name":"Haute-Garonne Montagne","url":"http:\/\/stationdg.cluster015.ovh.net\/es\/","logo":{"@type":"ImageObject","inLanguage":"es","@id":"http:\/\/stationdg.cluster015.ovh.net\/es\/#\/schema\/logo\/image\/","url":"https:\/\/haute-garonne-montagne.com\/wp-content\/uploads\/logo-hgm.png","contentUrl":"https:\/\/haute-garonne-montagne.com\/wp-content\/uploads\/logo-hgm.png","width":520,"height":520,"caption":"Haute-Garonne Montagne"},"image":{"@id":"http:\/\/stationdg.cluster015.ovh.net\/es\/#\/schema\/logo\/image\/"}}]}},"_links":{"self":[{"href":"http:\/\/stationdg.cluster015.ovh.net\/es\/wp-json\/wp\/v2\/pages\/1190","targetHints":{"allow":["GET"]}}],"collection":[{"href":"http:\/\/stationdg.cluster015.ovh.net\/es\/wp-json\/wp\/v2\/pages"}],"about":[{"href":"http:\/\/stationdg.cluster015.ovh.net\/es\/wp-json\/wp\/v2\/types\/page"}],"author":[{"embeddable":true,"href":"http:\/\/stationdg.cluster015.ovh.net\/es\/wp-json\/wp\/v2\/users\/1"}],"replies":[{"embeddable":true,"href":"http:\/\/stationdg.cluster015.ovh.net\/es\/wp-json\/wp\/v2\/comments?post=1190"}],"version-history":[{"count":0,"href":"http:\/\/stationdg.cluster015.ovh.net\/es\/wp-json\/wp\/v2\/pages\/1190\/revisions"}],"up":[{"embeddable":true,"href":"http:\/\/stationdg.cluster015.ovh.net\/es\/wp-json\/wp\/v2\/pages\/1188"}],"wp:featuredmedia":[{"embeddable":true,"href":"http:\/\/stationdg.cluster015.ovh.net\/es\/wp-json\/wp\/v2\/media\/883"}],"wp:attachment":[{"href":"http:\/\/stationdg.cluster015.ovh.net\/es\/wp-json\/wp\/v2\/media?parent=1190"}],"curies":[{"name":"wp","href":"https:\/\/api.w.org\/{rel}","templated":true}]}}