{"id":1073,"date":"2023-09-05T09:57:04","date_gmt":"2023-09-05T07:57:04","guid":{"rendered":"http:\/\/localhost:8888\/hgm\/informacion-legal\/notas-legales\/"},"modified":"2024-04-08T14:22:39","modified_gmt":"2024-04-08T12:22:39","slug":"notas-legales","status":"publish","type":"page","link":"http:\/\/stationdg.cluster015.ovh.net\/es\/informacion-legal\/notas-legales\/","title":{"rendered":"Notas legales"},"content":{"rendered":"<h2>Editor del sitio<\/h2>\n<p><strong>Monta\u00f1a del Alto Garona<\/strong><\/p>\n<p>Si\u00e8ge social : 76 avenue Jean Jaur\u00e8s &#8211; 31110 Bagn\u00e8res de Luchon<\/p>\n<p>Tel\u00e9fono : <span style=\"font-weight: 400;\">05 61 79 97 00<\/span><\/p>\n<p>E-mail : info@hg-montagne.com<\/p>\n<p>N\u00famero SIRET: <span style=\"font-weight: 400;\">200 081 875<\/span><\/p>\n<p>Directora de publicaci\u00f3n: <span style=\"font-weight: 400;\">Gianni Ragona<\/span><\/p>\n<h2>Anfitri\u00f3n<\/h2>\n<p>Nom de l&#8217;h\u00e9bergeur : OVH<\/p>\n<p>Adresse : 2 rue Kellermann, 59100 Roubaix, France<\/p>\n<h2>Propiedad intelectual<\/h2>\n<p>El contenido del sitio web, incluidos los textos, im\u00e1genes, logotipos y cualquier otro elemento, es propiedad de Haute-Garonne Montagne o de terceros que han autorizado a Haute-Garonne Montagne a utilizarlos. Cualquier uso no autorizado del contenido de este sitio puede violar los derechos de autor, marcas registradas u otras leyes aplicables.<\/p>\n<h2>Protecci\u00f3n y recopilaci\u00f3n de datos personales<\/h2>\n<p>Haute-Garonne Montagne se compromete a proteger la confidencialidad de los datos personales que usted pueda proporcionar mientras navega por este sitio. Para obtener m\u00e1s informaci\u00f3n sobre la recogida, tratamiento y protecci\u00f3n de sus datos personales, consulte nuestra pol\u00edtica de privacidad.<\/p>\n<p>La informaci\u00f3n recopilada a trav\u00e9s del sitio se utiliza \u00fanicamente con el fin de brindarle los servicios solicitados. Seg\u00fan la ley, tienes derecho a acceder, modificar o suprimir tus datos personales. Para ejercer estos derechos, p\u00f3ngase en contacto con nosotros en la direcci\u00f3n mencionada anteriormente.<\/p>\n<h2>Galletas<\/h2>\n<p>El sitio utiliza cookies para mejorar su experiencia en l\u00ednea. Las cookies son peque\u00f1os archivos almacenados en su navegador para facilitar la navegaci\u00f3n y recopilar informaci\u00f3n sobre el uso del sitio. Puede desactivar las cookies en la configuraci\u00f3n de su navegador si lo desea.<\/p>\n<h2>Enlaces externos<\/h2>\n<p>El sitio Haute-Garonne Montagne puede contener enlaces de hipertexto a otros sitios web. Haute-Garonne Montagne declina toda responsabilidad por el contenido de estos sitios de terceros. Los enlaces se proporcionan \u00fanicamente con fines informativos.<\/p>\n<h2>Responsabilidad<\/h2>\n<p>Haute-Garonne Montagne no se hace responsable de errores, omisiones o inexactitudes en el sitio. Cualquier uso de la informaci\u00f3n en el sitio es bajo su propio riesgo.<\/p>\n<h2>Derecho aplicable<\/h2>\n<p>Estos avisos legales se rigen por las leyes vigentes en Francia. Cualquier litigio relacionado con el sitio estar\u00e1 sujeto a la jurisdicci\u00f3n exclusiva de los tribunales franceses.<\/p>\n<p>Gracias por visitar nuestro sitio. Para cualquier duda o solicitud de informaci\u00f3n, p\u00f3ngase en contacto con nosotros utilizando los datos de contacto mencionados anteriormente.<\/p>\n<p><em>El equipo del Alto Garona Monta\u00f1a<\/em><\/p>\n","protected":false},"excerpt":{"rendered":"<p>Editor del sitio Monta\u00f1a del Alto Garona Si\u00e8ge social : 76 avenue Jean Jaur\u00e8s &#8211; 31110 Bagn\u00e8res de Luchon Tel\u00e9fono : 05 61 79 97 00 E-mail : info@hg-montagne.com N\u00famero [&hellip;]<\/p>\n","protected":false},"author":1,"featured_media":0,"parent":997,"menu_order":0,"comment_status":"closed","ping_status":"closed","template":"","meta":{"_acf_changed":false,"footnotes":""},"class_list":["post-1073","page","type-page","status-publish","hentry"],"acf":[],"yoast_head":"<!-- This site is optimized with the Yoast SEO plugin v27.4 - https:\/\/yoast.com\/product\/yoast-seo-wordpress\/ -->\n<title>Mentions legales - Haute-Garonne Montagne<\/title>\n<meta name=\"description\" content=\"Consulte los avisos legales del sitio web Haute-Garonne Montagne: protecci\u00f3n de sus datos personales y compromisos con nuestros usuarios.\" \/>\n<meta name=\"robots\" content=\"index, follow, max-snippet:-1, max-image-preview:large, max-video-preview:-1\" \/>\n<link rel=\"canonical\" href=\"http:\/\/stationdg.cluster015.ovh.net\/es\/informacion-legal\/notas-legales\/\" \/>\n<meta property=\"og:locale\" content=\"es_ES\" \/>\n<meta property=\"og:type\" content=\"article\" \/>\n<meta property=\"og:title\" content=\"Mentions legales - Haute-Garonne Montagne\" \/>\n<meta property=\"og:description\" content=\"Consulte los avisos legales del sitio web Haute-Garonne Montagne: protecci\u00f3n de sus datos personales y compromisos con nuestros usuarios.\" \/>\n<meta property=\"og:url\" content=\"http:\/\/stationdg.cluster015.ovh.net\/es\/informacion-legal\/notas-legales\/\" \/>\n<meta property=\"og:site_name\" content=\"Haute-Garonne Montagne\" \/>\n<meta property=\"article:modified_time\" content=\"2024-04-08T12:22:39+00:00\" \/>\n<meta name=\"twitter:card\" content=\"summary_large_image\" \/>\n<meta name=\"twitter:label1\" content=\"Tiempo de lectura\" \/>\n\t<meta name=\"twitter:data1\" content=\"2 minutos\" \/>\n<script type=\"application\/ld+json\" class=\"yoast-schema-graph\">{\"@context\":\"https:\\\/\\\/schema.org\",\"@graph\":[{\"@type\":\"WebPage\",\"@id\":\"http:\\\/\\\/stationdg.cluster015.ovh.net\\\/es\\\/informacion-legal\\\/notas-legales\\\/\",\"url\":\"http:\\\/\\\/stationdg.cluster015.ovh.net\\\/es\\\/informacion-legal\\\/notas-legales\\\/\",\"name\":\"Mentions legales - Haute-Garonne Montagne\",\"isPartOf\":{\"@id\":\"http:\\\/\\\/stationdg.cluster015.ovh.net\\\/es\\\/#website\"},\"datePublished\":\"2023-09-05T07:57:04+00:00\",\"dateModified\":\"2024-04-08T12:22:39+00:00\",\"description\":\"Consulte los avisos legales del sitio web Haute-Garonne Montagne: protecci\u00f3n de sus datos personales y compromisos con nuestros usuarios.\",\"breadcrumb\":{\"@id\":\"http:\\\/\\\/stationdg.cluster015.ovh.net\\\/es\\\/informacion-legal\\\/notas-legales\\\/#breadcrumb\"},\"inLanguage\":\"es\",\"potentialAction\":[{\"@type\":\"ReadAction\",\"target\":[\"http:\\\/\\\/stationdg.cluster015.ovh.net\\\/es\\\/informacion-legal\\\/notas-legales\\\/\"]}]},{\"@type\":\"BreadcrumbList\",\"@id\":\"http:\\\/\\\/stationdg.cluster015.ovh.net\\\/es\\\/informacion-legal\\\/notas-legales\\\/#breadcrumb\",\"itemListElement\":[{\"@type\":\"ListItem\",\"position\":1,\"name\":\"Accueil\",\"item\":\"http:\\\/\\\/stationdg.cluster015.ovh.net\\\/es\\\/\"},{\"@type\":\"ListItem\",\"position\":2,\"name\":\"Informaci\u00f3n legal\",\"item\":\"http:\\\/\\\/stationdg.cluster015.ovh.net\\\/es\\\/informacion-legal\\\/\"},{\"@type\":\"ListItem\",\"position\":3,\"name\":\"Notas legales\"}]},{\"@type\":\"WebSite\",\"@id\":\"http:\\\/\\\/stationdg.cluster015.ovh.net\\\/es\\\/#website\",\"url\":\"http:\\\/\\\/stationdg.cluster015.ovh.net\\\/es\\\/\",\"name\":\"Haute-Garonne Montagne\",\"description\":\"Luchon-Superbagn\u00e8res - Le Mourtis - Bourg d&#039;Oueil\",\"publisher\":{\"@id\":\"http:\\\/\\\/stationdg.cluster015.ovh.net\\\/es\\\/#organization\"},\"potentialAction\":[{\"@type\":\"SearchAction\",\"target\":{\"@type\":\"EntryPoint\",\"urlTemplate\":\"http:\\\/\\\/stationdg.cluster015.ovh.net\\\/es\\\/?s={search_term_string}\"},\"query-input\":{\"@type\":\"PropertyValueSpecification\",\"valueRequired\":true,\"valueName\":\"search_term_string\"}}],\"inLanguage\":\"es\"},{\"@type\":\"Organization\",\"@id\":\"http:\\\/\\\/stationdg.cluster015.ovh.net\\\/es\\\/#organization\",\"name\":\"Haute-Garonne Montagne\",\"url\":\"http:\\\/\\\/stationdg.cluster015.ovh.net\\\/es\\\/\",\"logo\":{\"@type\":\"ImageObject\",\"inLanguage\":\"es\",\"@id\":\"http:\\\/\\\/stationdg.cluster015.ovh.net\\\/es\\\/#\\\/schema\\\/logo\\\/image\\\/\",\"url\":\"https:\\\/\\\/haute-garonne-montagne.com\\\/wp-content\\\/uploads\\\/logo-hgm.png\",\"contentUrl\":\"https:\\\/\\\/haute-garonne-montagne.com\\\/wp-content\\\/uploads\\\/logo-hgm.png\",\"width\":520,\"height\":520,\"caption\":\"Haute-Garonne Montagne\"},\"image\":{\"@id\":\"http:\\\/\\\/stationdg.cluster015.ovh.net\\\/es\\\/#\\\/schema\\\/logo\\\/image\\\/\"}}]}<\/script>\n<!-- \/ Yoast SEO plugin. -->","yoast_head_json":{"title":"Mentions legales - Haute-Garonne Montagne","description":"Consulte los avisos legales del sitio web Haute-Garonne Montagne: protecci\u00f3n de sus datos personales y compromisos con nuestros usuarios.","robots":{"index":"index","follow":"follow","max-snippet":"max-snippet:-1","max-image-preview":"max-image-preview:large","max-video-preview":"max-video-preview:-1"},"canonical":"http:\/\/stationdg.cluster015.ovh.net\/es\/informacion-legal\/notas-legales\/","og_locale":"es_ES","og_type":"article","og_title":"Mentions legales - Haute-Garonne Montagne","og_description":"Consulte los avisos legales del sitio web Haute-Garonne Montagne: protecci\u00f3n de sus datos personales y compromisos con nuestros usuarios.","og_url":"http:\/\/stationdg.cluster015.ovh.net\/es\/informacion-legal\/notas-legales\/","og_site_name":"Haute-Garonne Montagne","article_modified_time":"2024-04-08T12:22:39+00:00","twitter_card":"summary_large_image","twitter_misc":{"Tiempo de lectura":"2 minutos"},"schema":{"@context":"https:\/\/schema.org","@graph":[{"@type":"WebPage","@id":"http:\/\/stationdg.cluster015.ovh.net\/es\/informacion-legal\/notas-legales\/","url":"http:\/\/stationdg.cluster015.ovh.net\/es\/informacion-legal\/notas-legales\/","name":"Mentions legales - Haute-Garonne Montagne","isPartOf":{"@id":"http:\/\/stationdg.cluster015.ovh.net\/es\/#website"},"datePublished":"2023-09-05T07:57:04+00:00","dateModified":"2024-04-08T12:22:39+00:00","description":"Consulte los avisos legales del sitio web Haute-Garonne Montagne: protecci\u00f3n de sus datos personales y compromisos con nuestros usuarios.","breadcrumb":{"@id":"http:\/\/stationdg.cluster015.ovh.net\/es\/informacion-legal\/notas-legales\/#breadcrumb"},"inLanguage":"es","potentialAction":[{"@type":"ReadAction","target":["http:\/\/stationdg.cluster015.ovh.net\/es\/informacion-legal\/notas-legales\/"]}]},{"@type":"BreadcrumbList","@id":"http:\/\/stationdg.cluster015.ovh.net\/es\/informacion-legal\/notas-legales\/#breadcrumb","itemListElement":[{"@type":"ListItem","position":1,"name":"Accueil","item":"http:\/\/stationdg.cluster015.ovh.net\/es\/"},{"@type":"ListItem","position":2,"name":"Informaci\u00f3n legal","item":"http:\/\/stationdg.cluster015.ovh.net\/es\/informacion-legal\/"},{"@type":"ListItem","position":3,"name":"Notas legales"}]},{"@type":"WebSite","@id":"http:\/\/stationdg.cluster015.ovh.net\/es\/#website","url":"http:\/\/stationdg.cluster015.ovh.net\/es\/","name":"Haute-Garonne Montagne","description":"Luchon-Superbagn\u00e8res - Le Mourtis - Bourg d&#039;Oueil","publisher":{"@id":"http:\/\/stationdg.cluster015.ovh.net\/es\/#organization"},"potentialAction":[{"@type":"SearchAction","target":{"@type":"EntryPoint","urlTemplate":"http:\/\/stationdg.cluster015.ovh.net\/es\/?s={search_term_string}"},"query-input":{"@type":"PropertyValueSpecification","valueRequired":true,"valueName":"search_term_string"}}],"inLanguage":"es"},{"@type":"Organization","@id":"http:\/\/stationdg.cluster015.ovh.net\/es\/#organization","name":"Haute-Garonne Montagne","url":"http:\/\/stationdg.cluster015.ovh.net\/es\/","logo":{"@type":"ImageObject","inLanguage":"es","@id":"http:\/\/stationdg.cluster015.ovh.net\/es\/#\/schema\/logo\/image\/","url":"https:\/\/haute-garonne-montagne.com\/wp-content\/uploads\/logo-hgm.png","contentUrl":"https:\/\/haute-garonne-montagne.com\/wp-content\/uploads\/logo-hgm.png","width":520,"height":520,"caption":"Haute-Garonne Montagne"},"image":{"@id":"http:\/\/stationdg.cluster015.ovh.net\/es\/#\/schema\/logo\/image\/"}}]}},"_links":{"self":[{"href":"http:\/\/stationdg.cluster015.ovh.net\/es\/wp-json\/wp\/v2\/pages\/1073","targetHints":{"allow":["GET"]}}],"collection":[{"href":"http:\/\/stationdg.cluster015.ovh.net\/es\/wp-json\/wp\/v2\/pages"}],"about":[{"href":"http:\/\/stationdg.cluster015.ovh.net\/es\/wp-json\/wp\/v2\/types\/page"}],"author":[{"embeddable":true,"href":"http:\/\/stationdg.cluster015.ovh.net\/es\/wp-json\/wp\/v2\/users\/1"}],"replies":[{"embeddable":true,"href":"http:\/\/stationdg.cluster015.ovh.net\/es\/wp-json\/wp\/v2\/comments?post=1073"}],"version-history":[{"count":0,"href":"http:\/\/stationdg.cluster015.ovh.net\/es\/wp-json\/wp\/v2\/pages\/1073\/revisions"}],"up":[{"embeddable":true,"href":"http:\/\/stationdg.cluster015.ovh.net\/es\/wp-json\/wp\/v2\/pages\/997"}],"wp:attachment":[{"href":"http:\/\/stationdg.cluster015.ovh.net\/es\/wp-json\/wp\/v2\/media?parent=1073"}],"curies":[{"name":"wp","href":"https:\/\/api.w.org\/{rel}","templated":true}]}}