{"id":1038,"date":"2023-09-05T09:53:30","date_gmt":"2023-09-05T07:53:30","guid":{"rendered":"http:\/\/localhost:8888\/hgm\/las-estaciones\/bourg-doueil\/"},"modified":"2024-04-09T09:32:24","modified_gmt":"2024-04-09T07:32:24","slug":"bourg-doueil","status":"publish","type":"page","link":"http:\/\/stationdg.cluster015.ovh.net\/es\/estaciones\/bourg-doueil\/","title":{"rendered":"Bourg d&#8217;Oueil"},"content":{"rendered":"<h2 style=\"text-align: center;\">Bienvenido a Bourg d&#8217;Oueil<\/h2>\n<div style=\"text-align: center;\">\n<h4 style=\"text-align: center;\">Estacion Cerrada<br \/>\n(cierre anual)<\/h4>\n<h3 style=\"display: inline-block; margin-right: 10px;\"><a class=\"btn btn-primary text-white\" href=\"https:\/\/billetterie-bourgdoueil.hg-montagne.com\/shop\">e-Billeteria<\/a><\/h3>\n<\/div>\n<h4>Sum\u00e9rgete en una experiencia invernal excepcional donde la belleza natural se encuentra con la autenticidad de las tradiciones monta\u00f1esas.<\/h4>\n<p>Bourg d&#8217;Oueil es mucho m\u00e1s que una estaci\u00f3n de esqu\u00ed, es una invitaci\u00f3n a explorar, recargar pilas y crear recuerdos inolvidables en armon\u00eda con la naturaleza. Es un destino ins\u00f3lito por excelencia, una experiencia atemporal\u2026<\/p>\n<p>Compra tu paquete m\u00e1s barato online a trav\u00e9s de nuestro billete electr\u00f3nico:<\/p>\n<p>100% placer &#8211; 0% espera al momento de pagar<\/p>\n","protected":false},"excerpt":{"rendered":"<p>Bienvenido a Bourg d&#8217;Oueil Estacion Cerrada (cierre anual) e-Billeteria Sum\u00e9rgete en una experiencia invernal excepcional donde la belleza natural se encuentra con la autenticidad de las tradiciones monta\u00f1esas. Bourg d&#8217;Oueil [&hellip;]<\/p>\n","protected":false},"author":1,"featured_media":2448,"parent":985,"menu_order":0,"comment_status":"closed","ping_status":"closed","template":"templates\/station.php","meta":{"_acf_changed":false,"footnotes":""},"class_list":["post-1038","page","type-page","status-publish","has-post-thumbnail","hentry"],"acf":[],"yoast_head":"<!-- This site is optimized with the Yoast SEO plugin v27.5 - https:\/\/yoast.com\/product\/yoast-seo-wordpress\/ -->\n<title>Bourg d&#039;Oueil - Haute-Garonne Montagne<\/title>\n<meta name=\"description\" content=\"Descubra la belleza natural de la estaci\u00f3n de Bourg d&#039;Oueil, para vivir aventuras ins\u00f3litas en familia, dos o m\u00e1s: \u00a1en los Pirineos!\" \/>\n<meta name=\"robots\" content=\"index, follow, max-snippet:-1, max-image-preview:large, max-video-preview:-1\" \/>\n<link rel=\"canonical\" href=\"http:\/\/stationdg.cluster015.ovh.net\/es\/estaciones\/bourg-doueil\/\" \/>\n<meta property=\"og:locale\" content=\"es_ES\" \/>\n<meta property=\"og:type\" content=\"article\" \/>\n<meta property=\"og:title\" content=\"Bourg d&#039;Oueil - Haute-Garonne Montagne\" \/>\n<meta property=\"og:description\" content=\"Descubra la belleza natural de la estaci\u00f3n de Bourg d&#039;Oueil, para vivir aventuras ins\u00f3litas en familia, dos o m\u00e1s: \u00a1en los Pirineos!\" \/>\n<meta property=\"og:url\" content=\"http:\/\/stationdg.cluster015.ovh.net\/es\/estaciones\/bourg-doueil\/\" \/>\n<meta property=\"og:site_name\" content=\"Haute-Garonne Montagne\" \/>\n<meta property=\"article:modified_time\" content=\"2024-04-09T07:32:24+00:00\" \/>\n<meta property=\"og:image\" content=\"http:\/\/stationdg.cluster015.ovh.net\/wp-content\/uploads\/teleski_bourg-d_oueil.jpg\" \/>\n\t<meta property=\"og:image:width\" content=\"2048\" \/>\n\t<meta property=\"og:image:height\" content=\"1536\" \/>\n\t<meta property=\"og:image:type\" content=\"image\/jpeg\" \/>\n<meta name=\"twitter:card\" content=\"summary_large_image\" \/>\n<script type=\"application\/ld+json\" class=\"yoast-schema-graph\">{\"@context\":\"https:\\\/\\\/schema.org\",\"@graph\":[{\"@type\":\"WebPage\",\"@id\":\"http:\\\/\\\/stationdg.cluster015.ovh.net\\\/es\\\/estaciones\\\/bourg-doueil\\\/\",\"url\":\"http:\\\/\\\/stationdg.cluster015.ovh.net\\\/es\\\/estaciones\\\/bourg-doueil\\\/\",\"name\":\"Bourg d'Oueil - Haute-Garonne Montagne\",\"isPartOf\":{\"@id\":\"http:\\\/\\\/stationdg.cluster015.ovh.net\\\/es\\\/#website\"},\"primaryImageOfPage\":{\"@id\":\"http:\\\/\\\/stationdg.cluster015.ovh.net\\\/es\\\/estaciones\\\/bourg-doueil\\\/#primaryimage\"},\"image\":{\"@id\":\"http:\\\/\\\/stationdg.cluster015.ovh.net\\\/es\\\/estaciones\\\/bourg-doueil\\\/#primaryimage\"},\"thumbnailUrl\":\"http:\\\/\\\/stationdg.cluster015.ovh.net\\\/wp-content\\\/uploads\\\/teleski_bourg-d_oueil.jpg\",\"datePublished\":\"2023-09-05T07:53:30+00:00\",\"dateModified\":\"2024-04-09T07:32:24+00:00\",\"description\":\"Descubra la belleza natural de la estaci\u00f3n de Bourg d'Oueil, para vivir aventuras ins\u00f3litas en familia, dos o m\u00e1s: \u00a1en los Pirineos!\",\"breadcrumb\":{\"@id\":\"http:\\\/\\\/stationdg.cluster015.ovh.net\\\/es\\\/estaciones\\\/bourg-doueil\\\/#breadcrumb\"},\"inLanguage\":\"es\",\"potentialAction\":[{\"@type\":\"ReadAction\",\"target\":[\"http:\\\/\\\/stationdg.cluster015.ovh.net\\\/es\\\/estaciones\\\/bourg-doueil\\\/\"]}]},{\"@type\":\"ImageObject\",\"inLanguage\":\"es\",\"@id\":\"http:\\\/\\\/stationdg.cluster015.ovh.net\\\/es\\\/estaciones\\\/bourg-doueil\\\/#primaryimage\",\"url\":\"http:\\\/\\\/stationdg.cluster015.ovh.net\\\/wp-content\\\/uploads\\\/teleski_bourg-d_oueil.jpg\",\"contentUrl\":\"http:\\\/\\\/stationdg.cluster015.ovh.net\\\/wp-content\\\/uploads\\\/teleski_bourg-d_oueil.jpg\",\"width\":2048,\"height\":1536},{\"@type\":\"BreadcrumbList\",\"@id\":\"http:\\\/\\\/stationdg.cluster015.ovh.net\\\/es\\\/estaciones\\\/bourg-doueil\\\/#breadcrumb\",\"itemListElement\":[{\"@type\":\"ListItem\",\"position\":1,\"name\":\"Accueil\",\"item\":\"http:\\\/\\\/stationdg.cluster015.ovh.net\\\/es\\\/\"},{\"@type\":\"ListItem\",\"position\":2,\"name\":\"Las estaciones\",\"item\":\"http:\\\/\\\/stationdg.cluster015.ovh.net\\\/es\\\/estaciones\\\/\"},{\"@type\":\"ListItem\",\"position\":3,\"name\":\"Bourg d&#8217;Oueil\"}]},{\"@type\":\"WebSite\",\"@id\":\"http:\\\/\\\/stationdg.cluster015.ovh.net\\\/es\\\/#website\",\"url\":\"http:\\\/\\\/stationdg.cluster015.ovh.net\\\/es\\\/\",\"name\":\"Haute-Garonne Montagne\",\"description\":\"Luchon-Superbagn\u00e8res - Le Mourtis - Bourg d&#039;Oueil\",\"publisher\":{\"@id\":\"http:\\\/\\\/stationdg.cluster015.ovh.net\\\/es\\\/#organization\"},\"potentialAction\":[{\"@type\":\"SearchAction\",\"target\":{\"@type\":\"EntryPoint\",\"urlTemplate\":\"http:\\\/\\\/stationdg.cluster015.ovh.net\\\/es\\\/?s={search_term_string}\"},\"query-input\":{\"@type\":\"PropertyValueSpecification\",\"valueRequired\":true,\"valueName\":\"search_term_string\"}}],\"inLanguage\":\"es\"},{\"@type\":\"Organization\",\"@id\":\"http:\\\/\\\/stationdg.cluster015.ovh.net\\\/es\\\/#organization\",\"name\":\"Haute-Garonne Montagne\",\"url\":\"http:\\\/\\\/stationdg.cluster015.ovh.net\\\/es\\\/\",\"logo\":{\"@type\":\"ImageObject\",\"inLanguage\":\"es\",\"@id\":\"http:\\\/\\\/stationdg.cluster015.ovh.net\\\/es\\\/#\\\/schema\\\/logo\\\/image\\\/\",\"url\":\"https:\\\/\\\/haute-garonne-montagne.com\\\/wp-content\\\/uploads\\\/logo-hgm.png\",\"contentUrl\":\"https:\\\/\\\/haute-garonne-montagne.com\\\/wp-content\\\/uploads\\\/logo-hgm.png\",\"width\":520,\"height\":520,\"caption\":\"Haute-Garonne Montagne\"},\"image\":{\"@id\":\"http:\\\/\\\/stationdg.cluster015.ovh.net\\\/es\\\/#\\\/schema\\\/logo\\\/image\\\/\"}}]}<\/script>\n<!-- \/ Yoast SEO plugin. -->","yoast_head_json":{"title":"Bourg d'Oueil - Haute-Garonne Montagne","description":"Descubra la belleza natural de la estaci\u00f3n de Bourg d'Oueil, para vivir aventuras ins\u00f3litas en familia, dos o m\u00e1s: \u00a1en los Pirineos!","robots":{"index":"index","follow":"follow","max-snippet":"max-snippet:-1","max-image-preview":"max-image-preview:large","max-video-preview":"max-video-preview:-1"},"canonical":"http:\/\/stationdg.cluster015.ovh.net\/es\/estaciones\/bourg-doueil\/","og_locale":"es_ES","og_type":"article","og_title":"Bourg d'Oueil - Haute-Garonne Montagne","og_description":"Descubra la belleza natural de la estaci\u00f3n de Bourg d'Oueil, para vivir aventuras ins\u00f3litas en familia, dos o m\u00e1s: \u00a1en los Pirineos!","og_url":"http:\/\/stationdg.cluster015.ovh.net\/es\/estaciones\/bourg-doueil\/","og_site_name":"Haute-Garonne Montagne","article_modified_time":"2024-04-09T07:32:24+00:00","og_image":[{"width":2048,"height":1536,"url":"http:\/\/stationdg.cluster015.ovh.net\/wp-content\/uploads\/teleski_bourg-d_oueil.jpg","type":"image\/jpeg"}],"twitter_card":"summary_large_image","schema":{"@context":"https:\/\/schema.org","@graph":[{"@type":"WebPage","@id":"http:\/\/stationdg.cluster015.ovh.net\/es\/estaciones\/bourg-doueil\/","url":"http:\/\/stationdg.cluster015.ovh.net\/es\/estaciones\/bourg-doueil\/","name":"Bourg d'Oueil - Haute-Garonne Montagne","isPartOf":{"@id":"http:\/\/stationdg.cluster015.ovh.net\/es\/#website"},"primaryImageOfPage":{"@id":"http:\/\/stationdg.cluster015.ovh.net\/es\/estaciones\/bourg-doueil\/#primaryimage"},"image":{"@id":"http:\/\/stationdg.cluster015.ovh.net\/es\/estaciones\/bourg-doueil\/#primaryimage"},"thumbnailUrl":"http:\/\/stationdg.cluster015.ovh.net\/wp-content\/uploads\/teleski_bourg-d_oueil.jpg","datePublished":"2023-09-05T07:53:30+00:00","dateModified":"2024-04-09T07:32:24+00:00","description":"Descubra la belleza natural de la estaci\u00f3n de Bourg d'Oueil, para vivir aventuras ins\u00f3litas en familia, dos o m\u00e1s: \u00a1en los Pirineos!","breadcrumb":{"@id":"http:\/\/stationdg.cluster015.ovh.net\/es\/estaciones\/bourg-doueil\/#breadcrumb"},"inLanguage":"es","potentialAction":[{"@type":"ReadAction","target":["http:\/\/stationdg.cluster015.ovh.net\/es\/estaciones\/bourg-doueil\/"]}]},{"@type":"ImageObject","inLanguage":"es","@id":"http:\/\/stationdg.cluster015.ovh.net\/es\/estaciones\/bourg-doueil\/#primaryimage","url":"http:\/\/stationdg.cluster015.ovh.net\/wp-content\/uploads\/teleski_bourg-d_oueil.jpg","contentUrl":"http:\/\/stationdg.cluster015.ovh.net\/wp-content\/uploads\/teleski_bourg-d_oueil.jpg","width":2048,"height":1536},{"@type":"BreadcrumbList","@id":"http:\/\/stationdg.cluster015.ovh.net\/es\/estaciones\/bourg-doueil\/#breadcrumb","itemListElement":[{"@type":"ListItem","position":1,"name":"Accueil","item":"http:\/\/stationdg.cluster015.ovh.net\/es\/"},{"@type":"ListItem","position":2,"name":"Las estaciones","item":"http:\/\/stationdg.cluster015.ovh.net\/es\/estaciones\/"},{"@type":"ListItem","position":3,"name":"Bourg d&#8217;Oueil"}]},{"@type":"WebSite","@id":"http:\/\/stationdg.cluster015.ovh.net\/es\/#website","url":"http:\/\/stationdg.cluster015.ovh.net\/es\/","name":"Haute-Garonne Montagne","description":"Luchon-Superbagn\u00e8res - Le Mourtis - Bourg d&#039;Oueil","publisher":{"@id":"http:\/\/stationdg.cluster015.ovh.net\/es\/#organization"},"potentialAction":[{"@type":"SearchAction","target":{"@type":"EntryPoint","urlTemplate":"http:\/\/stationdg.cluster015.ovh.net\/es\/?s={search_term_string}"},"query-input":{"@type":"PropertyValueSpecification","valueRequired":true,"valueName":"search_term_string"}}],"inLanguage":"es"},{"@type":"Organization","@id":"http:\/\/stationdg.cluster015.ovh.net\/es\/#organization","name":"Haute-Garonne Montagne","url":"http:\/\/stationdg.cluster015.ovh.net\/es\/","logo":{"@type":"ImageObject","inLanguage":"es","@id":"http:\/\/stationdg.cluster015.ovh.net\/es\/#\/schema\/logo\/image\/","url":"https:\/\/haute-garonne-montagne.com\/wp-content\/uploads\/logo-hgm.png","contentUrl":"https:\/\/haute-garonne-montagne.com\/wp-content\/uploads\/logo-hgm.png","width":520,"height":520,"caption":"Haute-Garonne Montagne"},"image":{"@id":"http:\/\/stationdg.cluster015.ovh.net\/es\/#\/schema\/logo\/image\/"}}]}},"_links":{"self":[{"href":"http:\/\/stationdg.cluster015.ovh.net\/es\/wp-json\/wp\/v2\/pages\/1038","targetHints":{"allow":["GET"]}}],"collection":[{"href":"http:\/\/stationdg.cluster015.ovh.net\/es\/wp-json\/wp\/v2\/pages"}],"about":[{"href":"http:\/\/stationdg.cluster015.ovh.net\/es\/wp-json\/wp\/v2\/types\/page"}],"author":[{"embeddable":true,"href":"http:\/\/stationdg.cluster015.ovh.net\/es\/wp-json\/wp\/v2\/users\/1"}],"replies":[{"embeddable":true,"href":"http:\/\/stationdg.cluster015.ovh.net\/es\/wp-json\/wp\/v2\/comments?post=1038"}],"version-history":[{"count":0,"href":"http:\/\/stationdg.cluster015.ovh.net\/es\/wp-json\/wp\/v2\/pages\/1038\/revisions"}],"up":[{"embeddable":true,"href":"http:\/\/stationdg.cluster015.ovh.net\/es\/wp-json\/wp\/v2\/pages\/985"}],"wp:featuredmedia":[{"embeddable":true,"href":"http:\/\/stationdg.cluster015.ovh.net\/es\/wp-json\/wp\/v2\/media\/2448"}],"wp:attachment":[{"href":"http:\/\/stationdg.cluster015.ovh.net\/es\/wp-json\/wp\/v2\/media?parent=1038"}],"curies":[{"name":"wp","href":"https:\/\/api.w.org\/{rel}","templated":true}]}}