{"id":1029,"date":"2023-09-05T09:56:26","date_gmt":"2023-09-05T07:56:26","guid":{"rendered":"http:\/\/localhost:8888\/hgm\/informacion-practica\/quienes-somos\/"},"modified":"2024-04-04T10:03:31","modified_gmt":"2024-04-04T08:03:31","slug":"quienes-somos","status":"publish","type":"page","link":"http:\/\/stationdg.cluster015.ovh.net\/es\/nuestro-adn\/quienes-somos\/","title":{"rendered":"\u00bfQuienes somos?"},"content":{"rendered":"<p><span class=\"lead\">Bienvenido a Haute-Garonne Montagne, su puerta de entrada a la aventura, la naturaleza y las emociones en el coraz\u00f3n de los Pirineos. Nuestra pasi\u00f3n por las monta\u00f1as y nuestra dedicaci\u00f3n a experiencias de calidad est\u00e1n en el coraz\u00f3n de todo lo que hacemos. Venga y descubra qui\u00e9nes somos.<br \/>\n<\/span><\/p>\n<blockquote><p>Gracias por confiar en nosotros para ser parte de sus momentos memorables en la monta\u00f1a.<\/p><\/blockquote>\n<p><em>El equipo del Alto Garona Monta\u00f1a<\/em><\/p>\n","protected":false},"excerpt":{"rendered":"<p>Bienvenido a Haute-Garonne Montagne, su puerta de entrada a la aventura, la naturaleza y las emociones en el coraz\u00f3n de los Pirineos. Nuestra pasi\u00f3n por las monta\u00f1as y nuestra dedicaci\u00f3n [&hellip;]<\/p>\n","protected":false},"author":1,"featured_media":863,"parent":1188,"menu_order":0,"comment_status":"closed","ping_status":"closed","template":"","meta":{"_acf_changed":false,"footnotes":""},"class_list":["post-1029","page","type-page","status-publish","has-post-thumbnail","hentry"],"acf":[],"yoast_head":"<!-- This site is optimized with the Yoast SEO plugin v27.4 - https:\/\/yoast.com\/product\/yoast-seo-wordpress\/ -->\n<title>\u00bfQui\u00e9nes somos? - Haute-Garonne Montagne<\/title>\n<meta name=\"description\" content=\"Qui\u00e9nes somos: comprometidos con la conservaci\u00f3n y promoci\u00f3n de nuestro patrimonio y con un turismo sostenible y responsable en el coraz\u00f3n de los Pirineos.\" \/>\n<meta name=\"robots\" content=\"index, follow, max-snippet:-1, max-image-preview:large, max-video-preview:-1\" \/>\n<link rel=\"canonical\" href=\"http:\/\/stationdg.cluster015.ovh.net\/es\/nuestro-adn\/quienes-somos\/\" \/>\n<meta property=\"og:locale\" content=\"es_ES\" \/>\n<meta property=\"og:type\" content=\"article\" \/>\n<meta property=\"og:title\" content=\"\u00bfQui\u00e9nes somos? - Haute-Garonne Montagne\" \/>\n<meta property=\"og:description\" content=\"Qui\u00e9nes somos: comprometidos con la conservaci\u00f3n y promoci\u00f3n de nuestro patrimonio y con un turismo sostenible y responsable en el coraz\u00f3n de los Pirineos.\" \/>\n<meta property=\"og:url\" content=\"http:\/\/stationdg.cluster015.ovh.net\/es\/nuestro-adn\/quienes-somos\/\" \/>\n<meta property=\"og:site_name\" content=\"Haute-Garonne Montagne\" \/>\n<meta property=\"article:modified_time\" content=\"2024-04-04T08:03:31+00:00\" \/>\n<meta property=\"og:image\" content=\"http:\/\/stationdg.cluster015.ovh.net\/wp-content\/uploads\/pisteurs_securite_pyrenees_superbagneresAnais-Bazerque-scaled.jpg\" \/>\n\t<meta property=\"og:image:width\" content=\"2560\" \/>\n\t<meta property=\"og:image:height\" content=\"1707\" \/>\n\t<meta property=\"og:image:type\" content=\"image\/jpeg\" \/>\n<meta name=\"twitter:card\" content=\"summary_large_image\" \/>\n<script type=\"application\/ld+json\" class=\"yoast-schema-graph\">{\"@context\":\"https:\\\/\\\/schema.org\",\"@graph\":[{\"@type\":\"WebPage\",\"@id\":\"http:\\\/\\\/stationdg.cluster015.ovh.net\\\/es\\\/nuestro-adn\\\/quienes-somos\\\/\",\"url\":\"http:\\\/\\\/stationdg.cluster015.ovh.net\\\/es\\\/nuestro-adn\\\/quienes-somos\\\/\",\"name\":\"\u00bfQui\u00e9nes somos? - Haute-Garonne Montagne\",\"isPartOf\":{\"@id\":\"http:\\\/\\\/stationdg.cluster015.ovh.net\\\/es\\\/#website\"},\"primaryImageOfPage\":{\"@id\":\"http:\\\/\\\/stationdg.cluster015.ovh.net\\\/es\\\/nuestro-adn\\\/quienes-somos\\\/#primaryimage\"},\"image\":{\"@id\":\"http:\\\/\\\/stationdg.cluster015.ovh.net\\\/es\\\/nuestro-adn\\\/quienes-somos\\\/#primaryimage\"},\"thumbnailUrl\":\"http:\\\/\\\/stationdg.cluster015.ovh.net\\\/wp-content\\\/uploads\\\/pisteurs_securite_pyrenees_superbagneresAnais-Bazerque-scaled.jpg\",\"datePublished\":\"2023-09-05T07:56:26+00:00\",\"dateModified\":\"2024-04-04T08:03:31+00:00\",\"description\":\"Qui\u00e9nes somos: comprometidos con la conservaci\u00f3n y promoci\u00f3n de nuestro patrimonio y con un turismo sostenible y responsable en el coraz\u00f3n de los Pirineos.\",\"breadcrumb\":{\"@id\":\"http:\\\/\\\/stationdg.cluster015.ovh.net\\\/es\\\/nuestro-adn\\\/quienes-somos\\\/#breadcrumb\"},\"inLanguage\":\"es\",\"potentialAction\":[{\"@type\":\"ReadAction\",\"target\":[\"http:\\\/\\\/stationdg.cluster015.ovh.net\\\/es\\\/nuestro-adn\\\/quienes-somos\\\/\"]}]},{\"@type\":\"ImageObject\",\"inLanguage\":\"es\",\"@id\":\"http:\\\/\\\/stationdg.cluster015.ovh.net\\\/es\\\/nuestro-adn\\\/quienes-somos\\\/#primaryimage\",\"url\":\"http:\\\/\\\/stationdg.cluster015.ovh.net\\\/wp-content\\\/uploads\\\/pisteurs_securite_pyrenees_superbagneresAnais-Bazerque-scaled.jpg\",\"contentUrl\":\"http:\\\/\\\/stationdg.cluster015.ovh.net\\\/wp-content\\\/uploads\\\/pisteurs_securite_pyrenees_superbagneresAnais-Bazerque-scaled.jpg\",\"width\":2560,\"height\":1707},{\"@type\":\"BreadcrumbList\",\"@id\":\"http:\\\/\\\/stationdg.cluster015.ovh.net\\\/es\\\/nuestro-adn\\\/quienes-somos\\\/#breadcrumb\",\"itemListElement\":[{\"@type\":\"ListItem\",\"position\":1,\"name\":\"Accueil\",\"item\":\"http:\\\/\\\/stationdg.cluster015.ovh.net\\\/es\\\/\"},{\"@type\":\"ListItem\",\"position\":2,\"name\":\"Nuestro ADN\",\"item\":\"http:\\\/\\\/stationdg.cluster015.ovh.net\\\/es\\\/nuestro-adn\\\/\"},{\"@type\":\"ListItem\",\"position\":3,\"name\":\"\u00bfQuienes somos?\"}]},{\"@type\":\"WebSite\",\"@id\":\"http:\\\/\\\/stationdg.cluster015.ovh.net\\\/es\\\/#website\",\"url\":\"http:\\\/\\\/stationdg.cluster015.ovh.net\\\/es\\\/\",\"name\":\"Haute-Garonne Montagne\",\"description\":\"Luchon-Superbagn\u00e8res - Le Mourtis - Bourg d&#039;Oueil\",\"publisher\":{\"@id\":\"http:\\\/\\\/stationdg.cluster015.ovh.net\\\/es\\\/#organization\"},\"potentialAction\":[{\"@type\":\"SearchAction\",\"target\":{\"@type\":\"EntryPoint\",\"urlTemplate\":\"http:\\\/\\\/stationdg.cluster015.ovh.net\\\/es\\\/?s={search_term_string}\"},\"query-input\":{\"@type\":\"PropertyValueSpecification\",\"valueRequired\":true,\"valueName\":\"search_term_string\"}}],\"inLanguage\":\"es\"},{\"@type\":\"Organization\",\"@id\":\"http:\\\/\\\/stationdg.cluster015.ovh.net\\\/es\\\/#organization\",\"name\":\"Haute-Garonne Montagne\",\"url\":\"http:\\\/\\\/stationdg.cluster015.ovh.net\\\/es\\\/\",\"logo\":{\"@type\":\"ImageObject\",\"inLanguage\":\"es\",\"@id\":\"http:\\\/\\\/stationdg.cluster015.ovh.net\\\/es\\\/#\\\/schema\\\/logo\\\/image\\\/\",\"url\":\"https:\\\/\\\/haute-garonne-montagne.com\\\/wp-content\\\/uploads\\\/logo-hgm.png\",\"contentUrl\":\"https:\\\/\\\/haute-garonne-montagne.com\\\/wp-content\\\/uploads\\\/logo-hgm.png\",\"width\":520,\"height\":520,\"caption\":\"Haute-Garonne Montagne\"},\"image\":{\"@id\":\"http:\\\/\\\/stationdg.cluster015.ovh.net\\\/es\\\/#\\\/schema\\\/logo\\\/image\\\/\"}}]}<\/script>\n<!-- \/ Yoast SEO plugin. -->","yoast_head_json":{"title":"\u00bfQui\u00e9nes somos? - Haute-Garonne Montagne","description":"Qui\u00e9nes somos: comprometidos con la conservaci\u00f3n y promoci\u00f3n de nuestro patrimonio y con un turismo sostenible y responsable en el coraz\u00f3n de los Pirineos.","robots":{"index":"index","follow":"follow","max-snippet":"max-snippet:-1","max-image-preview":"max-image-preview:large","max-video-preview":"max-video-preview:-1"},"canonical":"http:\/\/stationdg.cluster015.ovh.net\/es\/nuestro-adn\/quienes-somos\/","og_locale":"es_ES","og_type":"article","og_title":"\u00bfQui\u00e9nes somos? - Haute-Garonne Montagne","og_description":"Qui\u00e9nes somos: comprometidos con la conservaci\u00f3n y promoci\u00f3n de nuestro patrimonio y con un turismo sostenible y responsable en el coraz\u00f3n de los Pirineos.","og_url":"http:\/\/stationdg.cluster015.ovh.net\/es\/nuestro-adn\/quienes-somos\/","og_site_name":"Haute-Garonne Montagne","article_modified_time":"2024-04-04T08:03:31+00:00","og_image":[{"width":2560,"height":1707,"url":"http:\/\/stationdg.cluster015.ovh.net\/wp-content\/uploads\/pisteurs_securite_pyrenees_superbagneresAnais-Bazerque-scaled.jpg","type":"image\/jpeg"}],"twitter_card":"summary_large_image","schema":{"@context":"https:\/\/schema.org","@graph":[{"@type":"WebPage","@id":"http:\/\/stationdg.cluster015.ovh.net\/es\/nuestro-adn\/quienes-somos\/","url":"http:\/\/stationdg.cluster015.ovh.net\/es\/nuestro-adn\/quienes-somos\/","name":"\u00bfQui\u00e9nes somos? - Haute-Garonne Montagne","isPartOf":{"@id":"http:\/\/stationdg.cluster015.ovh.net\/es\/#website"},"primaryImageOfPage":{"@id":"http:\/\/stationdg.cluster015.ovh.net\/es\/nuestro-adn\/quienes-somos\/#primaryimage"},"image":{"@id":"http:\/\/stationdg.cluster015.ovh.net\/es\/nuestro-adn\/quienes-somos\/#primaryimage"},"thumbnailUrl":"http:\/\/stationdg.cluster015.ovh.net\/wp-content\/uploads\/pisteurs_securite_pyrenees_superbagneresAnais-Bazerque-scaled.jpg","datePublished":"2023-09-05T07:56:26+00:00","dateModified":"2024-04-04T08:03:31+00:00","description":"Qui\u00e9nes somos: comprometidos con la conservaci\u00f3n y promoci\u00f3n de nuestro patrimonio y con un turismo sostenible y responsable en el coraz\u00f3n de los Pirineos.","breadcrumb":{"@id":"http:\/\/stationdg.cluster015.ovh.net\/es\/nuestro-adn\/quienes-somos\/#breadcrumb"},"inLanguage":"es","potentialAction":[{"@type":"ReadAction","target":["http:\/\/stationdg.cluster015.ovh.net\/es\/nuestro-adn\/quienes-somos\/"]}]},{"@type":"ImageObject","inLanguage":"es","@id":"http:\/\/stationdg.cluster015.ovh.net\/es\/nuestro-adn\/quienes-somos\/#primaryimage","url":"http:\/\/stationdg.cluster015.ovh.net\/wp-content\/uploads\/pisteurs_securite_pyrenees_superbagneresAnais-Bazerque-scaled.jpg","contentUrl":"http:\/\/stationdg.cluster015.ovh.net\/wp-content\/uploads\/pisteurs_securite_pyrenees_superbagneresAnais-Bazerque-scaled.jpg","width":2560,"height":1707},{"@type":"BreadcrumbList","@id":"http:\/\/stationdg.cluster015.ovh.net\/es\/nuestro-adn\/quienes-somos\/#breadcrumb","itemListElement":[{"@type":"ListItem","position":1,"name":"Accueil","item":"http:\/\/stationdg.cluster015.ovh.net\/es\/"},{"@type":"ListItem","position":2,"name":"Nuestro ADN","item":"http:\/\/stationdg.cluster015.ovh.net\/es\/nuestro-adn\/"},{"@type":"ListItem","position":3,"name":"\u00bfQuienes somos?"}]},{"@type":"WebSite","@id":"http:\/\/stationdg.cluster015.ovh.net\/es\/#website","url":"http:\/\/stationdg.cluster015.ovh.net\/es\/","name":"Haute-Garonne Montagne","description":"Luchon-Superbagn\u00e8res - Le Mourtis - Bourg d&#039;Oueil","publisher":{"@id":"http:\/\/stationdg.cluster015.ovh.net\/es\/#organization"},"potentialAction":[{"@type":"SearchAction","target":{"@type":"EntryPoint","urlTemplate":"http:\/\/stationdg.cluster015.ovh.net\/es\/?s={search_term_string}"},"query-input":{"@type":"PropertyValueSpecification","valueRequired":true,"valueName":"search_term_string"}}],"inLanguage":"es"},{"@type":"Organization","@id":"http:\/\/stationdg.cluster015.ovh.net\/es\/#organization","name":"Haute-Garonne Montagne","url":"http:\/\/stationdg.cluster015.ovh.net\/es\/","logo":{"@type":"ImageObject","inLanguage":"es","@id":"http:\/\/stationdg.cluster015.ovh.net\/es\/#\/schema\/logo\/image\/","url":"https:\/\/haute-garonne-montagne.com\/wp-content\/uploads\/logo-hgm.png","contentUrl":"https:\/\/haute-garonne-montagne.com\/wp-content\/uploads\/logo-hgm.png","width":520,"height":520,"caption":"Haute-Garonne Montagne"},"image":{"@id":"http:\/\/stationdg.cluster015.ovh.net\/es\/#\/schema\/logo\/image\/"}}]}},"_links":{"self":[{"href":"http:\/\/stationdg.cluster015.ovh.net\/es\/wp-json\/wp\/v2\/pages\/1029","targetHints":{"allow":["GET"]}}],"collection":[{"href":"http:\/\/stationdg.cluster015.ovh.net\/es\/wp-json\/wp\/v2\/pages"}],"about":[{"href":"http:\/\/stationdg.cluster015.ovh.net\/es\/wp-json\/wp\/v2\/types\/page"}],"author":[{"embeddable":true,"href":"http:\/\/stationdg.cluster015.ovh.net\/es\/wp-json\/wp\/v2\/users\/1"}],"replies":[{"embeddable":true,"href":"http:\/\/stationdg.cluster015.ovh.net\/es\/wp-json\/wp\/v2\/comments?post=1029"}],"version-history":[{"count":0,"href":"http:\/\/stationdg.cluster015.ovh.net\/es\/wp-json\/wp\/v2\/pages\/1029\/revisions"}],"up":[{"embeddable":true,"href":"http:\/\/stationdg.cluster015.ovh.net\/es\/wp-json\/wp\/v2\/pages\/1188"}],"wp:featuredmedia":[{"embeddable":true,"href":"http:\/\/stationdg.cluster015.ovh.net\/es\/wp-json\/wp\/v2\/media\/863"}],"wp:attachment":[{"href":"http:\/\/stationdg.cluster015.ovh.net\/es\/wp-json\/wp\/v2\/media?parent=1029"}],"curies":[{"name":"wp","href":"https:\/\/api.w.org\/{rel}","templated":true}]}}