{"id":1071,"date":"2023-09-05T09:57:04","date_gmt":"2023-09-05T07:57:04","guid":{"rendered":"http:\/\/localhost:8888\/hgm\/legal-information\/luchon-superbagneres-awaits-you\/"},"modified":"2024-04-08T14:22:15","modified_gmt":"2024-04-08T12:22:15","slug":"legal-notice","status":"publish","type":"page","link":"http:\/\/stationdg.cluster015.ovh.net\/en\/legal-information\/legal-notice\/","title":{"rendered":"Legal Notice"},"content":{"rendered":"<h2>Site Editor<\/h2>\n<p><strong>Haute-Garonne Mountain<\/strong><\/p>\n<p>Si\u00e8ge social : 76 avenue Jean Jaur\u00e8s &#8211; 31110 Bagn\u00e8res de Luchon<\/p>\n<p>Phone :<span style=\"font-weight: 400;\">05 61 79 97 00<\/span><\/p>\n<p>E-mail : info@hg-montagne.com<\/p>\n<p>SIRET number: <span style=\"font-weight: 400;\">200 081 875<\/span><\/p>\n<p>Publication Director : <span style=\"font-weight: 400;\">Gianni Ragona<\/span><\/p>\n<h2>Host<\/h2>\n<p>Host name: OVH<\/p>\n<p>Adresse : 2 rue Kellermann, 59100 Roubaix, France<\/p>\n<h2>Intellectual property<\/h2>\n<p>The content of the website, including texts, images, logos, and any other element, is the property of Haute-Garonne Montagne or third parties having authorized Haute-Garonne Montagne to use them. Any unauthorized use of the contents of this site may violate copyright, trademark or other applicable laws.<\/p>\n<h2>Protection &amp; Collection of Personal Data<\/h2>\n<p>Haute-Garonne Montagne is committed to protecting the confidentiality of the personal data that you may provide while browsing this site. For more information on the collection, processing and protection of your personal data, please consult our privacy policy.<\/p>\n<p>The information collected via the site is used solely for the purpose of providing you with the services requested. According to the law, you have the right to access, modify or delete your personal data. Pour exercer ces droits, veuillez nous contacter \u00e0 l&#8217;adresse mentionn\u00e9e ci-dessus.<\/p>\n<h2>Cookies<\/h2>\n<p>The site uses cookies to improve your online experience. Cookies are small files stored on your browser to facilitate navigation and collect information about the use of the site. You can disable cookies in your browser settings if you wish.<\/p>\n<h2>External links<\/h2>\n<p>The Haute-Garonne Montagne site may contain hypertext links to other websites. Haute-Garonne Montagne declines all responsibility for the content of these third-party sites. Links are provided for informational purposes only.<\/p>\n<h2>Responsibility<\/h2>\n<p>Haute-Garonne Montagne cannot be held responsible for errors, omissions or inaccuracies on the site. Any use of the information on the site is at your own risk.<\/p>\n<h2>Applicable right<\/h2>\n<p>These legal notices are governed by the laws in force in France. Any dispute relating to the site will be subject to the exclusive jurisdiction of the French courts.<\/p>\n<p>Thank you for visiting our site. For any questions or requests for information, please contact us using the contact details mentioned above.<\/p>\n<p><em>The Haute-Garonne Montagne team<\/em><\/p>\n","protected":false},"excerpt":{"rendered":"<p>Site Editor Haute-Garonne Mountain Si\u00e8ge social : 76 avenue Jean Jaur\u00e8s &#8211; 31110 Bagn\u00e8res de Luchon Phone :05 61 79 97 00 E-mail : info@hg-montagne.com SIRET number: 200 081 875 [&hellip;]<\/p>\n","protected":false},"author":1,"featured_media":0,"parent":996,"menu_order":0,"comment_status":"closed","ping_status":"closed","template":"","meta":{"_acf_changed":false,"footnotes":""},"class_list":["post-1071","page","type-page","status-publish","hentry"],"acf":[],"yoast_head":"<!-- This site is optimized with the Yoast SEO plugin v27.5 - https:\/\/yoast.com\/product\/yoast-seo-wordpress\/ -->\n<title>Mentions legales - Haute-Garonne Montagne<\/title>\n<meta name=\"description\" content=\"Consult the legal notices of the Haute-Garonne Montagne website: protection of your personal data and commitments to our users.\" \/>\n<meta name=\"robots\" content=\"index, follow, max-snippet:-1, max-image-preview:large, max-video-preview:-1\" \/>\n<link rel=\"canonical\" href=\"http:\/\/stationdg.cluster015.ovh.net\/en\/legal-information\/legal-notice\/\" \/>\n<meta property=\"og:locale\" content=\"en_US\" \/>\n<meta property=\"og:type\" content=\"article\" \/>\n<meta property=\"og:title\" content=\"Mentions legales - Haute-Garonne Montagne\" \/>\n<meta property=\"og:description\" content=\"Consult the legal notices of the Haute-Garonne Montagne website: protection of your personal data and commitments to our users.\" \/>\n<meta property=\"og:url\" content=\"http:\/\/stationdg.cluster015.ovh.net\/en\/legal-information\/legal-notice\/\" \/>\n<meta property=\"og:site_name\" content=\"Haute-Garonne Montagne\" \/>\n<meta property=\"article:modified_time\" content=\"2024-04-08T12:22:15+00:00\" \/>\n<meta name=\"twitter:card\" content=\"summary_large_image\" \/>\n<meta name=\"twitter:label1\" content=\"Est. reading time\" \/>\n\t<meta name=\"twitter:data1\" content=\"2 minutes\" \/>\n<script type=\"application\/ld+json\" class=\"yoast-schema-graph\">{\"@context\":\"https:\\\/\\\/schema.org\",\"@graph\":[{\"@type\":\"WebPage\",\"@id\":\"http:\\\/\\\/stationdg.cluster015.ovh.net\\\/en\\\/legal-information\\\/legal-notice\\\/\",\"url\":\"http:\\\/\\\/stationdg.cluster015.ovh.net\\\/en\\\/legal-information\\\/legal-notice\\\/\",\"name\":\"Mentions legales - Haute-Garonne Montagne\",\"isPartOf\":{\"@id\":\"http:\\\/\\\/stationdg.cluster015.ovh.net\\\/en\\\/#website\"},\"datePublished\":\"2023-09-05T07:57:04+00:00\",\"dateModified\":\"2024-04-08T12:22:15+00:00\",\"description\":\"Consult the legal notices of the Haute-Garonne Montagne website: protection of your personal data and commitments to our users.\",\"breadcrumb\":{\"@id\":\"http:\\\/\\\/stationdg.cluster015.ovh.net\\\/en\\\/legal-information\\\/legal-notice\\\/#breadcrumb\"},\"inLanguage\":\"en-US\",\"potentialAction\":[{\"@type\":\"ReadAction\",\"target\":[\"http:\\\/\\\/stationdg.cluster015.ovh.net\\\/en\\\/legal-information\\\/legal-notice\\\/\"]}]},{\"@type\":\"BreadcrumbList\",\"@id\":\"http:\\\/\\\/stationdg.cluster015.ovh.net\\\/en\\\/legal-information\\\/legal-notice\\\/#breadcrumb\",\"itemListElement\":[{\"@type\":\"ListItem\",\"position\":1,\"name\":\"Accueil\",\"item\":\"http:\\\/\\\/stationdg.cluster015.ovh.net\\\/en\\\/\"},{\"@type\":\"ListItem\",\"position\":2,\"name\":\"Legal information\",\"item\":\"http:\\\/\\\/stationdg.cluster015.ovh.net\\\/en\\\/legal-information\\\/\"},{\"@type\":\"ListItem\",\"position\":3,\"name\":\"Legal Notice\"}]},{\"@type\":\"WebSite\",\"@id\":\"http:\\\/\\\/stationdg.cluster015.ovh.net\\\/en\\\/#website\",\"url\":\"http:\\\/\\\/stationdg.cluster015.ovh.net\\\/en\\\/\",\"name\":\"Haute-Garonne Montagne\",\"description\":\"Luchon-Superbagn\u00e8res - Le Mourtis - Bourg d&#039;Oueil\",\"publisher\":{\"@id\":\"http:\\\/\\\/stationdg.cluster015.ovh.net\\\/en\\\/#organization\"},\"potentialAction\":[{\"@type\":\"SearchAction\",\"target\":{\"@type\":\"EntryPoint\",\"urlTemplate\":\"http:\\\/\\\/stationdg.cluster015.ovh.net\\\/en\\\/?s={search_term_string}\"},\"query-input\":{\"@type\":\"PropertyValueSpecification\",\"valueRequired\":true,\"valueName\":\"search_term_string\"}}],\"inLanguage\":\"en-US\"},{\"@type\":\"Organization\",\"@id\":\"http:\\\/\\\/stationdg.cluster015.ovh.net\\\/en\\\/#organization\",\"name\":\"Haute-Garonne Montagne\",\"url\":\"http:\\\/\\\/stationdg.cluster015.ovh.net\\\/en\\\/\",\"logo\":{\"@type\":\"ImageObject\",\"inLanguage\":\"en-US\",\"@id\":\"http:\\\/\\\/stationdg.cluster015.ovh.net\\\/en\\\/#\\\/schema\\\/logo\\\/image\\\/\",\"url\":\"https:\\\/\\\/haute-garonne-montagne.com\\\/wp-content\\\/uploads\\\/logo-hgm.png\",\"contentUrl\":\"https:\\\/\\\/haute-garonne-montagne.com\\\/wp-content\\\/uploads\\\/logo-hgm.png\",\"width\":520,\"height\":520,\"caption\":\"Haute-Garonne Montagne\"},\"image\":{\"@id\":\"http:\\\/\\\/stationdg.cluster015.ovh.net\\\/en\\\/#\\\/schema\\\/logo\\\/image\\\/\"}}]}<\/script>\n<!-- \/ Yoast SEO plugin. -->","yoast_head_json":{"title":"Mentions legales - Haute-Garonne Montagne","description":"Consult the legal notices of the Haute-Garonne Montagne website: protection of your personal data and commitments to our users.","robots":{"index":"index","follow":"follow","max-snippet":"max-snippet:-1","max-image-preview":"max-image-preview:large","max-video-preview":"max-video-preview:-1"},"canonical":"http:\/\/stationdg.cluster015.ovh.net\/en\/legal-information\/legal-notice\/","og_locale":"en_US","og_type":"article","og_title":"Mentions legales - Haute-Garonne Montagne","og_description":"Consult the legal notices of the Haute-Garonne Montagne website: protection of your personal data and commitments to our users.","og_url":"http:\/\/stationdg.cluster015.ovh.net\/en\/legal-information\/legal-notice\/","og_site_name":"Haute-Garonne Montagne","article_modified_time":"2024-04-08T12:22:15+00:00","twitter_card":"summary_large_image","twitter_misc":{"Est. reading time":"2 minutes"},"schema":{"@context":"https:\/\/schema.org","@graph":[{"@type":"WebPage","@id":"http:\/\/stationdg.cluster015.ovh.net\/en\/legal-information\/legal-notice\/","url":"http:\/\/stationdg.cluster015.ovh.net\/en\/legal-information\/legal-notice\/","name":"Mentions legales - Haute-Garonne Montagne","isPartOf":{"@id":"http:\/\/stationdg.cluster015.ovh.net\/en\/#website"},"datePublished":"2023-09-05T07:57:04+00:00","dateModified":"2024-04-08T12:22:15+00:00","description":"Consult the legal notices of the Haute-Garonne Montagne website: protection of your personal data and commitments to our users.","breadcrumb":{"@id":"http:\/\/stationdg.cluster015.ovh.net\/en\/legal-information\/legal-notice\/#breadcrumb"},"inLanguage":"en-US","potentialAction":[{"@type":"ReadAction","target":["http:\/\/stationdg.cluster015.ovh.net\/en\/legal-information\/legal-notice\/"]}]},{"@type":"BreadcrumbList","@id":"http:\/\/stationdg.cluster015.ovh.net\/en\/legal-information\/legal-notice\/#breadcrumb","itemListElement":[{"@type":"ListItem","position":1,"name":"Accueil","item":"http:\/\/stationdg.cluster015.ovh.net\/en\/"},{"@type":"ListItem","position":2,"name":"Legal information","item":"http:\/\/stationdg.cluster015.ovh.net\/en\/legal-information\/"},{"@type":"ListItem","position":3,"name":"Legal Notice"}]},{"@type":"WebSite","@id":"http:\/\/stationdg.cluster015.ovh.net\/en\/#website","url":"http:\/\/stationdg.cluster015.ovh.net\/en\/","name":"Haute-Garonne Montagne","description":"Luchon-Superbagn\u00e8res - Le Mourtis - Bourg d&#039;Oueil","publisher":{"@id":"http:\/\/stationdg.cluster015.ovh.net\/en\/#organization"},"potentialAction":[{"@type":"SearchAction","target":{"@type":"EntryPoint","urlTemplate":"http:\/\/stationdg.cluster015.ovh.net\/en\/?s={search_term_string}"},"query-input":{"@type":"PropertyValueSpecification","valueRequired":true,"valueName":"search_term_string"}}],"inLanguage":"en-US"},{"@type":"Organization","@id":"http:\/\/stationdg.cluster015.ovh.net\/en\/#organization","name":"Haute-Garonne Montagne","url":"http:\/\/stationdg.cluster015.ovh.net\/en\/","logo":{"@type":"ImageObject","inLanguage":"en-US","@id":"http:\/\/stationdg.cluster015.ovh.net\/en\/#\/schema\/logo\/image\/","url":"https:\/\/haute-garonne-montagne.com\/wp-content\/uploads\/logo-hgm.png","contentUrl":"https:\/\/haute-garonne-montagne.com\/wp-content\/uploads\/logo-hgm.png","width":520,"height":520,"caption":"Haute-Garonne Montagne"},"image":{"@id":"http:\/\/stationdg.cluster015.ovh.net\/en\/#\/schema\/logo\/image\/"}}]}},"_links":{"self":[{"href":"http:\/\/stationdg.cluster015.ovh.net\/en\/wp-json\/wp\/v2\/pages\/1071","targetHints":{"allow":["GET"]}}],"collection":[{"href":"http:\/\/stationdg.cluster015.ovh.net\/en\/wp-json\/wp\/v2\/pages"}],"about":[{"href":"http:\/\/stationdg.cluster015.ovh.net\/en\/wp-json\/wp\/v2\/types\/page"}],"author":[{"embeddable":true,"href":"http:\/\/stationdg.cluster015.ovh.net\/en\/wp-json\/wp\/v2\/users\/1"}],"replies":[{"embeddable":true,"href":"http:\/\/stationdg.cluster015.ovh.net\/en\/wp-json\/wp\/v2\/comments?post=1071"}],"version-history":[{"count":0,"href":"http:\/\/stationdg.cluster015.ovh.net\/en\/wp-json\/wp\/v2\/pages\/1071\/revisions"}],"up":[{"embeddable":true,"href":"http:\/\/stationdg.cluster015.ovh.net\/en\/wp-json\/wp\/v2\/pages\/996"}],"wp:attachment":[{"href":"http:\/\/stationdg.cluster015.ovh.net\/en\/wp-json\/wp\/v2\/media?parent=1071"}],"curies":[{"name":"wp","href":"https:\/\/api.w.org\/{rel}","templated":true}]}}