{"id":1028,"date":"2023-09-05T09:56:26","date_gmt":"2023-09-05T07:56:26","guid":{"rendered":"http:\/\/localhost:8888\/hgm\/practical-information\/who-are-we\/"},"modified":"2024-04-04T10:05:52","modified_gmt":"2024-04-04T08:05:52","slug":"who-are-we","status":"publish","type":"page","link":"http:\/\/stationdg.cluster015.ovh.net\/en\/our-dna\/who-are-we\/","title":{"rendered":"Who are we ?"},"content":{"rendered":"<p><span class=\"lead\">Welcome to Haute-Garonne Montagne, your gateway to adventure, nature and emotion in the heart of the Pyrenees. Notre passion pour la montagne et notre d\u00e9vouement envers des exp\u00e9riences de qualit\u00e9 sont au c\u0153ur de tout ce que nous faisons. Come and discover who we are.<br \/>\n<\/span><\/p>\n<blockquote><p>Thank you for trusting us to be part of your memorable moments in the mountains.<\/p><\/blockquote>\n<p><em>The Haute-Garonne Montagne team<\/em><\/p>\n","protected":false},"excerpt":{"rendered":"<p>Welcome to Haute-Garonne Montagne, your gateway to adventure, nature and emotion in the heart of the Pyrenees. Notre passion pour la montagne et notre d\u00e9vouement envers des exp\u00e9riences de qualit\u00e9 [&hellip;]<\/p>\n","protected":false},"author":1,"featured_media":862,"parent":1187,"menu_order":0,"comment_status":"closed","ping_status":"closed","template":"","meta":{"_acf_changed":false,"footnotes":""},"class_list":["post-1028","page","type-page","status-publish","has-post-thumbnail","hentry"],"acf":[],"yoast_head":"<!-- This site is optimized with the Yoast SEO plugin v27.5 - https:\/\/yoast.com\/product\/yoast-seo-wordpress\/ -->\n<title>Who are we? - Haute-Garonne Montagne<\/title>\n<meta name=\"description\" content=\"Who we are: committed to preserving and promoting our heritage and to sustainable, responsible tourism in the heart of the Pyrenees.\" \/>\n<meta name=\"robots\" content=\"index, follow, max-snippet:-1, max-image-preview:large, max-video-preview:-1\" \/>\n<link rel=\"canonical\" href=\"http:\/\/stationdg.cluster015.ovh.net\/en\/our-dna\/who-are-we\/\" \/>\n<meta property=\"og:locale\" content=\"en_US\" \/>\n<meta property=\"og:type\" content=\"article\" \/>\n<meta property=\"og:title\" content=\"Who are we? - Haute-Garonne Montagne\" \/>\n<meta property=\"og:description\" content=\"Who we are: committed to preserving and promoting our heritage and to sustainable, responsible tourism in the heart of the Pyrenees.\" \/>\n<meta property=\"og:url\" content=\"http:\/\/stationdg.cluster015.ovh.net\/en\/our-dna\/who-are-we\/\" \/>\n<meta property=\"og:site_name\" content=\"Haute-Garonne Montagne\" \/>\n<meta property=\"article:modified_time\" content=\"2024-04-04T08:05:52+00:00\" \/>\n<meta property=\"og:image\" content=\"http:\/\/stationdg.cluster015.ovh.net\/wp-content\/uploads\/pisteurs_securite_pyrenees_superbagneresAnais-Bazerque-scaled.jpg\" \/>\n\t<meta property=\"og:image:width\" content=\"2560\" \/>\n\t<meta property=\"og:image:height\" content=\"1707\" \/>\n\t<meta property=\"og:image:type\" content=\"image\/jpeg\" \/>\n<meta name=\"twitter:card\" content=\"summary_large_image\" \/>\n<script type=\"application\/ld+json\" class=\"yoast-schema-graph\">{\"@context\":\"https:\\\/\\\/schema.org\",\"@graph\":[{\"@type\":\"WebPage\",\"@id\":\"http:\\\/\\\/stationdg.cluster015.ovh.net\\\/en\\\/our-dna\\\/who-are-we\\\/\",\"url\":\"http:\\\/\\\/stationdg.cluster015.ovh.net\\\/en\\\/our-dna\\\/who-are-we\\\/\",\"name\":\"Who are we? - Haute-Garonne Montagne\",\"isPartOf\":{\"@id\":\"http:\\\/\\\/stationdg.cluster015.ovh.net\\\/en\\\/#website\"},\"primaryImageOfPage\":{\"@id\":\"http:\\\/\\\/stationdg.cluster015.ovh.net\\\/en\\\/our-dna\\\/who-are-we\\\/#primaryimage\"},\"image\":{\"@id\":\"http:\\\/\\\/stationdg.cluster015.ovh.net\\\/en\\\/our-dna\\\/who-are-we\\\/#primaryimage\"},\"thumbnailUrl\":\"http:\\\/\\\/stationdg.cluster015.ovh.net\\\/wp-content\\\/uploads\\\/pisteurs_securite_pyrenees_superbagneresAnais-Bazerque-scaled.jpg\",\"datePublished\":\"2023-09-05T07:56:26+00:00\",\"dateModified\":\"2024-04-04T08:05:52+00:00\",\"description\":\"Who we are: committed to preserving and promoting our heritage and to sustainable, responsible tourism in the heart of the Pyrenees.\",\"breadcrumb\":{\"@id\":\"http:\\\/\\\/stationdg.cluster015.ovh.net\\\/en\\\/our-dna\\\/who-are-we\\\/#breadcrumb\"},\"inLanguage\":\"en-US\",\"potentialAction\":[{\"@type\":\"ReadAction\",\"target\":[\"http:\\\/\\\/stationdg.cluster015.ovh.net\\\/en\\\/our-dna\\\/who-are-we\\\/\"]}]},{\"@type\":\"ImageObject\",\"inLanguage\":\"en-US\",\"@id\":\"http:\\\/\\\/stationdg.cluster015.ovh.net\\\/en\\\/our-dna\\\/who-are-we\\\/#primaryimage\",\"url\":\"http:\\\/\\\/stationdg.cluster015.ovh.net\\\/wp-content\\\/uploads\\\/pisteurs_securite_pyrenees_superbagneresAnais-Bazerque-scaled.jpg\",\"contentUrl\":\"http:\\\/\\\/stationdg.cluster015.ovh.net\\\/wp-content\\\/uploads\\\/pisteurs_securite_pyrenees_superbagneresAnais-Bazerque-scaled.jpg\",\"width\":2560,\"height\":1707},{\"@type\":\"BreadcrumbList\",\"@id\":\"http:\\\/\\\/stationdg.cluster015.ovh.net\\\/en\\\/our-dna\\\/who-are-we\\\/#breadcrumb\",\"itemListElement\":[{\"@type\":\"ListItem\",\"position\":1,\"name\":\"Accueil\",\"item\":\"http:\\\/\\\/stationdg.cluster015.ovh.net\\\/en\\\/\"},{\"@type\":\"ListItem\",\"position\":2,\"name\":\"Our DNA\",\"item\":\"http:\\\/\\\/stationdg.cluster015.ovh.net\\\/en\\\/our-dna\\\/\"},{\"@type\":\"ListItem\",\"position\":3,\"name\":\"Who are we ?\"}]},{\"@type\":\"WebSite\",\"@id\":\"http:\\\/\\\/stationdg.cluster015.ovh.net\\\/en\\\/#website\",\"url\":\"http:\\\/\\\/stationdg.cluster015.ovh.net\\\/en\\\/\",\"name\":\"Haute-Garonne Montagne\",\"description\":\"Luchon-Superbagn\u00e8res - Le Mourtis - Bourg d&#039;Oueil\",\"publisher\":{\"@id\":\"http:\\\/\\\/stationdg.cluster015.ovh.net\\\/en\\\/#organization\"},\"potentialAction\":[{\"@type\":\"SearchAction\",\"target\":{\"@type\":\"EntryPoint\",\"urlTemplate\":\"http:\\\/\\\/stationdg.cluster015.ovh.net\\\/en\\\/?s={search_term_string}\"},\"query-input\":{\"@type\":\"PropertyValueSpecification\",\"valueRequired\":true,\"valueName\":\"search_term_string\"}}],\"inLanguage\":\"en-US\"},{\"@type\":\"Organization\",\"@id\":\"http:\\\/\\\/stationdg.cluster015.ovh.net\\\/en\\\/#organization\",\"name\":\"Haute-Garonne Montagne\",\"url\":\"http:\\\/\\\/stationdg.cluster015.ovh.net\\\/en\\\/\",\"logo\":{\"@type\":\"ImageObject\",\"inLanguage\":\"en-US\",\"@id\":\"http:\\\/\\\/stationdg.cluster015.ovh.net\\\/en\\\/#\\\/schema\\\/logo\\\/image\\\/\",\"url\":\"https:\\\/\\\/haute-garonne-montagne.com\\\/wp-content\\\/uploads\\\/logo-hgm.png\",\"contentUrl\":\"https:\\\/\\\/haute-garonne-montagne.com\\\/wp-content\\\/uploads\\\/logo-hgm.png\",\"width\":520,\"height\":520,\"caption\":\"Haute-Garonne Montagne\"},\"image\":{\"@id\":\"http:\\\/\\\/stationdg.cluster015.ovh.net\\\/en\\\/#\\\/schema\\\/logo\\\/image\\\/\"}}]}<\/script>\n<!-- \/ Yoast SEO plugin. -->","yoast_head_json":{"title":"Who are we? - Haute-Garonne Montagne","description":"Who we are: committed to preserving and promoting our heritage and to sustainable, responsible tourism in the heart of the Pyrenees.","robots":{"index":"index","follow":"follow","max-snippet":"max-snippet:-1","max-image-preview":"max-image-preview:large","max-video-preview":"max-video-preview:-1"},"canonical":"http:\/\/stationdg.cluster015.ovh.net\/en\/our-dna\/who-are-we\/","og_locale":"en_US","og_type":"article","og_title":"Who are we? - Haute-Garonne Montagne","og_description":"Who we are: committed to preserving and promoting our heritage and to sustainable, responsible tourism in the heart of the Pyrenees.","og_url":"http:\/\/stationdg.cluster015.ovh.net\/en\/our-dna\/who-are-we\/","og_site_name":"Haute-Garonne Montagne","article_modified_time":"2024-04-04T08:05:52+00:00","og_image":[{"width":2560,"height":1707,"url":"http:\/\/stationdg.cluster015.ovh.net\/wp-content\/uploads\/pisteurs_securite_pyrenees_superbagneresAnais-Bazerque-scaled.jpg","type":"image\/jpeg"}],"twitter_card":"summary_large_image","schema":{"@context":"https:\/\/schema.org","@graph":[{"@type":"WebPage","@id":"http:\/\/stationdg.cluster015.ovh.net\/en\/our-dna\/who-are-we\/","url":"http:\/\/stationdg.cluster015.ovh.net\/en\/our-dna\/who-are-we\/","name":"Who are we? - Haute-Garonne Montagne","isPartOf":{"@id":"http:\/\/stationdg.cluster015.ovh.net\/en\/#website"},"primaryImageOfPage":{"@id":"http:\/\/stationdg.cluster015.ovh.net\/en\/our-dna\/who-are-we\/#primaryimage"},"image":{"@id":"http:\/\/stationdg.cluster015.ovh.net\/en\/our-dna\/who-are-we\/#primaryimage"},"thumbnailUrl":"http:\/\/stationdg.cluster015.ovh.net\/wp-content\/uploads\/pisteurs_securite_pyrenees_superbagneresAnais-Bazerque-scaled.jpg","datePublished":"2023-09-05T07:56:26+00:00","dateModified":"2024-04-04T08:05:52+00:00","description":"Who we are: committed to preserving and promoting our heritage and to sustainable, responsible tourism in the heart of the Pyrenees.","breadcrumb":{"@id":"http:\/\/stationdg.cluster015.ovh.net\/en\/our-dna\/who-are-we\/#breadcrumb"},"inLanguage":"en-US","potentialAction":[{"@type":"ReadAction","target":["http:\/\/stationdg.cluster015.ovh.net\/en\/our-dna\/who-are-we\/"]}]},{"@type":"ImageObject","inLanguage":"en-US","@id":"http:\/\/stationdg.cluster015.ovh.net\/en\/our-dna\/who-are-we\/#primaryimage","url":"http:\/\/stationdg.cluster015.ovh.net\/wp-content\/uploads\/pisteurs_securite_pyrenees_superbagneresAnais-Bazerque-scaled.jpg","contentUrl":"http:\/\/stationdg.cluster015.ovh.net\/wp-content\/uploads\/pisteurs_securite_pyrenees_superbagneresAnais-Bazerque-scaled.jpg","width":2560,"height":1707},{"@type":"BreadcrumbList","@id":"http:\/\/stationdg.cluster015.ovh.net\/en\/our-dna\/who-are-we\/#breadcrumb","itemListElement":[{"@type":"ListItem","position":1,"name":"Accueil","item":"http:\/\/stationdg.cluster015.ovh.net\/en\/"},{"@type":"ListItem","position":2,"name":"Our DNA","item":"http:\/\/stationdg.cluster015.ovh.net\/en\/our-dna\/"},{"@type":"ListItem","position":3,"name":"Who are we ?"}]},{"@type":"WebSite","@id":"http:\/\/stationdg.cluster015.ovh.net\/en\/#website","url":"http:\/\/stationdg.cluster015.ovh.net\/en\/","name":"Haute-Garonne Montagne","description":"Luchon-Superbagn\u00e8res - Le Mourtis - Bourg d&#039;Oueil","publisher":{"@id":"http:\/\/stationdg.cluster015.ovh.net\/en\/#organization"},"potentialAction":[{"@type":"SearchAction","target":{"@type":"EntryPoint","urlTemplate":"http:\/\/stationdg.cluster015.ovh.net\/en\/?s={search_term_string}"},"query-input":{"@type":"PropertyValueSpecification","valueRequired":true,"valueName":"search_term_string"}}],"inLanguage":"en-US"},{"@type":"Organization","@id":"http:\/\/stationdg.cluster015.ovh.net\/en\/#organization","name":"Haute-Garonne Montagne","url":"http:\/\/stationdg.cluster015.ovh.net\/en\/","logo":{"@type":"ImageObject","inLanguage":"en-US","@id":"http:\/\/stationdg.cluster015.ovh.net\/en\/#\/schema\/logo\/image\/","url":"https:\/\/haute-garonne-montagne.com\/wp-content\/uploads\/logo-hgm.png","contentUrl":"https:\/\/haute-garonne-montagne.com\/wp-content\/uploads\/logo-hgm.png","width":520,"height":520,"caption":"Haute-Garonne Montagne"},"image":{"@id":"http:\/\/stationdg.cluster015.ovh.net\/en\/#\/schema\/logo\/image\/"}}]}},"_links":{"self":[{"href":"http:\/\/stationdg.cluster015.ovh.net\/en\/wp-json\/wp\/v2\/pages\/1028","targetHints":{"allow":["GET"]}}],"collection":[{"href":"http:\/\/stationdg.cluster015.ovh.net\/en\/wp-json\/wp\/v2\/pages"}],"about":[{"href":"http:\/\/stationdg.cluster015.ovh.net\/en\/wp-json\/wp\/v2\/types\/page"}],"author":[{"embeddable":true,"href":"http:\/\/stationdg.cluster015.ovh.net\/en\/wp-json\/wp\/v2\/users\/1"}],"replies":[{"embeddable":true,"href":"http:\/\/stationdg.cluster015.ovh.net\/en\/wp-json\/wp\/v2\/comments?post=1028"}],"version-history":[{"count":0,"href":"http:\/\/stationdg.cluster015.ovh.net\/en\/wp-json\/wp\/v2\/pages\/1028\/revisions"}],"up":[{"embeddable":true,"href":"http:\/\/stationdg.cluster015.ovh.net\/en\/wp-json\/wp\/v2\/pages\/1187"}],"wp:featuredmedia":[{"embeddable":true,"href":"http:\/\/stationdg.cluster015.ovh.net\/en\/wp-json\/wp\/v2\/media\/862"}],"wp:attachment":[{"href":"http:\/\/stationdg.cluster015.ovh.net\/en\/wp-json\/wp\/v2\/media?parent=1028"}],"curies":[{"name":"wp","href":"https:\/\/api.w.org\/{rel}","templated":true}]}}